{"id":66,"date":"2017-11-23T15:57:48","date_gmt":"2017-11-23T15:57:48","guid":{"rendered":"http:\/\/website.mountainow.net\/?page_id=66"},"modified":"2023-06-17T16:09:54","modified_gmt":"2023-06-17T16:09:54","slug":"raccomandazioni","status":"publish","type":"page","link":"https:\/\/www.mountainow.net\/it\/sicurezza\/raccomandazioni\/","title":{"rendered":"Raccomandazioni"},"content":{"rendered":"<div id=\"pl-66\"  class=\"panel-layout\" ><div id=\"pg-66-0\"  class=\"panel-grid panel-has-style\" ><div class=\"hide-title no-content-margin wider-row page-layout panel-row-style panel-row-style-for-66-0\" ><div id=\"pgc-66-0-0\"  class=\"panel-grid-cell\" ><div id=\"panel-66-0-0-0\" class=\"so-panel widget widget_sow-editor panel-first-child panel-last-child\" data-index=\"0\" ><div class=\"mountain-headline panel-widget-style panel-widget-style-for-66-0-0-0\" ><div\n\t\t\t\n\t\t\tclass=\"so-widget-sow-editor so-widget-sow-editor-base\"\n\t\t\t\n\t\t>\n<div class=\"siteorigin-widget-tinymce textwidget\">\n\t<h1>Raccomandazioni<\/h1>\n<h3>MountaiNow - Safer Together<\/h3>\n<\/div>\n<\/div><\/div><\/div><\/div><\/div><\/div><div id=\"pg-66-1\"  class=\"panel-grid panel-has-style\" ><div class=\"page-layout panel-row-style panel-row-style-for-66-1\" ><div id=\"pgc-66-1-0\"  class=\"panel-grid-cell\" ><div id=\"panel-66-1-0-0\" class=\"so-panel widget widget_sow-image panel-first-child\" data-index=\"1\" ><div\n\t\t\t\n\t\t\tclass=\"so-widget-sow-image so-widget-sow-image-default-a258e6bfa2d8-66\"\n\t\t\t\n\t\t>\n\n<div class=\"sow-image-container\">\n\t\t<img src=\"https:\/\/www.mountainow.net\/wp-content\/uploads\/2017\/11\/mountainow-sicurezza-header.jpg\" width=\"960\" height=\"400\" srcset=\"https:\/\/www.mountainow.net\/wp-content\/uploads\/2017\/11\/mountainow-sicurezza-header.jpg 960w, https:\/\/www.mountainow.net\/wp-content\/uploads\/2017\/11\/mountainow-sicurezza-header-300x125.jpg 300w, https:\/\/www.mountainow.net\/wp-content\/uploads\/2017\/11\/mountainow-sicurezza-header-768x320.jpg 768w\" sizes=\"(max-width: 960px) 100vw, 960px\" alt=\"MountaiNow - Sicurezza\" loading=\"lazy\" \t\tclass=\"so-widget-image\"\/>\n\t<\/div>\n\n<\/div><\/div><div id=\"panel-66-1-0-1\" class=\"so-panel widget widget_sow-editor panel-last-child\" data-index=\"2\" ><div class=\"orange panel-widget-style panel-widget-style-for-66-1-0-1\" ><div\n\t\t\t\n\t\t\tclass=\"so-widget-sow-editor so-widget-sow-editor-base\"\n\t\t\t\n\t\t>\n<div class=\"siteorigin-widget-tinymce textwidget\">\n\t<p><span lang=\"FR\">MountaiNow ha lo scopo di fornire il maggior numero possibile di informazioni sulle pi\u00f9 recenti condizioni presenti in montagna, in maniera la pi\u00f9 precisa possibile <\/span><span lang=\"FR\">geograficamente.<\/span><\/p>\n<p><span lang=\"FR\">Anche se MountaiNow pu\u00f2 essere utilizzato dappertutto nel mondo, il suo funzionamento e la sua pertinenza sono per ora\u00a0ottimizzati per le Alpi.<\/span><\/p>\n<p><span lang=\"FR\">MountaiNow \u00e8 un \u201caiuto alla decisione\u201d particolarmente adatto alle fasi preparatorie e, ove possibile, di realizzazione di una escursione.<\/span><\/p>\n<p><span lang=\"FR\">MountaiNow non ha, in ogni caso, nessuna vocazione a sostituirsi all\u2019analisi approfondita necessaria alla buona preparazione e gestione di una escursione che deve includere, tra gli altri <\/span><span lang=\"FR\">(vedere, per esempio, il metodo 3 x 3):<\/span><\/p>\n<ul>\n<li>difficolt\u00e0 tecniche<\/li>\n<li><span lang=\"FR\">le condizioni meteo<\/span><\/li>\n<li><span lang=\"FR\">i pi\u00f9 recenti bollettini delle valanghe e della neve<\/span><\/li>\n<li><span lang=\"FR\">uno studio dettagliato del terreno <\/span><\/li>\n<li><span lang=\"FR\">il fattore umano<\/span><\/li>\n<\/ul>\n<p>Nulla pu\u00f2 rimpiazzare l\u2019analisi personale fatta sul terreno che spesso suggerir\u00e0 di aggiustare o abbandonare l\u2019obiettivo iniziale.<\/p>\n<p><strong>Attenzione: \u201cVERDE\" non significa \u201cFACILE\u201d!<\/strong><\/p>\n<p>Una traccia verde pu\u00f2 risultare molto difficile da fare tecnicamente; vedere <a href=\"\/introduzione\/quick-start\/\" rel=\"noopener\">Quick Start<\/a><\/p>\n<\/div>\n<\/div><\/div><\/div><\/div><div id=\"pgc-66-1-1\"  class=\"panel-grid-cell\" >\t\t\t\n\t\t\t<aside class=\"widgetized-sidebar\">\n\t\t\t\t\t\t\t<section id=\"seccarouselwidget-2\" class=\"widget seCcarouselWidget\"><div class='custom-post-carousel'><h2 class='carousel-heading'>Comunit\u00e0<\/h2><div class='no-carousel se-ccarousel'>\t\t\t\t\t\t\r\n\t\t\t\t\t\t<div class=\"carousel-item se-ccarousel-item\">\r\n\t\t\t\t\t\t\t<div class=\"item-header\">\r\n\t\t\t\t\t\t\t\t<a href=\"http:\/\/www.sac-cas.ch\/en.html\" title=\"Swiss Alpine Club\" target='_blank'>\r\n\t\t\t\t\t\t\t\t<img class=\"menu-image-img\" src=\"https:\/\/www.mountainow.net\/wp-content\/uploads\/2017\/11\/schweizen-alpen-club-logo-300x130.png\" alt=\"Swiss Alpine Club\" \/>\r\n\t\t\t\t\t\t\t\t<\/a>\r\n\t\t\t\t\t\t\t<\/div>\r\n\t\t\t\t\t\t\t<a class=\"item-overlay\" href=\"http:\/\/www.sac-cas.ch\/en.html\" title=\"Swiss Alpine Club\" target='_blank'>\r\n\t\t\t\t\t\t\t<span class=\"item-content\">\r\n\t\t\t\t\t\t\t\t<h4 class=\"item-title\">Swiss Alpine Club<\/h4>\r\n\t\t\t\t\t\t\t\t<p class=\"item-desc\"><\/p>\r\n\t\t\t\t\t\t\t<\/span>\r\n\t\t\t\t\t\t\t<\/a>\r\n\t\t\t\t\t\t<\/div>\r\n\t\t\t\t\t\t\t\r\n\t\t\t\t\t\t\t\t\t\t\r\n\t\t\t\t\t\t<div class=\"carousel-item se-ccarousel-item\">\r\n\t\t\t\t\t\t\t<div class=\"item-header\">\r\n\t\t\t\t\t\t\t\t<a href=\"http:\/\/www.cai.it\/\" title=\"\" target='_blank'>\r\n\t\t\t\t\t\t\t\t<img class=\"menu-image-img\" src=\"https:\/\/www.mountainow.net\/wp-content\/uploads\/2017\/11\/club-alpino-italiano-logo-300x246.png\" alt=\"\" \/>\r\n\t\t\t\t\t\t\t\t<\/a>\r\n\t\t\t\t\t\t\t<\/div>\r\n\t\t\t\t\t\t\t<a class=\"item-overlay\" href=\"http:\/\/www.cai.it\/\" title=\"\" target='_blank'>\r\n\t\t\t\t\t\t\t<span class=\"item-content\">\r\n\t\t\t\t\t\t\t\t<h4 class=\"item-title\"><\/h4>\r\n\t\t\t\t\t\t\t\t<p class=\"item-desc\"><\/p>\r\n\t\t\t\t\t\t\t<\/span>\r\n\t\t\t\t\t\t\t<\/a>\r\n\t\t\t\t\t\t<\/div>\r\n\t\t\t\t\t\t\t\r\n\t\t\t\t\t\t\t\t\t\t\r\n\t\t\t\t\t\t<div class=\"carousel-item se-ccarousel-item\">\r\n\t\t\t\t\t\t\t<div class=\"item-header\">\r\n\t\t\t\t\t\t\t\t<a href=\"http:\/\/www.clubalpin-chamonix.com\/\" title=\"\" target='_blank'>\r\n\t\t\t\t\t\t\t\t<img class=\"menu-image-img\" src=\"https:\/\/www.mountainow.net\/wp-content\/uploads\/2017\/11\/caf-chamonix-logo.jpg\" alt=\"\" \/>\r\n\t\t\t\t\t\t\t\t<\/a>\r\n\t\t\t\t\t\t\t<\/div>\r\n\t\t\t\t\t\t\t<a class=\"item-overlay\" href=\"http:\/\/www.clubalpin-chamonix.com\/\" title=\"\" target='_blank'>\r\n\t\t\t\t\t\t\t<span class=\"item-content\">\r\n\t\t\t\t\t\t\t\t<h4 class=\"item-title\"><\/h4>\r\n\t\t\t\t\t\t\t\t<p class=\"item-desc\"><\/p>\r\n\t\t\t\t\t\t\t<\/span>\r\n\t\t\t\t\t\t\t<\/a>\r\n\t\t\t\t\t\t<\/div>\r\n\t\t\t\t\t\t\t\r\n\t\t\t\t\t\t\t\t\t\t\r\n\t\t\t\t\t\t<div class=\"carousel-item se-ccarousel-item\">\r\n\t\t\t\t\t\t\t<div class=\"item-header\">\r\n\t\t\t\t\t\t\t\t<a href=\"https:\/\/www.glamos.ch\/en\" title=\"\" target='_blank'>\r\n\t\t\t\t\t\t\t\t<img class=\"menu-image-img\" src=\"https:\/\/www.mountainow.net\/wp-content\/uploads\/2020\/09\/LogoGLAMOS-300x64.png\" alt=\"\" \/>\r\n\t\t\t\t\t\t\t\t<\/a>\r\n\t\t\t\t\t\t\t<\/div>\r\n\t\t\t\t\t\t\t<a class=\"item-overlay\" href=\"https:\/\/www.glamos.ch\/en\" title=\"\" target='_blank'>\r\n\t\t\t\t\t\t\t<span class=\"item-content\">\r\n\t\t\t\t\t\t\t\t<h4 class=\"item-title\"><\/h4>\r\n\t\t\t\t\t\t\t\t<p class=\"item-desc\"><\/p>\r\n\t\t\t\t\t\t\t<\/span>\r\n\t\t\t\t\t\t\t<\/a>\r\n\t\t\t\t\t\t<\/div>\r\n\t\t\t\t\t\t\t\r\n\t\t\t\t\t\t\t\t\t\t\r\n\t\t\t\t\t\t<div class=\"carousel-item se-ccarousel-item\">\r\n\t\t\t\t\t\t\t<div class=\"item-header\">\r\n\t\t\t\t\t\t\t\t<a href=\"http:\/\/www.permos.ch\/\" title=\"\" target='_blank'>\r\n\t\t\t\t\t\t\t\t<img class=\"menu-image-img\" src=\"https:\/\/www.mountainow.net\/wp-content\/uploads\/2020\/09\/PERMOS_Logo2010_text-300x67.png\" alt=\"\" \/>\r\n\t\t\t\t\t\t\t\t<\/a>\r\n\t\t\t\t\t\t\t<\/div>\r\n\t\t\t\t\t\t\t<a class=\"item-overlay\" href=\"http:\/\/www.permos.ch\/\" title=\"\" target='_blank'>\r\n\t\t\t\t\t\t\t<span class=\"item-content\">\r\n\t\t\t\t\t\t\t\t<h4 class=\"item-title\"><\/h4>\r\n\t\t\t\t\t\t\t\t<p class=\"item-desc\"><\/p>\r\n\t\t\t\t\t\t\t<\/span>\r\n\t\t\t\t\t\t\t<\/a>\r\n\t\t\t\t\t\t<\/div>\r\n\t\t\t\t\t\t\t\r\n\t\t\t\t\t\t\t\t\t\t\r\n\t\t\t\t\t\t<div class=\"carousel-item se-ccarousel-item\">\r\n\t\t\t\t\t\t\t<div class=\"item-header\">\r\n\t\t\t\t\t\t\t\t<a href=\"https:\/\/www.baechli-bergsport.ch\/\" title=\"\" >\r\n\t\t\t\t\t\t\t\t<img class=\"menu-image-img\" src=\"https:\/\/www.mountainow.net\/wp-content\/uploads\/2021\/06\/baechli_square.jpg\" alt=\"\" \/>\r\n\t\t\t\t\t\t\t\t<\/a>\r\n\t\t\t\t\t\t\t<\/div>\r\n\t\t\t\t\t\t\t<a class=\"item-overlay\" href=\"https:\/\/www.baechli-bergsport.ch\/\" title=\"\" >\r\n\t\t\t\t\t\t\t<span class=\"item-content\">\r\n\t\t\t\t\t\t\t\t<h4 class=\"item-title\"><\/h4>\r\n\t\t\t\t\t\t\t\t<p class=\"item-desc\"><\/p>\r\n\t\t\t\t\t\t\t<\/span>\r\n\t\t\t\t\t\t\t<\/a>\r\n\t\t\t\t\t\t<\/div>\r\n\t\t\t\t\t\t\t\r\n\t\t\t\t\t\t\t\t\t\t\r\n\t\t\t\t\t\t<div class=\"carousel-item se-ccarousel-item\">\r\n\t\t\t\t\t\t\t<div class=\"item-header\">\r\n\t\t\t\t\t\t\t\t<a href=\"https:\/\/sportescalade.com\/\" title=\"\" target='_blank'>\r\n\t\t\t\t\t\t\t\t<img class=\"menu-image-img\" src=\"https:\/\/www.mountainow.net\/wp-content\/uploads\/2017\/11\/logo-sport-escalade-1-300x104.png\" alt=\"\" \/>\r\n\t\t\t\t\t\t\t\t<\/a>\r\n\t\t\t\t\t\t\t<\/div>\r\n\t\t\t\t\t\t\t<a class=\"item-overlay\" href=\"https:\/\/sportescalade.com\/\" title=\"\" target='_blank'>\r\n\t\t\t\t\t\t\t<span class=\"item-content\">\r\n\t\t\t\t\t\t\t\t<h4 class=\"item-title\"><\/h4>\r\n\t\t\t\t\t\t\t\t<p class=\"item-desc\"><\/p>\r\n\t\t\t\t\t\t\t<\/span>\r\n\t\t\t\t\t\t\t<\/a>\r\n\t\t\t\t\t\t<\/div>\r\n\t\t\t\t\t\t\t\r\n\t\t\t\t\t\t\t\t\t\t\r\n\t\t\t\t\t\t<div class=\"carousel-item se-ccarousel-item\">\r\n\t\t\t\t\t\t\t<div class=\"item-header\">\r\n\t\t\t\t\t\t\t\t<a href=\"https:\/\/www.kilianjornetfoundation.org\/\" title=\"\" target='_blank'>\r\n\t\t\t\t\t\t\t\t<img class=\"menu-image-img\" src=\"https:\/\/www.mountainow.net\/wp-content\/uploads\/2021\/05\/logo-dark-300x96.png\" alt=\"\" \/>\r\n\t\t\t\t\t\t\t\t<\/a>\r\n\t\t\t\t\t\t\t<\/div>\r\n\t\t\t\t\t\t\t<a class=\"item-overlay\" href=\"https:\/\/www.kilianjornetfoundation.org\/\" title=\"\" target='_blank'>\r\n\t\t\t\t\t\t\t<span class=\"item-content\">\r\n\t\t\t\t\t\t\t\t<h4 class=\"item-title\"><\/h4>\r\n\t\t\t\t\t\t\t\t<p class=\"item-desc\"><\/p>\r\n\t\t\t\t\t\t\t<\/span>\r\n\t\t\t\t\t\t\t<\/a>\r\n\t\t\t\t\t\t<\/div>\r\n\t\t\t\t\t\t\t\r\n\t\t\t\t\t\t\t\t\t\t\r\n\t\t\t\t\t\t<div class=\"carousel-item se-ccarousel-item\">\r\n\t\t\t\t\t\t\t<div class=\"item-header\">\r\n\t\t\t\t\t\t\t\t<a href=\"https:\/\/edytem.cnrs.fr\/\" title=\"\" target='_blank'>\r\n\t\t\t\t\t\t\t\t<img class=\"menu-image-img\" src=\"https:\/\/www.mountainow.net\/wp-content\/uploads\/2021\/05\/logo-EDYTEM-300x124.jpeg\" alt=\"\" \/>\r\n\t\t\t\t\t\t\t\t<\/a>\r\n\t\t\t\t\t\t\t<\/div>\r\n\t\t\t\t\t\t\t<a class=\"item-overlay\" href=\"https:\/\/edytem.cnrs.fr\/\" title=\"\" target='_blank'>\r\n\t\t\t\t\t\t\t<span class=\"item-content\">\r\n\t\t\t\t\t\t\t\t<h4 class=\"item-title\"><\/h4>\r\n\t\t\t\t\t\t\t\t<p class=\"item-desc\"><\/p>\r\n\t\t\t\t\t\t\t<\/span>\r\n\t\t\t\t\t\t\t<\/a>\r\n\t\t\t\t\t\t<\/div>\r\n\t\t\t\t\t\t\t\r\n\t\t\t\t\t\t\t\t\t\t\r\n\t\t\t\t\t\t<div class=\"carousel-item se-ccarousel-item\">\r\n\t\t\t\t\t\t\t<div class=\"item-header\">\r\n\t\t\t\t\t\t\t\t<a href=\"http:\/\/www.glaciologia.it\/en\/i-ghiacciai-italiani\/\" title=\"\" target='_blank'>\r\n\t\t\t\t\t\t\t\t<img class=\"menu-image-img\" src=\"https:\/\/www.mountainow.net\/wp-content\/uploads\/2017\/11\/Italian-Glac-Committtee-300x114.png\" alt=\"\" \/>\r\n\t\t\t\t\t\t\t\t<\/a>\r\n\t\t\t\t\t\t\t<\/div>\r\n\t\t\t\t\t\t\t<a class=\"item-overlay\" href=\"http:\/\/www.glaciologia.it\/en\/i-ghiacciai-italiani\/\" title=\"\" target='_blank'>\r\n\t\t\t\t\t\t\t<span class=\"item-content\">\r\n\t\t\t\t\t\t\t\t<h4 class=\"item-title\"><\/h4>\r\n\t\t\t\t\t\t\t\t<p class=\"item-desc\"><\/p>\r\n\t\t\t\t\t\t\t<\/span>\r\n\t\t\t\t\t\t\t<\/a>\r\n\t\t\t\t\t\t<\/div>\r\n\t\t\t\t\t\t\t\r\n\t\t\t\t\t\t\t\t\t\t\r\n\t\t\t\t\t\t<div class=\"carousel-item se-ccarousel-item\">\r\n\t\t\t\t\t\t\t<div class=\"item-header\">\r\n\t\t\t\t\t\t\t\t<a href=\"http:\/\/www.pngp.it\/en\" title=\"\" target='_blank'>\r\n\t\t\t\t\t\t\t\t<img class=\"menu-image-img\" src=\"https:\/\/www.mountainow.net\/wp-content\/uploads\/2017\/11\/parco-nazionale-gran-paradiso-300x231.png\" alt=\"\" \/>\r\n\t\t\t\t\t\t\t\t<\/a>\r\n\t\t\t\t\t\t\t<\/div>\r\n\t\t\t\t\t\t\t<a class=\"item-overlay\" href=\"http:\/\/www.pngp.it\/en\" title=\"\" target='_blank'>\r\n\t\t\t\t\t\t\t<span class=\"item-content\">\r\n\t\t\t\t\t\t\t\t<h4 class=\"item-title\"><\/h4>\r\n\t\t\t\t\t\t\t\t<p class=\"item-desc\"><\/p>\r\n\t\t\t\t\t\t\t<\/span>\r\n\t\t\t\t\t\t\t<\/a>\r\n\t\t\t\t\t\t<\/div>\r\n\t\t\t\t\t\t\t\r\n\t\t\t\t\t\t\t\t\t\t\r\n\t\t\t\t\t\t<div class=\"carousel-item se-ccarousel-item\">\r\n\t\t\t\t\t\t\t<div class=\"item-header\">\r\n\t\t\t\t\t\t\t\t<a href=\"http:\/\/www.parconazionale5terre.it\/\" title=\"\" >\r\n\t\t\t\t\t\t\t\t<img class=\"menu-image-img\" src=\"https:\/\/www.mountainow.net\/wp-content\/uploads\/2017\/11\/logo5terre-300x63.png\" alt=\"\" \/>\r\n\t\t\t\t\t\t\t\t<\/a>\r\n\t\t\t\t\t\t\t<\/div>\r\n\t\t\t\t\t\t\t<a class=\"item-overlay\" href=\"http:\/\/www.parconazionale5terre.it\/\" title=\"\" >\r\n\t\t\t\t\t\t\t<span class=\"item-content\">\r\n\t\t\t\t\t\t\t\t<h4 class=\"item-title\"><\/h4>\r\n\t\t\t\t\t\t\t\t<p class=\"item-desc\"><\/p>\r\n\t\t\t\t\t\t\t<\/span>\r\n\t\t\t\t\t\t\t<\/a>\r\n\t\t\t\t\t\t<\/div>\r\n\t\t\t\t\t\t\t\r\n\t\t\t\t\t\t\t\t\t\t\r\n\t\t\t\t\t\t<div class=\"carousel-item se-ccarousel-item\">\r\n\t\t\t\t\t\t\t<div class=\"item-header\">\r\n\t\t\t\t\t\t\t\t<a href=\"https:\/\/www.meteoswiss.admin.ch\/home\/research-and-cooperation\/international-cooperation\/gcos.html\" title=\"\" target='_blank'>\r\n\t\t\t\t\t\t\t\t<img class=\"menu-image-img\" src=\"https:\/\/www.mountainow.net\/wp-content\/uploads\/2017\/11\/Kompakt_BK_AMT_DE-FR-IT_36mm-300x263.jpg\" alt=\"\" \/>\r\n\t\t\t\t\t\t\t\t<\/a>\r\n\t\t\t\t\t\t\t<\/div>\r\n\t\t\t\t\t\t\t<a class=\"item-overlay\" href=\"https:\/\/www.meteoswiss.admin.ch\/home\/research-and-cooperation\/international-cooperation\/gcos.html\" title=\"\" target='_blank'>\r\n\t\t\t\t\t\t\t<span class=\"item-content\">\r\n\t\t\t\t\t\t\t\t<h4 class=\"item-title\"><\/h4>\r\n\t\t\t\t\t\t\t\t<p class=\"item-desc\"><\/p>\r\n\t\t\t\t\t\t\t<\/span>\r\n\t\t\t\t\t\t\t<\/a>\r\n\t\t\t\t\t\t<\/div>\r\n\t\t\t\t\t\t\t\r\n\t\t\t\t\t\t\t\t\t\t\r\n\t\t\t\t\t\t<div class=\"carousel-item se-ccarousel-item\">\r\n\t\t\t\t\t\t\t<div class=\"item-header\">\r\n\t\t\t\t\t\t\t\t<a href=\"https:\/\/www.bfu.ch\/\" title=\"\" >\r\n\t\t\t\t\t\t\t\t<img class=\"menu-image-img\" src=\"\" alt=\"\" \/>\r\n\t\t\t\t\t\t\t\t<\/a>\r\n\t\t\t\t\t\t\t<\/div>\r\n\t\t\t\t\t\t\t<a class=\"item-overlay\" href=\"https:\/\/www.bfu.ch\/\" title=\"\" >\r\n\t\t\t\t\t\t\t<span class=\"item-content\">\r\n\t\t\t\t\t\t\t\t<h4 class=\"item-title\"><\/h4>\r\n\t\t\t\t\t\t\t\t<p class=\"item-desc\"><\/p>\r\n\t\t\t\t\t\t\t<\/span>\r\n\t\t\t\t\t\t\t<\/a>\r\n\t\t\t\t\t\t<\/div>\r\n\t\t\t\t\t\t\t\r\n\t\t\t\t\t\t\t\t\t\t\r\n\t\t\t\t\t\t<div class=\"carousel-item se-ccarousel-item\">\r\n\t\t\t\t\t\t\t<div class=\"item-header\">\r\n\t\t\t\t\t\t\t\t<a href=\"https:\/\/www.planetek.it\/\" title=\"\" target='_blank'>\r\n\t\t\t\t\t\t\t\t<img class=\"menu-image-img\" src=\"https:\/\/www.mountainow.net\/wp-content\/uploads\/2017\/11\/Planetek_logo-300x160.jpg\" alt=\"\" \/>\r\n\t\t\t\t\t\t\t\t<\/a>\r\n\t\t\t\t\t\t\t<\/div>\r\n\t\t\t\t\t\t\t<a class=\"item-overlay\" href=\"https:\/\/www.planetek.it\/\" title=\"\" target='_blank'>\r\n\t\t\t\t\t\t\t<span class=\"item-content\">\r\n\t\t\t\t\t\t\t\t<h4 class=\"item-title\"><\/h4>\r\n\t\t\t\t\t\t\t\t<p class=\"item-desc\"><\/p>\r\n\t\t\t\t\t\t\t<\/span>\r\n\t\t\t\t\t\t\t<\/a>\r\n\t\t\t\t\t\t<\/div>\r\n\t\t\t\t\t\t\t\r\n\t\t\t\t\t\t\t\t\t\t\r\n\t\t\t\t\t\t<div class=\"carousel-item se-ccarousel-item\">\r\n\t\t\t\t\t\t\t<div class=\"item-header\">\r\n\t\t\t\t\t\t\t\t<a href=\"https:\/\/www.applica.guru\/\" title=\"\" target='_blank'>\r\n\t\t\t\t\t\t\t\t<img class=\"menu-image-img\" src=\"https:\/\/www.mountainow.net\/wp-content\/uploads\/2017\/11\/Applica_header_logo.png\" alt=\"\" \/>\r\n\t\t\t\t\t\t\t\t<\/a>\r\n\t\t\t\t\t\t\t<\/div>\r\n\t\t\t\t\t\t\t<a class=\"item-overlay\" href=\"https:\/\/www.applica.guru\/\" title=\"\" target='_blank'>\r\n\t\t\t\t\t\t\t<span class=\"item-content\">\r\n\t\t\t\t\t\t\t\t<h4 class=\"item-title\"><\/h4>\r\n\t\t\t\t\t\t\t\t<p class=\"item-desc\"><\/p>\r\n\t\t\t\t\t\t\t<\/span>\r\n\t\t\t\t\t\t\t<\/a>\r\n\t\t\t\t\t\t<\/div>\r\n\t\t\t\t\t\t\t\r\n\t\t\t\t\t\t\t\t\t\t\r\n\t\t\t\t\t\t<div class=\"carousel-item se-ccarousel-item\">\r\n\t\t\t\t\t\t\t<div class=\"item-header\">\r\n\t\t\t\t\t\t\t\t<a href=\"https:\/\/www.exolabs.ch\/\" title=\"\" target='_blank'>\r\n\t\t\t\t\t\t\t\t<img class=\"menu-image-img\" src=\"https:\/\/www.mountainow.net\/wp-content\/uploads\/2017\/11\/Exo_logo-300x39.png\" alt=\"\" \/>\r\n\t\t\t\t\t\t\t\t<\/a>\r\n\t\t\t\t\t\t\t<\/div>\r\n\t\t\t\t\t\t\t<a class=\"item-overlay\" href=\"https:\/\/www.exolabs.ch\/\" title=\"\" target='_blank'>\r\n\t\t\t\t\t\t\t<span class=\"item-content\">\r\n\t\t\t\t\t\t\t\t<h4 class=\"item-title\"><\/h4>\r\n\t\t\t\t\t\t\t\t<p class=\"item-desc\"><\/p>\r\n\t\t\t\t\t\t\t<\/span>\r\n\t\t\t\t\t\t\t<\/a>\r\n\t\t\t\t\t\t<\/div>\r\n\t\t\t\t\t\t\t\r\n\t\t\t\t\t\t\t\t\t\t\r\n\t\t\t\t\t\t<div class=\"carousel-item se-ccarousel-item\">\r\n\t\t\t\t\t\t\t<div class=\"item-header\">\r\n\t\t\t\t\t\t\t\t<a href=\"http:\/\/www.rotaryclubcassia.it\/\" title=\"\" target='_blank'>\r\n\t\t\t\t\t\t\t\t<img class=\"menu-image-img\" src=\"https:\/\/www.mountainow.net\/wp-content\/uploads\/2017\/11\/rotary-club-roma-cassia-logo-300x103.jpg\" alt=\"\" \/>\r\n\t\t\t\t\t\t\t\t<\/a>\r\n\t\t\t\t\t\t\t<\/div>\r\n\t\t\t\t\t\t\t<a class=\"item-overlay\" href=\"http:\/\/www.rotaryclubcassia.it\/\" title=\"\" target='_blank'>\r\n\t\t\t\t\t\t\t<span class=\"item-content\">\r\n\t\t\t\t\t\t\t\t<h4 class=\"item-title\"><\/h4>\r\n\t\t\t\t\t\t\t\t<p class=\"item-desc\"><\/p>\r\n\t\t\t\t\t\t\t<\/span>\r\n\t\t\t\t\t\t\t<\/a>\r\n\t\t\t\t\t\t<\/div>\r\n\t\t\t\t\t\t\t\r\n\t\t\t\t\t\t\t\t\t\t\r\n\t\t\t\t\t\t<div class=\"carousel-item se-ccarousel-item\">\r\n\t\t\t\t\t\t\t<div class=\"item-header\">\r\n\t\t\t\t\t\t\t\t<a href=\"https:\/\/www.swisstopo.admin.ch\/it\/home.html\" title=\"\" target='_blank'>\r\n\t\t\t\t\t\t\t\t<img class=\"menu-image-img\" src=\"https:\/\/www.mountainow.net\/wp-content\/uploads\/2017\/11\/Schweiz-Eidgen-logo-300x142.jpg\" alt=\"\" \/>\r\n\t\t\t\t\t\t\t\t<\/a>\r\n\t\t\t\t\t\t\t<\/div>\r\n\t\t\t\t\t\t\t<a class=\"item-overlay\" href=\"https:\/\/www.swisstopo.admin.ch\/it\/home.html\" title=\"\" target='_blank'>\r\n\t\t\t\t\t\t\t<span class=\"item-content\">\r\n\t\t\t\t\t\t\t\t<h4 class=\"item-title\"><\/h4>\r\n\t\t\t\t\t\t\t\t<p class=\"item-desc\"><\/p>\r\n\t\t\t\t\t\t\t<\/span>\r\n\t\t\t\t\t\t\t<\/a>\r\n\t\t\t\t\t\t<\/div>\r\n\t\t\t\t\t\t\t\r\n\t\t\t\t\t\t\t\t\t\t\r\n\t\t\t\t\t\t<div class=\"carousel-item se-ccarousel-item\">\r\n\t\t\t\t\t\t\t<div class=\"item-header\">\r\n\t\t\t\t\t\t\t\t<a href=\"http:\/\/www.ign.fr\/\" title=\"\" target='_blank'>\r\n\t\t\t\t\t\t\t\t<img class=\"menu-image-img\" src=\"https:\/\/www.mountainow.net\/wp-content\/uploads\/2017\/11\/IGN-logo_smallpng.png\" alt=\"\" \/>\r\n\t\t\t\t\t\t\t\t<\/a>\r\n\t\t\t\t\t\t\t<\/div>\r\n\t\t\t\t\t\t\t<a class=\"item-overlay\" href=\"http:\/\/www.ign.fr\/\" title=\"\" target='_blank'>\r\n\t\t\t\t\t\t\t<span class=\"item-content\">\r\n\t\t\t\t\t\t\t\t<h4 class=\"item-title\"><\/h4>\r\n\t\t\t\t\t\t\t\t<p class=\"item-desc\"><\/p>\r\n\t\t\t\t\t\t\t<\/span>\r\n\t\t\t\t\t\t\t<\/a>\r\n\t\t\t\t\t\t<\/div>\r\n\t\t\t\t\t\t\t\r\n\t\t\t\t\t\t\t\t\t\t\r\n\t\t\t\t\t\t<div class=\"carousel-item se-ccarousel-item\">\r\n\t\t\t\t\t\t\t<div class=\"item-header\">\r\n\t\t\t\t\t\t\t\t<a href=\"https:\/\/opentopomap.org\/about\" title=\"\" target='_blank'>\r\n\t\t\t\t\t\t\t\t<img class=\"menu-image-img\" src=\"https:\/\/www.mountainow.net\/wp-content\/uploads\/2017\/11\/opentopomap-logo-new-300x178.png\" alt=\"\" \/>\r\n\t\t\t\t\t\t\t\t<\/a>\r\n\t\t\t\t\t\t\t<\/div>\r\n\t\t\t\t\t\t\t<a class=\"item-overlay\" href=\"https:\/\/opentopomap.org\/about\" title=\"\" target='_blank'>\r\n\t\t\t\t\t\t\t<span class=\"item-content\">\r\n\t\t\t\t\t\t\t\t<h4 class=\"item-title\"><\/h4>\r\n\t\t\t\t\t\t\t\t<p class=\"item-desc\"><\/p>\r\n\t\t\t\t\t\t\t<\/span>\r\n\t\t\t\t\t\t\t<\/a>\r\n\t\t\t\t\t\t<\/div>\r\n\t\t\t\t\t\t\t\r\n\t\t\t\t\t\t\t\t\t\t\r\n\t\t\t\t\t\t<div class=\"carousel-item se-ccarousel-item\">\r\n\t\t\t\t\t\t\t<div class=\"item-header\">\r\n\t\t\t\t\t\t\t\t<a href=\"https:\/\/e-shape.eu\/\" title=\"\" target='_blank'>\r\n\t\t\t\t\t\t\t\t<img class=\"menu-image-img\" src=\"https:\/\/www.mountainow.net\/wp-content\/uploads\/2017\/11\/eshape_black.png\" alt=\"\" \/>\r\n\t\t\t\t\t\t\t\t<\/a>\r\n\t\t\t\t\t\t\t<\/div>\r\n\t\t\t\t\t\t\t<a class=\"item-overlay\" href=\"https:\/\/e-shape.eu\/\" title=\"\" target='_blank'>\r\n\t\t\t\t\t\t\t<span class=\"item-content\">\r\n\t\t\t\t\t\t\t\t<h4 class=\"item-title\"><\/h4>\r\n\t\t\t\t\t\t\t\t<p class=\"item-desc\"><\/p>\r\n\t\t\t\t\t\t\t<\/span>\r\n\t\t\t\t\t\t\t<\/a>\r\n\t\t\t\t\t\t<\/div>\r\n\t\t\t\t\t\t\t\r\n\t\t\t\t\t\t\t\t\t\t\r\n\t\t\t\t\t\t<div class=\"carousel-item se-ccarousel-item\">\r\n\t\t\t\t\t\t\t<div class=\"item-header\">\r\n\t\t\t\t\t\t\t\t<a href=\"https:\/\/e-shape.eu\/\" title=\"\" target='_blank'>\r\n\t\t\t\t\t\t\t\t<img class=\"menu-image-img\" src=\"https:\/\/www.mountainow.net\/wp-content\/uploads\/2017\/11\/EU_big-300x38.png\" alt=\"\" \/>\r\n\t\t\t\t\t\t\t\t<\/a>\r\n\t\t\t\t\t\t\t<\/div>\r\n\t\t\t\t\t\t\t<a class=\"item-overlay\" href=\"https:\/\/e-shape.eu\/\" title=\"\" target='_blank'>\r\n\t\t\t\t\t\t\t<span class=\"item-content\">\r\n\t\t\t\t\t\t\t\t<h4 class=\"item-title\"><\/h4>\r\n\t\t\t\t\t\t\t\t<p class=\"item-desc\"><\/p>\r\n\t\t\t\t\t\t\t<\/span>\r\n\t\t\t\t\t\t\t<\/a>\r\n\t\t\t\t\t\t<\/div>\r\n\t\t\t\t\t\t\t\r\n\t\t\t\t        \r\n        <\/div><!-- .generic-carousel --><\/div><!-- .latest-post-carousel --><\/section>\t\t\t<\/aside>\n\t\t<\/div><\/div><\/div><\/div>","protected":false},"excerpt":{"rendered":"<p>Raccomandazioni MountaiNow &#8211; Safer Together MountaiNow ha lo scopo di fornire il maggior numero possibile di informazioni sulle pi\u00f9 recenti condizioni presenti in montagna, in maniera la pi\u00f9 precisa possibile geograficamente. Anche se MountaiNow pu\u00f2 essere utilizzato dappertutto nel mondo, il suo funzionamento e la sua pertinenza sono per ora\u00a0ottimizzati per le Alpi. MountaiNow \u00e8 [&hellip;]<\/p>\n","protected":false},"author":1,"featured_media":0,"parent":64,"menu_order":0,"comment_status":"closed","ping_status":"closed","template":"","meta":[],"_links":{"self":[{"href":"https:\/\/www.mountainow.net\/it\/wp-json\/wp\/v2\/pages\/66"}],"collection":[{"href":"https:\/\/www.mountainow.net\/it\/wp-json\/wp\/v2\/pages"}],"about":[{"href":"https:\/\/www.mountainow.net\/it\/wp-json\/wp\/v2\/types\/page"}],"author":[{"embeddable":true,"href":"https:\/\/www.mountainow.net\/it\/wp-json\/wp\/v2\/users\/1"}],"replies":[{"embeddable":true,"href":"https:\/\/www.mountainow.net\/it\/wp-json\/wp\/v2\/comments?post=66"}],"version-history":[{"count":5,"href":"https:\/\/www.mountainow.net\/it\/wp-json\/wp\/v2\/pages\/66\/revisions"}],"predecessor-version":[{"id":7812,"href":"https:\/\/www.mountainow.net\/it\/wp-json\/wp\/v2\/pages\/66\/revisions\/7812"}],"up":[{"embeddable":true,"href":"https:\/\/www.mountainow.net\/it\/wp-json\/wp\/v2\/pages\/64"}],"wp:attachment":[{"href":"https:\/\/www.mountainow.net\/it\/wp-json\/wp\/v2\/media?parent=66"}],"curies":[{"name":"wp","href":"https:\/\/api.w.org\/{rel}","templated":true}]}}