{"id":62,"date":"2017-11-23T15:56:29","date_gmt":"2017-11-23T15:56:29","guid":{"rendered":"http:\/\/website.mountainow.net\/?page_id=62"},"modified":"2023-06-17T16:08:43","modified_gmt":"2023-06-17T16:08:43","slug":"sostenete-mountainow","status":"publish","type":"page","link":"https:\/\/www.mountainow.net\/it\/a-proposito-di\/sostenete-mountainow\/","title":{"rendered":"Sostenete MountaiNow!"},"content":{"rendered":"<div id=\"pl-62\"  class=\"panel-layout\" ><div id=\"pg-62-0\"  class=\"panel-grid panel-has-style\" ><div class=\"hide-title no-content-margin wider-row page-layout panel-row-style panel-row-style-for-62-0\" ><div id=\"pgc-62-0-0\"  class=\"panel-grid-cell\" ><div id=\"panel-62-0-0-0\" class=\"so-panel widget widget_sow-editor panel-first-child panel-last-child\" data-index=\"0\" ><div class=\"mountain-headline panel-widget-style panel-widget-style-for-62-0-0-0\" ><div\n\t\t\t\n\t\t\tclass=\"so-widget-sow-editor so-widget-sow-editor-base\"\n\t\t\t\n\t\t>\n<div class=\"siteorigin-widget-tinymce textwidget\">\n\t<h1>Crowdfunding<\/h1>\n<h3>MountaiNow - Safer Together<\/h3>\n<\/div>\n<\/div><\/div><\/div><\/div><\/div><\/div><div id=\"pg-62-1\"  class=\"panel-grid panel-has-style\" ><div class=\"page-layout panel-row-style panel-row-style-for-62-1\" ><div id=\"pgc-62-1-0\"  class=\"panel-grid-cell\" ><div id=\"panel-62-1-0-0\" class=\"so-panel widget widget_sow-editor panel-first-child\" data-index=\"1\" ><div class=\"orange panel-widget-style panel-widget-style-for-62-1-0-0\" ><div\n\t\t\t\n\t\t\tclass=\"so-widget-sow-editor so-widget-sow-editor-base\"\n\t\t\t\n\t\t>\n<div class=\"siteorigin-widget-tinymce textwidget\">\n\t<h3 style=\"text-align: center;\"><strong>La versione 2.0 \u00e8 in arrivo<\/strong><\/h3>\n<div>\n<div>Avr\u00e0 un\u2019interfaccia sempre pi\u00f9 conviviale e numerose nuove funzioni! Per esempio, la memorizzazione delle tracce GPS, la categorizzazione delle attivit\u00e0 (i.e. sci, marcia, ecc.), e carte di riferimento utilizzate, sempre pi\u00f9 precise.<\/div>\n<div><\/div>\n<div>Potete aiutare MountaiNow a diventare sempre pi\u00f9 performante! Un contributo finanziario, quale che sia la cifra, far\u00e0 la differenza. MountaiNow ha potuto <a href=\"\/a-proposito-di\/crowdfunding\/\" rel=\"noopener\">vedere la luce e operare grazie alla vostra visione e alla vostra generosit\u00e0<\/a>: il suo avvenire vi appartiene.<\/div>\n<div><\/div>\n<div>Tutti i fondi raccolti sono integralmente utilizzati per MountaiNow per mantenerne la sua gratuit\u00e0 - al fine di garantire la sicurezza in montagna e un servizio di pubblica utilit\u00e0.\u00a0 <strong>Sostenete MountaiNow adesso!<\/strong><\/div>\n<\/div>\n<\/div>\n<\/div><\/div><\/div><div id=\"panel-62-1-0-1\" class=\"so-panel widget widget_siteorigin-panels-builder\" data-index=\"2\" ><div id=\"pl-w5a2695049ca7c\"  class=\"panel-layout\" ><div id=\"pg-w5a2695049ca7c-0\"  class=\"panel-grid panel-no-style\" ><div id=\"pgc-w5a2695049ca7c-0-0\"  class=\"panel-grid-cell\" ><div id=\"panel-w5a2695049ca7c-0-0-0\" class=\"so-panel widget widget_sow-editor panel-first-child panel-last-child\" data-index=\"0\" ><div class=\"orange no-margin-top panel-widget-style panel-widget-style-for-w5a2695049ca7c-0-0-0\" ><div\n\t\t\t\n\t\t\tclass=\"so-widget-sow-editor so-widget-sow-editor-base\"\n\t\t\t\n\t\t>\n<div class=\"siteorigin-widget-tinymce textwidget\">\n\t<h4>Destinatario<\/h4>\n<p>MountaiNow-One Earth s\u00e0rl<\/p>\n<h4>Nome e Indirizzo della Banca<\/h4>\n<p>UBS Switzerland, CP, CH-1110 Morges<\/p>\n<h4>IBAN<\/h4>\n<p>EUR: <span lang=\"IT\">CH78 0024 3243 2008 5260 Q<br \/>\nCHF: <span lang=\"IT\">CH55 0024 3243 2008 5201 Z<\/span><\/span><\/p>\n<\/div>\n<\/div><\/div><\/div><\/div><div id=\"pgc-w5a2695049ca7c-0-1\"  class=\"panel-grid-cell\" ><div id=\"panel-w5a2695049ca7c-0-1-0\" class=\"widget_text so-panel widget widget_custom_html panel-first-child\" data-index=\"1\" ><div class=\"textwidget custom-html-widget\"><form action=\"https:\/\/www.paypal.com\/cgi-bin\/webscr\" method=\"post\" target=\"_blank\"><input name=\"cmd\" value=\"_s-xclick\" type=\"hidden\"> <input name=\"hosted_button_id\" value=\"JEHL3VGZXMNAE\" type=\"hidden\"> <input alt=\"PayPal \u00e8 il metodo rapido e sicuro per pagare e farsi pagare online.\" name=\"submit\" src=\"https:\/\/www.paypalobjects.com\/it_IT\/IT\/i\/btn\/btn_donateCC_LG.gif\" type=\"image\"> <img src=\"https:\/\/www.paypalobjects.com\/fr_FR\/i\/scr\/pixel.gif\" alt=\"\" width=\"1\" height=\"1\" border=\"0\">\n<div>\n<h5 style=\"text-align: center;\"><strong>EUR<\/strong><\/h5>\n<\/div>\n<\/form><\/div><\/div><div id=\"panel-w5a2695049ca7c-0-1-1\" class=\"widget_text so-panel widget widget_custom_html panel-last-child\" data-index=\"2\" ><div class=\"textwidget custom-html-widget\"><form action=\"https:\/\/www.paypal.com\/cgi-bin\/webscr\" method=\"post\" target=\"_blank\"><input name=\"cmd\" value=\"_s-xclick\" type=\"hidden\"> <input name=\"hosted_button_id\" value=\"MZWZ8W4JHWGB8\" type=\"hidden\"> <input alt=\"PayPal \u00e8 il metodo rapido e sicuro per pagare e farsi pagare online.\" name=\"submit\" src=\"https:\/\/www.paypalobjects.com\/it_IT\/IT\/i\/btn\/btn_donateCC_LG.gif\" type=\"image\"> <img src=\"https:\/\/www.paypalobjects.com\/fr_FR\/i\/scr\/pixel.gif\" alt=\"\" width=\"1\" height=\"1\" border=\"0\">\n<div>\n<h5 style=\"text-align: center;\"><strong>CHF<\/strong><\/h5>\n<\/div>\n<\/form><\/div><\/div><\/div><\/div><\/div><\/div><div id=\"panel-62-1-0-2\" class=\"so-panel widget widget_sow-image panel-last-child\" data-index=\"3\" ><div\n\t\t\t\n\t\t\tclass=\"so-widget-sow-image so-widget-sow-image-default-a258e6bfa2d8-62\"\n\t\t\t\n\t\t>\n\n<div class=\"sow-image-container\">\n\t\t<img src=\"https:\/\/www.mountainow.net\/wp-content\/uploads\/2017\/11\/sostenete-mountainow-con-la-corda.png\" width=\"700\" height=\"389\" srcset=\"https:\/\/www.mountainow.net\/wp-content\/uploads\/2017\/11\/sostenete-mountainow-con-la-corda.png 700w, https:\/\/www.mountainow.net\/wp-content\/uploads\/2017\/11\/sostenete-mountainow-con-la-corda-300x167.png 300w\" sizes=\"(max-width: 700px) 100vw, 700px\" alt=\"MountaiNow - Sostieni MountaiNow\" loading=\"lazy\" \t\tclass=\"so-widget-image\"\/>\n\t<\/div>\n\n<\/div><\/div><\/div><div id=\"pgc-62-1-1\"  class=\"panel-grid-cell\" >\t\t\t\n\t\t\t<aside class=\"widgetized-sidebar\">\n\t\t\t\t\t\t\t<section id=\"seccarouselwidget-2\" class=\"widget seCcarouselWidget\"><div class='custom-post-carousel'><h2 class='carousel-heading'>Comunit\u00e0<\/h2><div class='no-carousel se-ccarousel'>\t\t\t\t\t\t\r\n\t\t\t\t\t\t<div class=\"carousel-item se-ccarousel-item\">\r\n\t\t\t\t\t\t\t<div class=\"item-header\">\r\n\t\t\t\t\t\t\t\t<a href=\"http:\/\/www.sac-cas.ch\/en.html\" title=\"Swiss Alpine Club\" target='_blank'>\r\n\t\t\t\t\t\t\t\t<img class=\"menu-image-img\" src=\"https:\/\/www.mountainow.net\/wp-content\/uploads\/2017\/11\/schweizen-alpen-club-logo-300x130.png\" alt=\"Swiss Alpine Club\" \/>\r\n\t\t\t\t\t\t\t\t<\/a>\r\n\t\t\t\t\t\t\t<\/div>\r\n\t\t\t\t\t\t\t<a class=\"item-overlay\" href=\"http:\/\/www.sac-cas.ch\/en.html\" title=\"Swiss Alpine Club\" target='_blank'>\r\n\t\t\t\t\t\t\t<span class=\"item-content\">\r\n\t\t\t\t\t\t\t\t<h4 class=\"item-title\">Swiss Alpine Club<\/h4>\r\n\t\t\t\t\t\t\t\t<p class=\"item-desc\"><\/p>\r\n\t\t\t\t\t\t\t<\/span>\r\n\t\t\t\t\t\t\t<\/a>\r\n\t\t\t\t\t\t<\/div>\r\n\t\t\t\t\t\t\t\r\n\t\t\t\t\t\t\t\t\t\t\r\n\t\t\t\t\t\t<div class=\"carousel-item se-ccarousel-item\">\r\n\t\t\t\t\t\t\t<div class=\"item-header\">\r\n\t\t\t\t\t\t\t\t<a href=\"http:\/\/www.cai.it\/\" title=\"\" target='_blank'>\r\n\t\t\t\t\t\t\t\t<img class=\"menu-image-img\" src=\"https:\/\/www.mountainow.net\/wp-content\/uploads\/2017\/11\/club-alpino-italiano-logo-300x246.png\" alt=\"\" \/>\r\n\t\t\t\t\t\t\t\t<\/a>\r\n\t\t\t\t\t\t\t<\/div>\r\n\t\t\t\t\t\t\t<a class=\"item-overlay\" href=\"http:\/\/www.cai.it\/\" title=\"\" target='_blank'>\r\n\t\t\t\t\t\t\t<span class=\"item-content\">\r\n\t\t\t\t\t\t\t\t<h4 class=\"item-title\"><\/h4>\r\n\t\t\t\t\t\t\t\t<p class=\"item-desc\"><\/p>\r\n\t\t\t\t\t\t\t<\/span>\r\n\t\t\t\t\t\t\t<\/a>\r\n\t\t\t\t\t\t<\/div>\r\n\t\t\t\t\t\t\t\r\n\t\t\t\t\t\t\t\t\t\t\r\n\t\t\t\t\t\t<div class=\"carousel-item se-ccarousel-item\">\r\n\t\t\t\t\t\t\t<div class=\"item-header\">\r\n\t\t\t\t\t\t\t\t<a href=\"http:\/\/www.clubalpin-chamonix.com\/\" title=\"\" target='_blank'>\r\n\t\t\t\t\t\t\t\t<img class=\"menu-image-img\" src=\"https:\/\/www.mountainow.net\/wp-content\/uploads\/2017\/11\/caf-chamonix-logo.jpg\" alt=\"\" \/>\r\n\t\t\t\t\t\t\t\t<\/a>\r\n\t\t\t\t\t\t\t<\/div>\r\n\t\t\t\t\t\t\t<a class=\"item-overlay\" href=\"http:\/\/www.clubalpin-chamonix.com\/\" title=\"\" target='_blank'>\r\n\t\t\t\t\t\t\t<span class=\"item-content\">\r\n\t\t\t\t\t\t\t\t<h4 class=\"item-title\"><\/h4>\r\n\t\t\t\t\t\t\t\t<p class=\"item-desc\"><\/p>\r\n\t\t\t\t\t\t\t<\/span>\r\n\t\t\t\t\t\t\t<\/a>\r\n\t\t\t\t\t\t<\/div>\r\n\t\t\t\t\t\t\t\r\n\t\t\t\t\t\t\t\t\t\t\r\n\t\t\t\t\t\t<div class=\"carousel-item se-ccarousel-item\">\r\n\t\t\t\t\t\t\t<div class=\"item-header\">\r\n\t\t\t\t\t\t\t\t<a href=\"https:\/\/www.glamos.ch\/en\" title=\"\" target='_blank'>\r\n\t\t\t\t\t\t\t\t<img class=\"menu-image-img\" src=\"https:\/\/www.mountainow.net\/wp-content\/uploads\/2020\/09\/LogoGLAMOS-300x64.png\" alt=\"\" \/>\r\n\t\t\t\t\t\t\t\t<\/a>\r\n\t\t\t\t\t\t\t<\/div>\r\n\t\t\t\t\t\t\t<a class=\"item-overlay\" href=\"https:\/\/www.glamos.ch\/en\" title=\"\" target='_blank'>\r\n\t\t\t\t\t\t\t<span class=\"item-content\">\r\n\t\t\t\t\t\t\t\t<h4 class=\"item-title\"><\/h4>\r\n\t\t\t\t\t\t\t\t<p class=\"item-desc\"><\/p>\r\n\t\t\t\t\t\t\t<\/span>\r\n\t\t\t\t\t\t\t<\/a>\r\n\t\t\t\t\t\t<\/div>\r\n\t\t\t\t\t\t\t\r\n\t\t\t\t\t\t\t\t\t\t\r\n\t\t\t\t\t\t<div class=\"carousel-item se-ccarousel-item\">\r\n\t\t\t\t\t\t\t<div class=\"item-header\">\r\n\t\t\t\t\t\t\t\t<a href=\"http:\/\/www.permos.ch\/\" title=\"\" target='_blank'>\r\n\t\t\t\t\t\t\t\t<img class=\"menu-image-img\" src=\"https:\/\/www.mountainow.net\/wp-content\/uploads\/2020\/09\/PERMOS_Logo2010_text-300x67.png\" alt=\"\" \/>\r\n\t\t\t\t\t\t\t\t<\/a>\r\n\t\t\t\t\t\t\t<\/div>\r\n\t\t\t\t\t\t\t<a class=\"item-overlay\" href=\"http:\/\/www.permos.ch\/\" title=\"\" target='_blank'>\r\n\t\t\t\t\t\t\t<span class=\"item-content\">\r\n\t\t\t\t\t\t\t\t<h4 class=\"item-title\"><\/h4>\r\n\t\t\t\t\t\t\t\t<p class=\"item-desc\"><\/p>\r\n\t\t\t\t\t\t\t<\/span>\r\n\t\t\t\t\t\t\t<\/a>\r\n\t\t\t\t\t\t<\/div>\r\n\t\t\t\t\t\t\t\r\n\t\t\t\t\t\t\t\t\t\t\r\n\t\t\t\t\t\t<div class=\"carousel-item se-ccarousel-item\">\r\n\t\t\t\t\t\t\t<div class=\"item-header\">\r\n\t\t\t\t\t\t\t\t<a href=\"https:\/\/www.baechli-bergsport.ch\/\" title=\"\" >\r\n\t\t\t\t\t\t\t\t<img class=\"menu-image-img\" src=\"https:\/\/www.mountainow.net\/wp-content\/uploads\/2021\/06\/baechli_square.jpg\" alt=\"\" \/>\r\n\t\t\t\t\t\t\t\t<\/a>\r\n\t\t\t\t\t\t\t<\/div>\r\n\t\t\t\t\t\t\t<a class=\"item-overlay\" href=\"https:\/\/www.baechli-bergsport.ch\/\" title=\"\" >\r\n\t\t\t\t\t\t\t<span class=\"item-content\">\r\n\t\t\t\t\t\t\t\t<h4 class=\"item-title\"><\/h4>\r\n\t\t\t\t\t\t\t\t<p class=\"item-desc\"><\/p>\r\n\t\t\t\t\t\t\t<\/span>\r\n\t\t\t\t\t\t\t<\/a>\r\n\t\t\t\t\t\t<\/div>\r\n\t\t\t\t\t\t\t\r\n\t\t\t\t\t\t\t\t\t\t\r\n\t\t\t\t\t\t<div class=\"carousel-item se-ccarousel-item\">\r\n\t\t\t\t\t\t\t<div class=\"item-header\">\r\n\t\t\t\t\t\t\t\t<a href=\"https:\/\/sportescalade.com\/\" title=\"\" target='_blank'>\r\n\t\t\t\t\t\t\t\t<img class=\"menu-image-img\" src=\"https:\/\/www.mountainow.net\/wp-content\/uploads\/2017\/11\/logo-sport-escalade-1-300x104.png\" alt=\"\" \/>\r\n\t\t\t\t\t\t\t\t<\/a>\r\n\t\t\t\t\t\t\t<\/div>\r\n\t\t\t\t\t\t\t<a class=\"item-overlay\" href=\"https:\/\/sportescalade.com\/\" title=\"\" target='_blank'>\r\n\t\t\t\t\t\t\t<span class=\"item-content\">\r\n\t\t\t\t\t\t\t\t<h4 class=\"item-title\"><\/h4>\r\n\t\t\t\t\t\t\t\t<p class=\"item-desc\"><\/p>\r\n\t\t\t\t\t\t\t<\/span>\r\n\t\t\t\t\t\t\t<\/a>\r\n\t\t\t\t\t\t<\/div>\r\n\t\t\t\t\t\t\t\r\n\t\t\t\t\t\t\t\t\t\t\r\n\t\t\t\t\t\t<div class=\"carousel-item se-ccarousel-item\">\r\n\t\t\t\t\t\t\t<div class=\"item-header\">\r\n\t\t\t\t\t\t\t\t<a href=\"https:\/\/www.kilianjornetfoundation.org\/\" title=\"\" target='_blank'>\r\n\t\t\t\t\t\t\t\t<img class=\"menu-image-img\" src=\"https:\/\/www.mountainow.net\/wp-content\/uploads\/2021\/05\/logo-dark-300x96.png\" alt=\"\" \/>\r\n\t\t\t\t\t\t\t\t<\/a>\r\n\t\t\t\t\t\t\t<\/div>\r\n\t\t\t\t\t\t\t<a class=\"item-overlay\" href=\"https:\/\/www.kilianjornetfoundation.org\/\" title=\"\" target='_blank'>\r\n\t\t\t\t\t\t\t<span class=\"item-content\">\r\n\t\t\t\t\t\t\t\t<h4 class=\"item-title\"><\/h4>\r\n\t\t\t\t\t\t\t\t<p class=\"item-desc\"><\/p>\r\n\t\t\t\t\t\t\t<\/span>\r\n\t\t\t\t\t\t\t<\/a>\r\n\t\t\t\t\t\t<\/div>\r\n\t\t\t\t\t\t\t\r\n\t\t\t\t\t\t\t\t\t\t\r\n\t\t\t\t\t\t<div class=\"carousel-item se-ccarousel-item\">\r\n\t\t\t\t\t\t\t<div class=\"item-header\">\r\n\t\t\t\t\t\t\t\t<a href=\"https:\/\/edytem.cnrs.fr\/\" title=\"\" target='_blank'>\r\n\t\t\t\t\t\t\t\t<img class=\"menu-image-img\" src=\"https:\/\/www.mountainow.net\/wp-content\/uploads\/2021\/05\/logo-EDYTEM-300x124.jpeg\" alt=\"\" \/>\r\n\t\t\t\t\t\t\t\t<\/a>\r\n\t\t\t\t\t\t\t<\/div>\r\n\t\t\t\t\t\t\t<a class=\"item-overlay\" href=\"https:\/\/edytem.cnrs.fr\/\" title=\"\" target='_blank'>\r\n\t\t\t\t\t\t\t<span class=\"item-content\">\r\n\t\t\t\t\t\t\t\t<h4 class=\"item-title\"><\/h4>\r\n\t\t\t\t\t\t\t\t<p class=\"item-desc\"><\/p>\r\n\t\t\t\t\t\t\t<\/span>\r\n\t\t\t\t\t\t\t<\/a>\r\n\t\t\t\t\t\t<\/div>\r\n\t\t\t\t\t\t\t\r\n\t\t\t\t\t\t\t\t\t\t\r\n\t\t\t\t\t\t<div class=\"carousel-item se-ccarousel-item\">\r\n\t\t\t\t\t\t\t<div class=\"item-header\">\r\n\t\t\t\t\t\t\t\t<a href=\"http:\/\/www.glaciologia.it\/en\/i-ghiacciai-italiani\/\" title=\"\" target='_blank'>\r\n\t\t\t\t\t\t\t\t<img class=\"menu-image-img\" src=\"https:\/\/www.mountainow.net\/wp-content\/uploads\/2017\/11\/Italian-Glac-Committtee-300x114.png\" alt=\"\" \/>\r\n\t\t\t\t\t\t\t\t<\/a>\r\n\t\t\t\t\t\t\t<\/div>\r\n\t\t\t\t\t\t\t<a class=\"item-overlay\" href=\"http:\/\/www.glaciologia.it\/en\/i-ghiacciai-italiani\/\" title=\"\" target='_blank'>\r\n\t\t\t\t\t\t\t<span class=\"item-content\">\r\n\t\t\t\t\t\t\t\t<h4 class=\"item-title\"><\/h4>\r\n\t\t\t\t\t\t\t\t<p class=\"item-desc\"><\/p>\r\n\t\t\t\t\t\t\t<\/span>\r\n\t\t\t\t\t\t\t<\/a>\r\n\t\t\t\t\t\t<\/div>\r\n\t\t\t\t\t\t\t\r\n\t\t\t\t\t\t\t\t\t\t\r\n\t\t\t\t\t\t<div class=\"carousel-item se-ccarousel-item\">\r\n\t\t\t\t\t\t\t<div class=\"item-header\">\r\n\t\t\t\t\t\t\t\t<a href=\"http:\/\/www.pngp.it\/en\" title=\"\" target='_blank'>\r\n\t\t\t\t\t\t\t\t<img class=\"menu-image-img\" src=\"https:\/\/www.mountainow.net\/wp-content\/uploads\/2017\/11\/parco-nazionale-gran-paradiso-300x231.png\" alt=\"\" \/>\r\n\t\t\t\t\t\t\t\t<\/a>\r\n\t\t\t\t\t\t\t<\/div>\r\n\t\t\t\t\t\t\t<a class=\"item-overlay\" href=\"http:\/\/www.pngp.it\/en\" title=\"\" target='_blank'>\r\n\t\t\t\t\t\t\t<span class=\"item-content\">\r\n\t\t\t\t\t\t\t\t<h4 class=\"item-title\"><\/h4>\r\n\t\t\t\t\t\t\t\t<p class=\"item-desc\"><\/p>\r\n\t\t\t\t\t\t\t<\/span>\r\n\t\t\t\t\t\t\t<\/a>\r\n\t\t\t\t\t\t<\/div>\r\n\t\t\t\t\t\t\t\r\n\t\t\t\t\t\t\t\t\t\t\r\n\t\t\t\t\t\t<div class=\"carousel-item se-ccarousel-item\">\r\n\t\t\t\t\t\t\t<div class=\"item-header\">\r\n\t\t\t\t\t\t\t\t<a href=\"http:\/\/www.parconazionale5terre.it\/\" title=\"\" >\r\n\t\t\t\t\t\t\t\t<img class=\"menu-image-img\" src=\"https:\/\/www.mountainow.net\/wp-content\/uploads\/2017\/11\/logo5terre-300x63.png\" alt=\"\" \/>\r\n\t\t\t\t\t\t\t\t<\/a>\r\n\t\t\t\t\t\t\t<\/div>\r\n\t\t\t\t\t\t\t<a class=\"item-overlay\" href=\"http:\/\/www.parconazionale5terre.it\/\" title=\"\" >\r\n\t\t\t\t\t\t\t<span class=\"item-content\">\r\n\t\t\t\t\t\t\t\t<h4 class=\"item-title\"><\/h4>\r\n\t\t\t\t\t\t\t\t<p class=\"item-desc\"><\/p>\r\n\t\t\t\t\t\t\t<\/span>\r\n\t\t\t\t\t\t\t<\/a>\r\n\t\t\t\t\t\t<\/div>\r\n\t\t\t\t\t\t\t\r\n\t\t\t\t\t\t\t\t\t\t\r\n\t\t\t\t\t\t<div class=\"carousel-item se-ccarousel-item\">\r\n\t\t\t\t\t\t\t<div class=\"item-header\">\r\n\t\t\t\t\t\t\t\t<a href=\"https:\/\/www.meteoswiss.admin.ch\/home\/research-and-cooperation\/international-cooperation\/gcos.html\" title=\"\" target='_blank'>\r\n\t\t\t\t\t\t\t\t<img class=\"menu-image-img\" src=\"https:\/\/www.mountainow.net\/wp-content\/uploads\/2017\/11\/Kompakt_BK_AMT_DE-FR-IT_36mm-300x263.jpg\" alt=\"\" \/>\r\n\t\t\t\t\t\t\t\t<\/a>\r\n\t\t\t\t\t\t\t<\/div>\r\n\t\t\t\t\t\t\t<a class=\"item-overlay\" href=\"https:\/\/www.meteoswiss.admin.ch\/home\/research-and-cooperation\/international-cooperation\/gcos.html\" title=\"\" target='_blank'>\r\n\t\t\t\t\t\t\t<span class=\"item-content\">\r\n\t\t\t\t\t\t\t\t<h4 class=\"item-title\"><\/h4>\r\n\t\t\t\t\t\t\t\t<p class=\"item-desc\"><\/p>\r\n\t\t\t\t\t\t\t<\/span>\r\n\t\t\t\t\t\t\t<\/a>\r\n\t\t\t\t\t\t<\/div>\r\n\t\t\t\t\t\t\t\r\n\t\t\t\t\t\t\t\t\t\t\r\n\t\t\t\t\t\t<div class=\"carousel-item se-ccarousel-item\">\r\n\t\t\t\t\t\t\t<div class=\"item-header\">\r\n\t\t\t\t\t\t\t\t<a href=\"https:\/\/www.bfu.ch\/\" title=\"\" >\r\n\t\t\t\t\t\t\t\t<img class=\"menu-image-img\" src=\"\" alt=\"\" \/>\r\n\t\t\t\t\t\t\t\t<\/a>\r\n\t\t\t\t\t\t\t<\/div>\r\n\t\t\t\t\t\t\t<a class=\"item-overlay\" href=\"https:\/\/www.bfu.ch\/\" title=\"\" >\r\n\t\t\t\t\t\t\t<span class=\"item-content\">\r\n\t\t\t\t\t\t\t\t<h4 class=\"item-title\"><\/h4>\r\n\t\t\t\t\t\t\t\t<p class=\"item-desc\"><\/p>\r\n\t\t\t\t\t\t\t<\/span>\r\n\t\t\t\t\t\t\t<\/a>\r\n\t\t\t\t\t\t<\/div>\r\n\t\t\t\t\t\t\t\r\n\t\t\t\t\t\t\t\t\t\t\r\n\t\t\t\t\t\t<div class=\"carousel-item se-ccarousel-item\">\r\n\t\t\t\t\t\t\t<div class=\"item-header\">\r\n\t\t\t\t\t\t\t\t<a href=\"https:\/\/www.planetek.it\/\" title=\"\" target='_blank'>\r\n\t\t\t\t\t\t\t\t<img class=\"menu-image-img\" src=\"https:\/\/www.mountainow.net\/wp-content\/uploads\/2017\/11\/Planetek_logo-300x160.jpg\" alt=\"\" \/>\r\n\t\t\t\t\t\t\t\t<\/a>\r\n\t\t\t\t\t\t\t<\/div>\r\n\t\t\t\t\t\t\t<a class=\"item-overlay\" href=\"https:\/\/www.planetek.it\/\" title=\"\" target='_blank'>\r\n\t\t\t\t\t\t\t<span class=\"item-content\">\r\n\t\t\t\t\t\t\t\t<h4 class=\"item-title\"><\/h4>\r\n\t\t\t\t\t\t\t\t<p class=\"item-desc\"><\/p>\r\n\t\t\t\t\t\t\t<\/span>\r\n\t\t\t\t\t\t\t<\/a>\r\n\t\t\t\t\t\t<\/div>\r\n\t\t\t\t\t\t\t\r\n\t\t\t\t\t\t\t\t\t\t\r\n\t\t\t\t\t\t<div class=\"carousel-item se-ccarousel-item\">\r\n\t\t\t\t\t\t\t<div class=\"item-header\">\r\n\t\t\t\t\t\t\t\t<a href=\"https:\/\/www.applica.guru\/\" title=\"\" target='_blank'>\r\n\t\t\t\t\t\t\t\t<img class=\"menu-image-img\" src=\"https:\/\/www.mountainow.net\/wp-content\/uploads\/2017\/11\/Applica_header_logo.png\" alt=\"\" \/>\r\n\t\t\t\t\t\t\t\t<\/a>\r\n\t\t\t\t\t\t\t<\/div>\r\n\t\t\t\t\t\t\t<a class=\"item-overlay\" href=\"https:\/\/www.applica.guru\/\" title=\"\" target='_blank'>\r\n\t\t\t\t\t\t\t<span class=\"item-content\">\r\n\t\t\t\t\t\t\t\t<h4 class=\"item-title\"><\/h4>\r\n\t\t\t\t\t\t\t\t<p class=\"item-desc\"><\/p>\r\n\t\t\t\t\t\t\t<\/span>\r\n\t\t\t\t\t\t\t<\/a>\r\n\t\t\t\t\t\t<\/div>\r\n\t\t\t\t\t\t\t\r\n\t\t\t\t\t\t\t\t\t\t\r\n\t\t\t\t\t\t<div class=\"carousel-item se-ccarousel-item\">\r\n\t\t\t\t\t\t\t<div class=\"item-header\">\r\n\t\t\t\t\t\t\t\t<a href=\"https:\/\/www.exolabs.ch\/\" title=\"\" target='_blank'>\r\n\t\t\t\t\t\t\t\t<img class=\"menu-image-img\" src=\"https:\/\/www.mountainow.net\/wp-content\/uploads\/2017\/11\/Exo_logo-300x39.png\" alt=\"\" \/>\r\n\t\t\t\t\t\t\t\t<\/a>\r\n\t\t\t\t\t\t\t<\/div>\r\n\t\t\t\t\t\t\t<a class=\"item-overlay\" href=\"https:\/\/www.exolabs.ch\/\" title=\"\" target='_blank'>\r\n\t\t\t\t\t\t\t<span class=\"item-content\">\r\n\t\t\t\t\t\t\t\t<h4 class=\"item-title\"><\/h4>\r\n\t\t\t\t\t\t\t\t<p class=\"item-desc\"><\/p>\r\n\t\t\t\t\t\t\t<\/span>\r\n\t\t\t\t\t\t\t<\/a>\r\n\t\t\t\t\t\t<\/div>\r\n\t\t\t\t\t\t\t\r\n\t\t\t\t\t\t\t\t\t\t\r\n\t\t\t\t\t\t<div class=\"carousel-item se-ccarousel-item\">\r\n\t\t\t\t\t\t\t<div class=\"item-header\">\r\n\t\t\t\t\t\t\t\t<a href=\"http:\/\/www.rotaryclubcassia.it\/\" title=\"\" target='_blank'>\r\n\t\t\t\t\t\t\t\t<img class=\"menu-image-img\" src=\"https:\/\/www.mountainow.net\/wp-content\/uploads\/2017\/11\/rotary-club-roma-cassia-logo-300x103.jpg\" alt=\"\" \/>\r\n\t\t\t\t\t\t\t\t<\/a>\r\n\t\t\t\t\t\t\t<\/div>\r\n\t\t\t\t\t\t\t<a class=\"item-overlay\" href=\"http:\/\/www.rotaryclubcassia.it\/\" title=\"\" target='_blank'>\r\n\t\t\t\t\t\t\t<span class=\"item-content\">\r\n\t\t\t\t\t\t\t\t<h4 class=\"item-title\"><\/h4>\r\n\t\t\t\t\t\t\t\t<p class=\"item-desc\"><\/p>\r\n\t\t\t\t\t\t\t<\/span>\r\n\t\t\t\t\t\t\t<\/a>\r\n\t\t\t\t\t\t<\/div>\r\n\t\t\t\t\t\t\t\r\n\t\t\t\t\t\t\t\t\t\t\r\n\t\t\t\t\t\t<div class=\"carousel-item se-ccarousel-item\">\r\n\t\t\t\t\t\t\t<div class=\"item-header\">\r\n\t\t\t\t\t\t\t\t<a href=\"https:\/\/www.swisstopo.admin.ch\/it\/home.html\" title=\"\" target='_blank'>\r\n\t\t\t\t\t\t\t\t<img class=\"menu-image-img\" src=\"https:\/\/www.mountainow.net\/wp-content\/uploads\/2017\/11\/Schweiz-Eidgen-logo-300x142.jpg\" alt=\"\" \/>\r\n\t\t\t\t\t\t\t\t<\/a>\r\n\t\t\t\t\t\t\t<\/div>\r\n\t\t\t\t\t\t\t<a class=\"item-overlay\" href=\"https:\/\/www.swisstopo.admin.ch\/it\/home.html\" title=\"\" target='_blank'>\r\n\t\t\t\t\t\t\t<span class=\"item-content\">\r\n\t\t\t\t\t\t\t\t<h4 class=\"item-title\"><\/h4>\r\n\t\t\t\t\t\t\t\t<p class=\"item-desc\"><\/p>\r\n\t\t\t\t\t\t\t<\/span>\r\n\t\t\t\t\t\t\t<\/a>\r\n\t\t\t\t\t\t<\/div>\r\n\t\t\t\t\t\t\t\r\n\t\t\t\t\t\t\t\t\t\t\r\n\t\t\t\t\t\t<div class=\"carousel-item se-ccarousel-item\">\r\n\t\t\t\t\t\t\t<div class=\"item-header\">\r\n\t\t\t\t\t\t\t\t<a href=\"http:\/\/www.ign.fr\/\" title=\"\" target='_blank'>\r\n\t\t\t\t\t\t\t\t<img class=\"menu-image-img\" src=\"https:\/\/www.mountainow.net\/wp-content\/uploads\/2017\/11\/IGN-logo_smallpng.png\" alt=\"\" \/>\r\n\t\t\t\t\t\t\t\t<\/a>\r\n\t\t\t\t\t\t\t<\/div>\r\n\t\t\t\t\t\t\t<a class=\"item-overlay\" href=\"http:\/\/www.ign.fr\/\" title=\"\" target='_blank'>\r\n\t\t\t\t\t\t\t<span class=\"item-content\">\r\n\t\t\t\t\t\t\t\t<h4 class=\"item-title\"><\/h4>\r\n\t\t\t\t\t\t\t\t<p class=\"item-desc\"><\/p>\r\n\t\t\t\t\t\t\t<\/span>\r\n\t\t\t\t\t\t\t<\/a>\r\n\t\t\t\t\t\t<\/div>\r\n\t\t\t\t\t\t\t\r\n\t\t\t\t\t\t\t\t\t\t\r\n\t\t\t\t\t\t<div class=\"carousel-item se-ccarousel-item\">\r\n\t\t\t\t\t\t\t<div class=\"item-header\">\r\n\t\t\t\t\t\t\t\t<a href=\"https:\/\/opentopomap.org\/about\" title=\"\" target='_blank'>\r\n\t\t\t\t\t\t\t\t<img class=\"menu-image-img\" src=\"https:\/\/www.mountainow.net\/wp-content\/uploads\/2017\/11\/opentopomap-logo-new-300x178.png\" alt=\"\" \/>\r\n\t\t\t\t\t\t\t\t<\/a>\r\n\t\t\t\t\t\t\t<\/div>\r\n\t\t\t\t\t\t\t<a class=\"item-overlay\" href=\"https:\/\/opentopomap.org\/about\" title=\"\" target='_blank'>\r\n\t\t\t\t\t\t\t<span class=\"item-content\">\r\n\t\t\t\t\t\t\t\t<h4 class=\"item-title\"><\/h4>\r\n\t\t\t\t\t\t\t\t<p class=\"item-desc\"><\/p>\r\n\t\t\t\t\t\t\t<\/span>\r\n\t\t\t\t\t\t\t<\/a>\r\n\t\t\t\t\t\t<\/div>\r\n\t\t\t\t\t\t\t\r\n\t\t\t\t\t\t\t\t\t\t\r\n\t\t\t\t\t\t<div class=\"carousel-item se-ccarousel-item\">\r\n\t\t\t\t\t\t\t<div class=\"item-header\">\r\n\t\t\t\t\t\t\t\t<a href=\"https:\/\/e-shape.eu\/\" title=\"\" target='_blank'>\r\n\t\t\t\t\t\t\t\t<img class=\"menu-image-img\" src=\"https:\/\/www.mountainow.net\/wp-content\/uploads\/2017\/11\/eshape_black.png\" alt=\"\" \/>\r\n\t\t\t\t\t\t\t\t<\/a>\r\n\t\t\t\t\t\t\t<\/div>\r\n\t\t\t\t\t\t\t<a class=\"item-overlay\" href=\"https:\/\/e-shape.eu\/\" title=\"\" target='_blank'>\r\n\t\t\t\t\t\t\t<span class=\"item-content\">\r\n\t\t\t\t\t\t\t\t<h4 class=\"item-title\"><\/h4>\r\n\t\t\t\t\t\t\t\t<p class=\"item-desc\"><\/p>\r\n\t\t\t\t\t\t\t<\/span>\r\n\t\t\t\t\t\t\t<\/a>\r\n\t\t\t\t\t\t<\/div>\r\n\t\t\t\t\t\t\t\r\n\t\t\t\t\t\t\t\t\t\t\r\n\t\t\t\t\t\t<div class=\"carousel-item se-ccarousel-item\">\r\n\t\t\t\t\t\t\t<div class=\"item-header\">\r\n\t\t\t\t\t\t\t\t<a href=\"https:\/\/e-shape.eu\/\" title=\"\" target='_blank'>\r\n\t\t\t\t\t\t\t\t<img class=\"menu-image-img\" src=\"https:\/\/www.mountainow.net\/wp-content\/uploads\/2017\/11\/EU_big-300x38.png\" alt=\"\" \/>\r\n\t\t\t\t\t\t\t\t<\/a>\r\n\t\t\t\t\t\t\t<\/div>\r\n\t\t\t\t\t\t\t<a class=\"item-overlay\" href=\"https:\/\/e-shape.eu\/\" title=\"\" target='_blank'>\r\n\t\t\t\t\t\t\t<span class=\"item-content\">\r\n\t\t\t\t\t\t\t\t<h4 class=\"item-title\"><\/h4>\r\n\t\t\t\t\t\t\t\t<p class=\"item-desc\"><\/p>\r\n\t\t\t\t\t\t\t<\/span>\r\n\t\t\t\t\t\t\t<\/a>\r\n\t\t\t\t\t\t<\/div>\r\n\t\t\t\t\t\t\t\r\n\t\t\t\t        \r\n        <\/div><!-- .generic-carousel --><\/div><!-- .latest-post-carousel --><\/section>\t\t\t<\/aside>\n\t\t<\/div><\/div><\/div><\/div>","protected":false},"excerpt":{"rendered":"<p>Crowdfunding MountaiNow &#8211; Safer Together La versione 2.0 \u00e8 in arrivo Avr\u00e0 un\u2019interfaccia sempre pi\u00f9 conviviale e numerose nuove funzioni! Per esempio, la memorizzazione delle tracce GPS, la categorizzazione delle attivit\u00e0 (i.e. sci, marcia, ecc.), e carte di riferimento utilizzate, sempre pi\u00f9 precise. Potete aiutare MountaiNow a diventare sempre pi\u00f9 performante! Un contributo finanziario, quale [&hellip;]<\/p>\n","protected":false},"author":1,"featured_media":550,"parent":52,"menu_order":0,"comment_status":"closed","ping_status":"closed","template":"","meta":[],"_links":{"self":[{"href":"https:\/\/www.mountainow.net\/it\/wp-json\/wp\/v2\/pages\/62"}],"collection":[{"href":"https:\/\/www.mountainow.net\/it\/wp-json\/wp\/v2\/pages"}],"about":[{"href":"https:\/\/www.mountainow.net\/it\/wp-json\/wp\/v2\/types\/page"}],"author":[{"embeddable":true,"href":"https:\/\/www.mountainow.net\/it\/wp-json\/wp\/v2\/users\/1"}],"replies":[{"embeddable":true,"href":"https:\/\/www.mountainow.net\/it\/wp-json\/wp\/v2\/comments?post=62"}],"version-history":[{"count":24,"href":"https:\/\/www.mountainow.net\/it\/wp-json\/wp\/v2\/pages\/62\/revisions"}],"predecessor-version":[{"id":7810,"href":"https:\/\/www.mountainow.net\/it\/wp-json\/wp\/v2\/pages\/62\/revisions\/7810"}],"up":[{"embeddable":true,"href":"https:\/\/www.mountainow.net\/it\/wp-json\/wp\/v2\/pages\/52"}],"wp:featuredmedia":[{"embeddable":true,"href":"https:\/\/www.mountainow.net\/it\/wp-json\/wp\/v2\/media\/550"}],"wp:attachment":[{"href":"https:\/\/www.mountainow.net\/it\/wp-json\/wp\/v2\/media?parent=62"}],"curies":[{"name":"wp","href":"https:\/\/api.w.org\/{rel}","templated":true}]}}