{"id":950,"date":"2017-11-29T16:58:45","date_gmt":"2017-11-29T16:58:45","guid":{"rendered":"http:\/\/website.mountainow.net\/?page_id=950"},"modified":"2021-12-02T08:37:57","modified_gmt":"2021-12-02T08:37:57","slug":"equipe","status":"publish","type":"page","link":"https:\/\/www.mountainow.net\/fr\/a-propos\/equipe\/","title":{"rendered":"Equipe"},"content":{"rendered":"<div id=\"pl-950\"  class=\"panel-layout\" ><div id=\"pg-950-0\"  class=\"panel-grid panel-has-style\" ><div class=\"hide-title no-content-margin wider-row page-layout panel-row-style panel-row-style-for-950-0\" ><div id=\"pgc-950-0-0\"  class=\"panel-grid-cell\" ><div id=\"panel-950-0-0-0\" class=\"so-panel widget widget_sow-editor panel-first-child panel-last-child\" data-index=\"0\" ><div class=\"mountain-headline panel-widget-style panel-widget-style-for-950-0-0-0\" ><div\n\t\t\t\n\t\t\tclass=\"so-widget-sow-editor so-widget-sow-editor-base\"\n\t\t\t\n\t\t>\n<div class=\"siteorigin-widget-tinymce textwidget\">\n\t<h1>Equipe<\/h1>\n<h3>MountaiNow - Safer Together<\/h3>\n<\/div>\n<\/div><\/div><\/div><\/div><\/div><\/div><div id=\"pg-950-1\"  class=\"panel-grid panel-has-style\" ><div class=\"page-layout panel-row-style panel-row-style-for-950-1\" ><div id=\"pgc-950-1-0\"  class=\"panel-grid-cell\" ><div id=\"panel-950-1-0-0\" class=\"so-panel widget widget_sow-headline panel-first-child\" data-index=\"1\" ><div\n\t\t\t\n\t\t\tclass=\"so-widget-sow-headline so-widget-sow-headline-default-85b992f4904d-950\"\n\t\t\t\n\t\t><div class=\"sow-headline-container \">\n\t<h2 class='sow-headline'>Concept et Mise en Oeuvre<\/h2>\t\t\t\t\t<div class=\"decoration\">\n\t\t\t\t\t\t<div class=\"decoration-inside\"><\/div>\n\t\t\t\t\t<\/div>\n\t\t\t\t\t<p class='sow-sub-headline'>L\u2019id\u00e9e de MountaiNow est n\u00e9e en slalomant entre des crevasses g\u00e9antes. Nous ne pouvions pas traverser une nouvelle canicule sans avoir des informations sur les derni\u00e8res conditions en montagne. MountaiNow est d\u2019abord une histoire d\u2019amiti\u00e9 li\u00e9e par une m\u00eame envie de faire partager la montagne.<\/p><\/div>\n<\/div><\/div><div id=\"panel-950-1-0-1\" class=\"so-panel widget widget_lsow-team-members\" data-index=\"2\" ><div\n\t\t\t\n\t\t\tclass=\"so-widget-lsow-team-members so-widget-lsow-team-members-style1-d75171398898-950\"\n\t\t\t\n\t\t>\n<div class=\"lsow-team-members lsow-style1 lsow-grid-container  lsow-grid-desktop-4 lsow-grid-tablet-2 lsow-grid-mobile-1\"><div class=\"lsow-grid-item lsow-team-member-wrapper\"><div class=\"lsow-team-member \" ><div class=\"lsow-image-wrapper\"><img width=\"413\" height=\"413\" src=\"https:\/\/www.mountainow.net\/wp-content\/uploads\/2020\/11\/AM_bw3.png\" class=\"lsow-image\" alt=\"\" decoding=\"async\" loading=\"lazy\" srcset=\"https:\/\/www.mountainow.net\/wp-content\/uploads\/2020\/11\/AM_bw3.png 413w, https:\/\/www.mountainow.net\/wp-content\/uploads\/2020\/11\/AM_bw3-150x150.png 150w, https:\/\/www.mountainow.net\/wp-content\/uploads\/2020\/11\/AM_bw3-300x300.png 300w\" sizes=\"(max-width: 413px) 100vw, 413px\" \/><div class=\"lsow-social-wrap\"><div class=\"lsow-social-list\"><div class=\"lsow-social-list-item\"><a class=\"lsow-facebook\" href=\"https:\/\/www.facebook.com\/mountainow\/\" target=\"_blank\" title=\"Follow on Facebook\"><i class=\"lsow-icon-facebook\"><\/i><\/a><\/div><div class=\"lsow-social-list-item\"><a class=\"lsow-linkedin\" href=\"https:\/\/www.linkedin.com\/in\/amassacand\" target=\"_blank\" title=\"View LinkedIn Profile\"><i class=\"lsow-icon-linkedin\"><\/i><\/a><\/div><div class=\"lsow-social-list-item\"><a class=\"lsow-instagram\" href=\"https:\/\/www.instagram.com\/mountainow15\/\" target=\"_blank\" title=\"View Instagram Feed\"><i class=\"lsow-icon-instagram\"><\/i><\/a><\/div><\/div><!-- .lsow-social-list --><\/div><!-- .lsow-social-wrap --><\/div><!-- .lsow-image-wrapper --><div class=\"lsow-team-member-text\"><h3 class=\"lsow-title\">Alexia Massacand<\/h3><div class=\"lsow-team-member-position\"><\/div><div class=\"lsow-team-member-details\">Fondatrice MountaiNow<\/div><\/div><!-- .lsow-team-member-text --><\/div><!-- .lsow-team-member --><\/div><!-- .lsow-team-member-wrapper --><div class=\"lsow-grid-item lsow-team-member-wrapper\"><div class=\"lsow-team-member \" ><div class=\"lsow-image-wrapper\"><img width=\"501\" height=\"501\" src=\"https:\/\/www.mountainow.net\/wp-content\/uploads\/2018\/11\/Massimo.png\" class=\"lsow-image\" alt=\"\" decoding=\"async\" loading=\"lazy\" srcset=\"https:\/\/www.mountainow.net\/wp-content\/uploads\/2018\/11\/Massimo.png 501w, https:\/\/www.mountainow.net\/wp-content\/uploads\/2018\/11\/Massimo-150x150.png 150w, https:\/\/www.mountainow.net\/wp-content\/uploads\/2018\/11\/Massimo-300x300.png 300w, https:\/\/www.mountainow.net\/wp-content\/uploads\/2018\/11\/Massimo-480x480.png 480w\" sizes=\"(max-width: 501px) 100vw, 501px\" \/><div class=\"lsow-social-wrap\"><div class=\"lsow-social-list\"><div class=\"lsow-social-list-item\"><a class=\"lsow-email\" href=\"mailto:https:\/\/www.planetek.it\/\" title=\"Send an email\"><i class=\"lsow-icon-email\"><\/i><\/a><\/div><div class=\"lsow-social-list-item\"><a class=\"lsow-linkedin\" href=\"https:\/\/lu.linkedin.com\/in\/massimozotti\" target=\"_blank\" title=\"View LinkedIn Profile\"><i class=\"lsow-icon-linkedin\"><\/i><\/a><\/div><\/div><!-- .lsow-social-list --><\/div><!-- .lsow-social-wrap --><\/div><!-- .lsow-image-wrapper --><div class=\"lsow-team-member-text\"><h3 class=\"lsow-title\">Massimo Zotti<\/h3><div class=\"lsow-team-member-position\"><\/div><div class=\"lsow-team-member-details\">Head, Gouvernement et S\u00e9curit\u00e9, Planetek\n<\/div><\/div><!-- .lsow-team-member-text --><\/div><!-- .lsow-team-member --><\/div><!-- .lsow-team-member-wrapper --><div class=\"lsow-grid-item lsow-team-member-wrapper\"><div class=\"lsow-team-member \" ><div class=\"lsow-image-wrapper\"><img width=\"632\" height=\"632\" src=\"https:\/\/www.mountainow.net\/wp-content\/uploads\/2018\/11\/Mauro.png\" class=\"lsow-image\" alt=\"\" decoding=\"async\" loading=\"lazy\" srcset=\"https:\/\/www.mountainow.net\/wp-content\/uploads\/2018\/11\/Mauro.png 632w, https:\/\/www.mountainow.net\/wp-content\/uploads\/2018\/11\/Mauro-150x150.png 150w, https:\/\/www.mountainow.net\/wp-content\/uploads\/2018\/11\/Mauro-300x300.png 300w, https:\/\/www.mountainow.net\/wp-content\/uploads\/2018\/11\/Mauro-480x480.png 480w\" sizes=\"(max-width: 632px) 100vw, 632px\" \/><div class=\"lsow-social-wrap\"><div class=\"lsow-social-list\"><div class=\"lsow-social-list-item\"><a class=\"lsow-email\" href=\"mailto:https:\/\/www.planetek.it\" title=\"Send an email\"><i class=\"lsow-icon-email\"><\/i><\/a><\/div><div class=\"lsow-social-list-item\"><a class=\"lsow-linkedin\" href=\"https:\/\/it.linkedin.com\/in\/mauro-casaburi-7a680552\" target=\"_blank\" title=\"View LinkedIn Profile\"><i class=\"lsow-icon-linkedin\"><\/i><\/a><\/div><\/div><!-- .lsow-social-list --><\/div><!-- .lsow-social-wrap --><\/div><!-- .lsow-image-wrapper --><div class=\"lsow-team-member-text\"><h3 class=\"lsow-title\">Mauro Casaburi<\/h3><div class=\"lsow-team-member-position\"><\/div><div class=\"lsow-team-member-details\">Manager Technique, Spatial Data Infrastructure, Planetek<\/div><\/div><!-- .lsow-team-member-text --><\/div><!-- .lsow-team-member --><\/div><!-- .lsow-team-member-wrapper --><div class=\"lsow-grid-item lsow-team-member-wrapper\"><div class=\"lsow-team-member \" ><div class=\"lsow-image-wrapper\"><img width=\"579\" height=\"555\" src=\"https:\/\/www.mountainow.net\/wp-content\/uploads\/2020\/11\/Applca_Antonio-Lovicario_bw3.png\" class=\"lsow-image\" alt=\"\" decoding=\"async\" loading=\"lazy\" srcset=\"https:\/\/www.mountainow.net\/wp-content\/uploads\/2020\/11\/Applca_Antonio-Lovicario_bw3.png 579w, https:\/\/www.mountainow.net\/wp-content\/uploads\/2020\/11\/Applca_Antonio-Lovicario_bw3-300x288.png 300w\" sizes=\"(max-width: 579px) 100vw, 579px\" \/><div class=\"lsow-social-wrap\"><div class=\"lsow-social-list\"><div class=\"lsow-social-list-item\"><a class=\"lsow-email\" href=\"mailto:https:\/\/www.applica.guru\/\" title=\"Send an email\"><i class=\"lsow-icon-email\"><\/i><\/a><\/div><div class=\"lsow-social-list-item\"><a class=\"lsow-linkedin\" href=\"https:\/\/www.linkedin.com\/in\/antonio-lovicario-50996068\/\" target=\"_blank\" title=\"View LinkedIn Profile\"><i class=\"lsow-icon-linkedin\"><\/i><\/a><\/div><\/div><!-- .lsow-social-list --><\/div><!-- .lsow-social-wrap --><\/div><!-- .lsow-image-wrapper --><div class=\"lsow-team-member-text\"><h3 class=\"lsow-title\">Antonio Lovicario<\/h3><div class=\"lsow-team-member-position\"><\/div><div class=\"lsow-team-member-details\">Supervision Technique et Gestion de Projet, Applica<\/div><\/div><!-- .lsow-team-member-text --><\/div><!-- .lsow-team-member --><\/div><!-- .lsow-team-member-wrapper --><div class=\"lsow-grid-item lsow-team-member-wrapper\"><div class=\"lsow-team-member \" ><div class=\"lsow-image-wrapper\"><img width=\"442\" height=\"439\" src=\"https:\/\/www.mountainow.net\/wp-content\/uploads\/2020\/11\/Applica_Lapolla_bw2.png\" class=\"lsow-image\" alt=\"\" decoding=\"async\" loading=\"lazy\" srcset=\"https:\/\/www.mountainow.net\/wp-content\/uploads\/2020\/11\/Applica_Lapolla_bw2.png 442w, https:\/\/www.mountainow.net\/wp-content\/uploads\/2020\/11\/Applica_Lapolla_bw2-150x150.png 150w, https:\/\/www.mountainow.net\/wp-content\/uploads\/2020\/11\/Applica_Lapolla_bw2-300x298.png 300w\" sizes=\"(max-width: 442px) 100vw, 442px\" \/><div class=\"lsow-social-wrap\"><div class=\"lsow-social-list\"><div class=\"lsow-social-list-item\"><a class=\"lsow-email\" href=\"mailto:https:\/\/www.applica.guru\/\" title=\"Send an email\"><i class=\"lsow-icon-email\"><\/i><\/a><\/div><div class=\"lsow-social-list-item\"><a class=\"lsow-linkedin\" href=\"https:\/\/www.linkedin.com\/in\/giuseppe-lapolla\/\" target=\"_blank\" title=\"View LinkedIn Profile\"><i class=\"lsow-icon-linkedin\"><\/i><\/a><\/div><\/div><!-- .lsow-social-list --><\/div><!-- .lsow-social-wrap --><\/div><!-- .lsow-image-wrapper --><div class=\"lsow-team-member-text\"><h3 class=\"lsow-title\">Giuseppe Lapolla <\/h3><div class=\"lsow-team-member-position\"><\/div><div class=\"lsow-team-member-details\">D\u00e9veloppeur Web et Backend, Applica<\/div><\/div><!-- .lsow-team-member-text --><\/div><!-- .lsow-team-member --><\/div><!-- .lsow-team-member-wrapper --><div class=\"lsow-grid-item lsow-team-member-wrapper\"><div class=\"lsow-team-member \" ><div class=\"lsow-image-wrapper\"><img width=\"549\" height=\"549\" src=\"https:\/\/www.mountainow.net\/wp-content\/uploads\/2020\/11\/Applica_Davide-DAngelo_bw2.png\" class=\"lsow-image\" alt=\"\" decoding=\"async\" loading=\"lazy\" srcset=\"https:\/\/www.mountainow.net\/wp-content\/uploads\/2020\/11\/Applica_Davide-DAngelo_bw2.png 549w, https:\/\/www.mountainow.net\/wp-content\/uploads\/2020\/11\/Applica_Davide-DAngelo_bw2-150x150.png 150w, https:\/\/www.mountainow.net\/wp-content\/uploads\/2020\/11\/Applica_Davide-DAngelo_bw2-300x300.png 300w, https:\/\/www.mountainow.net\/wp-content\/uploads\/2020\/11\/Applica_Davide-DAngelo_bw2-480x480.png 480w\" sizes=\"(max-width: 549px) 100vw, 549px\" \/><div class=\"lsow-social-wrap\"><div class=\"lsow-social-list\"><div class=\"lsow-social-list-item\"><a class=\"lsow-email\" href=\"mailto:https:\/\/www.applica.guru\/\" title=\"Send an email\"><i class=\"lsow-icon-email\"><\/i><\/a><\/div><\/div><!-- .lsow-social-list --><\/div><!-- .lsow-social-wrap --><\/div><!-- .lsow-image-wrapper --><div class=\"lsow-team-member-text\"><h3 class=\"lsow-title\">Davide D&#039;Angelo<\/h3><div class=\"lsow-team-member-position\"><\/div><div class=\"lsow-team-member-details\">D\u00e9veloppeur Android, Applica<\/div><\/div><!-- .lsow-team-member-text --><\/div><!-- .lsow-team-member --><\/div><!-- .lsow-team-member-wrapper --><div class=\"lsow-grid-item lsow-team-member-wrapper\"><div class=\"lsow-team-member \" ><div class=\"lsow-image-wrapper\"><img width=\"632\" height=\"632\" src=\"https:\/\/www.mountainow.net\/wp-content\/uploads\/2020\/11\/Applica_Viggiani_bw3png.png\" class=\"lsow-image\" alt=\"\" decoding=\"async\" loading=\"lazy\" srcset=\"https:\/\/www.mountainow.net\/wp-content\/uploads\/2020\/11\/Applica_Viggiani_bw3png.png 632w, https:\/\/www.mountainow.net\/wp-content\/uploads\/2020\/11\/Applica_Viggiani_bw3png-150x150.png 150w, https:\/\/www.mountainow.net\/wp-content\/uploads\/2020\/11\/Applica_Viggiani_bw3png-300x300.png 300w, https:\/\/www.mountainow.net\/wp-content\/uploads\/2020\/11\/Applica_Viggiani_bw3png-480x480.png 480w\" sizes=\"(max-width: 632px) 100vw, 632px\" \/><div class=\"lsow-social-wrap\"><div class=\"lsow-social-list\"><div class=\"lsow-social-list-item\"><a class=\"lsow-email\" href=\"mailto:https:\/\/www.applica.guru\/\" title=\"Send an email\"><i class=\"lsow-icon-email\"><\/i><\/a><\/div><\/div><!-- .lsow-social-list --><\/div><!-- .lsow-social-wrap --><\/div><!-- .lsow-image-wrapper --><div class=\"lsow-team-member-text\"><h3 class=\"lsow-title\">Giovanni Viggiani<\/h3><div class=\"lsow-team-member-position\"><\/div><div class=\"lsow-team-member-details\">D\u00e9veloppeur iOS, Applica<\/div><\/div><!-- .lsow-team-member-text --><\/div><!-- .lsow-team-member --><\/div><!-- .lsow-team-member-wrapper --><div class=\"lsow-grid-item lsow-team-member-wrapper\"><div class=\"lsow-team-member \" ><div class=\"lsow-image-wrapper\"><img width=\"640\" height=\"640\" src=\"https:\/\/www.mountainow.net\/wp-content\/uploads\/2020\/11\/Applica_Giovanni-Petrosino_bw2.png\" class=\"lsow-image\" alt=\"\" decoding=\"async\" loading=\"lazy\" srcset=\"https:\/\/www.mountainow.net\/wp-content\/uploads\/2020\/11\/Applica_Giovanni-Petrosino_bw2.png 649w, https:\/\/www.mountainow.net\/wp-content\/uploads\/2020\/11\/Applica_Giovanni-Petrosino_bw2-150x150.png 150w, https:\/\/www.mountainow.net\/wp-content\/uploads\/2020\/11\/Applica_Giovanni-Petrosino_bw2-300x300.png 300w, https:\/\/www.mountainow.net\/wp-content\/uploads\/2020\/11\/Applica_Giovanni-Petrosino_bw2-480x480.png 480w\" sizes=\"(max-width: 640px) 100vw, 640px\" \/><div class=\"lsow-social-wrap\"><div class=\"lsow-social-list\"><div class=\"lsow-social-list-item\"><a class=\"lsow-email\" href=\"mailto:https:\/\/www.applica.guru\/\" title=\"Send an email\"><i class=\"lsow-icon-email\"><\/i><\/a><\/div><div class=\"lsow-social-list-item\"><a class=\"lsow-linkedin\" href=\"https:\/\/www.linkedin.com\/in\/giovanni-petrosino-5bb55382\/\" target=\"_blank\" title=\"View LinkedIn Profile\"><i class=\"lsow-icon-linkedin\"><\/i><\/a><\/div><\/div><!-- .lsow-social-list --><\/div><!-- .lsow-social-wrap --><\/div><!-- .lsow-image-wrapper --><div class=\"lsow-team-member-text\"><h3 class=\"lsow-title\">Giovanni Petrosino<\/h3><div class=\"lsow-team-member-position\"><\/div><div class=\"lsow-team-member-details\">D\u00e9veloppeur iOS, Applica<\/div><\/div><!-- .lsow-team-member-text --><\/div><!-- .lsow-team-member --><\/div><!-- .lsow-team-member-wrapper --><div class=\"lsow-grid-item lsow-team-member-wrapper\"><div class=\"lsow-team-member \" ><div class=\"lsow-image-wrapper\"><img width=\"640\" height=\"641\" src=\"https:\/\/www.mountainow.net\/wp-content\/uploads\/2020\/11\/Applica_Michele-Leone_bw.jpg\" class=\"lsow-image\" alt=\"\" decoding=\"async\" loading=\"lazy\" srcset=\"https:\/\/www.mountainow.net\/wp-content\/uploads\/2020\/11\/Applica_Michele-Leone_bw.jpg 767w, https:\/\/www.mountainow.net\/wp-content\/uploads\/2020\/11\/Applica_Michele-Leone_bw-150x150.jpg 150w, https:\/\/www.mountainow.net\/wp-content\/uploads\/2020\/11\/Applica_Michele-Leone_bw-300x300.jpg 300w, https:\/\/www.mountainow.net\/wp-content\/uploads\/2020\/11\/Applica_Michele-Leone_bw-480x480.jpg 480w\" sizes=\"(max-width: 640px) 100vw, 640px\" \/><div class=\"lsow-social-wrap\"><div class=\"lsow-social-list\"><div class=\"lsow-social-list-item\"><a class=\"lsow-email\" href=\"mailto:https:\/\/www.applica.guru\/\" title=\"Send an email\"><i class=\"lsow-icon-email\"><\/i><\/a><\/div><div class=\"lsow-social-list-item\"><a class=\"lsow-linkedin\" href=\"https:\/\/www.linkedin.com\/in\/michele-leone-71427b100\/\" target=\"_blank\" title=\"View LinkedIn Profile\"><i class=\"lsow-icon-linkedin\"><\/i><\/a><\/div><\/div><!-- .lsow-social-list --><\/div><!-- .lsow-social-wrap --><\/div><!-- .lsow-image-wrapper --><div class=\"lsow-team-member-text\"><h3 class=\"lsow-title\">Michele Leone<\/h3><div class=\"lsow-team-member-position\"><\/div><div class=\"lsow-team-member-details\">Designer UIX, Applica<\/div><\/div><!-- .lsow-team-member-text --><\/div><!-- .lsow-team-member --><\/div><!-- .lsow-team-member-wrapper --><div class=\"lsow-grid-item lsow-team-member-wrapper\"><div class=\"lsow-team-member \" ><div class=\"lsow-image-wrapper\"><img width=\"390\" height=\"390\" src=\"https:\/\/www.mountainow.net\/wp-content\/uploads\/2017\/11\/a06-julia-dubuis.png\" class=\"lsow-image\" alt=\"\" decoding=\"async\" loading=\"lazy\" srcset=\"https:\/\/www.mountainow.net\/wp-content\/uploads\/2017\/11\/a06-julia-dubuis.png 390w, https:\/\/www.mountainow.net\/wp-content\/uploads\/2017\/11\/a06-julia-dubuis-150x150.png 150w, https:\/\/www.mountainow.net\/wp-content\/uploads\/2017\/11\/a06-julia-dubuis-300x300.png 300w\" sizes=\"(max-width: 390px) 100vw, 390px\" \/><div class=\"lsow-social-wrap\"><div class=\"lsow-social-list\"><div class=\"lsow-social-list-item\"><a class=\"lsow-email\" href=\"mailto:http:\/\/www.lapm.ch\/\" title=\"Send an email\"><i class=\"lsow-icon-email\"><\/i><\/a><\/div><div class=\"lsow-social-list-item\"><a class=\"lsow-linkedin\" href=\"https:\/\/fr.linkedin.com\/pub\/julia-dubuis\/41\/434\/354\" target=\"_blank\" title=\"View LinkedIn Profile\"><i class=\"lsow-icon-linkedin\"><\/i><\/a><\/div><\/div><!-- .lsow-social-list --><\/div><!-- .lsow-social-wrap --><\/div><!-- .lsow-image-wrapper --><div class=\"lsow-team-member-text\"><h3 class=\"lsow-title\">Julia Dubuis<\/h3><div class=\"lsow-team-member-position\"><\/div><div class=\"lsow-team-member-details\">Graphiste Designer<\/div><\/div><!-- .lsow-team-member-text --><\/div><!-- .lsow-team-member --><\/div><!-- .lsow-team-member-wrapper --><div class=\"lsow-grid-item lsow-team-member-wrapper\"><div class=\"lsow-team-member \" ><div class=\"lsow-image-wrapper\"><img width=\"533\" height=\"533\" src=\"https:\/\/www.mountainow.net\/wp-content\/uploads\/2018\/07\/luca_bw-1.jpg\" class=\"lsow-image\" alt=\"\" decoding=\"async\" loading=\"lazy\" srcset=\"https:\/\/www.mountainow.net\/wp-content\/uploads\/2018\/07\/luca_bw-1.jpg 533w, https:\/\/www.mountainow.net\/wp-content\/uploads\/2018\/07\/luca_bw-1-150x150.jpg 150w, https:\/\/www.mountainow.net\/wp-content\/uploads\/2018\/07\/luca_bw-1-300x300.jpg 300w, https:\/\/www.mountainow.net\/wp-content\/uploads\/2018\/07\/luca_bw-1-480x480.jpg 480w\" sizes=\"(max-width: 533px) 100vw, 533px\" \/><div class=\"lsow-social-wrap\"><div class=\"lsow-social-list\"><div class=\"lsow-social-list-item\"><a class=\"lsow-facebook\" href=\"https:\/\/www.facebook.com\/luchinobussoletti\" target=\"_blank\" title=\"Follow on Facebook\"><i class=\"lsow-icon-facebook\"><\/i><\/a><\/div><div class=\"lsow-social-list-item\"><a class=\"lsow-twitter\" href=\"https:\/\/twitter.com\/lucabussoletti?lang=en\" target=\"_blank\" title=\"Subscribe to Twitter Feed\"><i class=\"lsow-icon-twitter\"><\/i><\/a><\/div><div class=\"lsow-social-list-item\"><a class=\"lsow-instagram\" href=\"https:\/\/www.instagram.com\/bussolettimusic\/\" target=\"_blank\" title=\"View Instagram Feed\"><i class=\"lsow-icon-instagram\"><\/i><\/a><\/div><\/div><!-- .lsow-social-list --><\/div><!-- .lsow-social-wrap --><\/div><!-- .lsow-image-wrapper --><div class=\"lsow-team-member-text\"><h3 class=\"lsow-title\">Luca Bussoletti<\/h3><div class=\"lsow-team-member-position\"><\/div><div class=\"lsow-team-member-details\">Social Media Manager<\/div><\/div><!-- .lsow-team-member-text --><\/div><!-- .lsow-team-member --><\/div><!-- .lsow-team-member-wrapper --><div class=\"lsow-grid-item lsow-team-member-wrapper\"><div class=\"lsow-team-member \" ><div class=\"lsow-image-wrapper\"><img width=\"481\" height=\"533\" src=\"https:\/\/www.mountainow.net\/wp-content\/uploads\/2021\/01\/Baptiste-Guillemin_square2.jpg\" class=\"lsow-image\" alt=\"\" decoding=\"async\" loading=\"lazy\" srcset=\"https:\/\/www.mountainow.net\/wp-content\/uploads\/2021\/01\/Baptiste-Guillemin_square2.jpg 481w, https:\/\/www.mountainow.net\/wp-content\/uploads\/2021\/01\/Baptiste-Guillemin_square2-271x300.jpg 271w\" sizes=\"(max-width: 481px) 100vw, 481px\" \/><div class=\"lsow-social-wrap\"><div class=\"lsow-social-list\"><div class=\"lsow-social-list-item\"><a class=\"lsow-linkedin\" href=\"https:\/\/www.linkedin.com\/in\/baptiste-guillemin\" target=\"_blank\" title=\"View LinkedIn Profile\"><i class=\"lsow-icon-linkedin\"><\/i><\/a><\/div><\/div><!-- .lsow-social-list --><\/div><!-- .lsow-social-wrap --><\/div><!-- .lsow-image-wrapper --><div class=\"lsow-team-member-text\"><h3 class=\"lsow-title\">Baptiste Guillemin<\/h3><div class=\"lsow-team-member-position\"><\/div><div class=\"lsow-team-member-details\">Communication et Marketing Digital<\/div><\/div><!-- .lsow-team-member-text --><\/div><!-- .lsow-team-member --><\/div><!-- .lsow-team-member-wrapper --><div class=\"lsow-grid-item lsow-team-member-wrapper\"><div class=\"lsow-team-member \" ><div class=\"lsow-image-wrapper\"><img width=\"387\" height=\"388\" src=\"https:\/\/www.mountainow.net\/wp-content\/uploads\/2017\/11\/a09-chiara-bartoli.jpg\" class=\"lsow-image\" alt=\"\" decoding=\"async\" loading=\"lazy\" srcset=\"https:\/\/www.mountainow.net\/wp-content\/uploads\/2017\/11\/a09-chiara-bartoli.jpg 387w, https:\/\/www.mountainow.net\/wp-content\/uploads\/2017\/11\/a09-chiara-bartoli-150x150.jpg 150w, https:\/\/www.mountainow.net\/wp-content\/uploads\/2017\/11\/a09-chiara-bartoli-300x300.jpg 300w\" sizes=\"(max-width: 387px) 100vw, 387px\" \/><div class=\"lsow-social-wrap\"><div class=\"lsow-social-list\"><div class=\"lsow-social-list-item\"><a class=\"lsow-twitter\" href=\"https:\/\/twitter.com\/chiarbart\" target=\"_blank\" title=\"Subscribe to Twitter Feed\"><i class=\"lsow-icon-twitter\"><\/i><\/a><\/div><div class=\"lsow-social-list-item\"><a class=\"lsow-linkedin\" href=\"https:\/\/www.linkedin.com\/in\/chiara-bartoli-5128381a\" target=\"_blank\" title=\"View LinkedIn Profile\"><i class=\"lsow-icon-linkedin\"><\/i><\/a><\/div><\/div><!-- .lsow-social-list --><\/div><!-- .lsow-social-wrap --><\/div><!-- .lsow-image-wrapper --><div class=\"lsow-team-member-text\"><h3 class=\"lsow-title\">Chiara Bartoli<\/h3><div class=\"lsow-team-member-position\"><\/div><div class=\"lsow-team-member-details\">Partenariats,\nMarketing Digital<\/div><\/div><!-- .lsow-team-member-text --><\/div><!-- .lsow-team-member --><\/div><!-- .lsow-team-member-wrapper --><div class=\"lsow-grid-item lsow-team-member-wrapper\"><div class=\"lsow-team-member \" ><div class=\"lsow-image-wrapper\"><img width=\"216\" height=\"219\" src=\"https:\/\/www.mountainow.net\/wp-content\/uploads\/2019\/06\/CF_bw.png\" class=\"lsow-image\" alt=\"\" decoding=\"async\" loading=\"lazy\" \/><div class=\"lsow-social-wrap\"><div class=\"lsow-social-list\"><div class=\"lsow-social-list-item\"><a class=\"lsow-facebook\" href=\"https:\/\/www.facebook.com\/chris.frost.35912\" target=\"_blank\" title=\"Follow on Facebook\"><i class=\"lsow-icon-facebook\"><\/i><\/a><\/div><\/div><!-- .lsow-social-list --><\/div><!-- .lsow-social-wrap --><\/div><!-- .lsow-image-wrapper --><div class=\"lsow-team-member-text\"><h3 class=\"lsow-title\">Chris Frost<\/h3><div class=\"lsow-team-member-position\"><\/div><div class=\"lsow-team-member-details\">Finance<\/div><\/div><!-- .lsow-team-member-text --><\/div><!-- .lsow-team-member --><\/div><!-- .lsow-team-member-wrapper --><div class=\"lsow-grid-item lsow-team-member-wrapper\"><div class=\"lsow-team-member \" ><div class=\"lsow-image-wrapper\"><img width=\"640\" height=\"640\" src=\"https:\/\/www.mountainow.net\/wp-content\/uploads\/2017\/11\/a10-barbara-naegeli.jpg\" class=\"lsow-image\" alt=\"\" decoding=\"async\" loading=\"lazy\" srcset=\"https:\/\/www.mountainow.net\/wp-content\/uploads\/2017\/11\/a10-barbara-naegeli.jpg 768w, https:\/\/www.mountainow.net\/wp-content\/uploads\/2017\/11\/a10-barbara-naegeli-150x150.jpg 150w, https:\/\/www.mountainow.net\/wp-content\/uploads\/2017\/11\/a10-barbara-naegeli-300x300.jpg 300w, https:\/\/www.mountainow.net\/wp-content\/uploads\/2017\/11\/a10-barbara-naegeli-480x480.jpg 480w\" sizes=\"(max-width: 640px) 100vw, 640px\" \/><div class=\"lsow-social-wrap\"><div class=\"lsow-social-list\"><div class=\"lsow-social-list-item\"><a class=\"lsow-linkedin\" href=\"https:\/\/www.linkedin.com\/in\/bnaegeli\" target=\"_blank\" title=\"View LinkedIn Profile\"><i class=\"lsow-icon-linkedin\"><\/i><\/a><\/div><\/div><!-- .lsow-social-list --><\/div><!-- .lsow-social-wrap --><\/div><!-- .lsow-image-wrapper --><div class=\"lsow-team-member-text\"><h3 class=\"lsow-title\">Barbara Naegeli<\/h3><div class=\"lsow-team-member-position\"><\/div><div class=\"lsow-team-member-details\">Traduction,\nCommunication<\/div><\/div><!-- .lsow-team-member-text --><\/div><!-- .lsow-team-member --><\/div><!-- .lsow-team-member-wrapper --><\/div><!-- .lsow-team-members --><div class=\"lsow-clear\"><\/div><\/div><\/div><div id=\"panel-950-1-0-2\" class=\"so-panel widget widget_sow-button panel-last-child\" data-index=\"3\" ><div class=\"blue-button rounded panel-widget-style panel-widget-style-for-950-1-0-2\" ><div\n\t\t\t\n\t\t\tclass=\"so-widget-sow-button so-widget-sow-button-atom-eaa51a902caf-950\"\n\t\t\t\n\t\t><div class=\"ow-button-base ow-button-align-center\">\n\t<a\n\thref=\"https:\/\/www.mountainow.net\/fr\/a-propos\/comite-consultatif\/\"\n\t\tclass=\"ow-icon-placement-left ow-button-hover\" \t>\n\t\t<span>\n\t\t\t\n\t\t\tRencontrez le Comit\u00e9 Consultatif\t\t<\/span>\n\t<\/a>\n<\/div>\n<\/div><\/div><\/div><\/div><\/div><\/div><\/div>","protected":false},"excerpt":{"rendered":"<p>Equipe MountaiNow &#8211; Safer Together<\/p>\n","protected":false},"author":1,"featured_media":1722,"parent":941,"menu_order":0,"comment_status":"closed","ping_status":"closed","template":"","meta":[],"_links":{"self":[{"href":"https:\/\/www.mountainow.net\/fr\/wp-json\/wp\/v2\/pages\/950"}],"collection":[{"href":"https:\/\/www.mountainow.net\/fr\/wp-json\/wp\/v2\/pages"}],"about":[{"href":"https:\/\/www.mountainow.net\/fr\/wp-json\/wp\/v2\/types\/page"}],"author":[{"embeddable":true,"href":"https:\/\/www.mountainow.net\/fr\/wp-json\/wp\/v2\/users\/1"}],"replies":[{"embeddable":true,"href":"https:\/\/www.mountainow.net\/fr\/wp-json\/wp\/v2\/comments?post=950"}],"version-history":[{"count":32,"href":"https:\/\/www.mountainow.net\/fr\/wp-json\/wp\/v2\/pages\/950\/revisions"}],"predecessor-version":[{"id":4776,"href":"https:\/\/www.mountainow.net\/fr\/wp-json\/wp\/v2\/pages\/950\/revisions\/4776"}],"up":[{"embeddable":true,"href":"https:\/\/www.mountainow.net\/fr\/wp-json\/wp\/v2\/pages\/941"}],"wp:featuredmedia":[{"embeddable":true,"href":"https:\/\/www.mountainow.net\/fr\/wp-json\/wp\/v2\/media\/1722"}],"wp:attachment":[{"href":"https:\/\/www.mountainow.net\/fr\/wp-json\/wp\/v2\/media?parent=950"}],"curies":[{"name":"wp","href":"https:\/\/api.w.org\/{rel}","templated":true}]}}