{"id":947,"date":"2017-11-29T16:56:42","date_gmt":"2017-11-29T16:56:42","guid":{"rendered":"http:\/\/website.mountainow.net\/?page_id=947"},"modified":"2025-11-10T09:47:30","modified_gmt":"2025-11-10T09:47:30","slug":"comite-consultatif","status":"publish","type":"page","link":"https:\/\/www.mountainow.net\/fr\/a-propos\/comite-consultatif\/","title":{"rendered":"Comit\u00e9 Consultatif"},"content":{"rendered":"<div id=\"pl-947\"  class=\"panel-layout\" ><div id=\"pg-947-0\"  class=\"panel-grid panel-has-style\" ><div class=\"hide-title no-content-margin wider-row page-layout panel-row-style panel-row-style-for-947-0\" ><div id=\"pgc-947-0-0\"  class=\"panel-grid-cell\" ><div id=\"panel-947-0-0-0\" class=\"so-panel widget widget_sow-editor panel-first-child panel-last-child\" data-index=\"0\" ><div class=\"mountain-headline panel-widget-style panel-widget-style-for-947-0-0-0\" ><div\n\t\t\t\n\t\t\tclass=\"so-widget-sow-editor so-widget-sow-editor-base\"\n\t\t\t\n\t\t>\n<div class=\"siteorigin-widget-tinymce textwidget\">\n\t<h1>Comit\u00e9 Consultatif<\/h1>\n<h3>MountaiNow - Safer Together<\/h3>\n<\/div>\n<\/div><\/div><\/div><\/div><\/div><\/div><div id=\"pg-947-1\"  class=\"panel-grid panel-has-style\" ><div class=\"page-layout panel-row-style panel-row-style-for-947-1\" ><div id=\"pgc-947-1-0\"  class=\"panel-grid-cell\" ><div id=\"panel-947-1-0-0\" class=\"so-panel widget widget_sow-headline panel-first-child\" data-index=\"1\" ><div\n\t\t\t\n\t\t\tclass=\"so-widget-sow-headline so-widget-sow-headline-default-eb58c90b4a68-947\"\n\t\t\t\n\t\t><div class=\"sow-headline-container \">\n\t<h2 class='sow-headline'>Advisory Board<\/h2>\t\t\t\t\t<div class=\"decoration\">\n\t\t\t\t\t\t<div class=\"decoration-inside\"><\/div>\n\t\t\t\t\t<\/div>\n\t\t\t\t\t<\/div>\n<\/div><\/div><div id=\"panel-947-1-0-1\" class=\"so-panel widget widget_lsow-team-members\" data-index=\"2\" ><div\n\t\t\t\n\t\t\tclass=\"so-widget-lsow-team-members so-widget-lsow-team-members-style1-d75171398898-947\"\n\t\t\t\n\t\t>\n<div class=\"lsow-team-members lsow-style1 lsow-grid-container  lsow-grid-desktop-4 lsow-grid-tablet-2 lsow-grid-mobile-1\"><div class=\"lsow-grid-item lsow-team-member-wrapper\"><div class=\"lsow-team-member \" ><div class=\"lsow-image-wrapper\"><img width=\"390\" height=\"390\" src=\"https:\/\/www.mountainow.net\/wp-content\/uploads\/2017\/11\/01-ezio-bussoletti.jpg\" class=\"lsow-image\" alt=\"\" decoding=\"async\" loading=\"lazy\" srcset=\"https:\/\/www.mountainow.net\/wp-content\/uploads\/2017\/11\/01-ezio-bussoletti.jpg 390w, https:\/\/www.mountainow.net\/wp-content\/uploads\/2017\/11\/01-ezio-bussoletti-150x150.jpg 150w, https:\/\/www.mountainow.net\/wp-content\/uploads\/2017\/11\/01-ezio-bussoletti-300x300.jpg 300w\" sizes=\"(max-width: 390px) 100vw, 390px\" \/><div class=\"lsow-social-wrap\"><div class=\"lsow-social-list\"><div class=\"lsow-social-list-item\"><a class=\"lsow-email\" href=\"mailto:http:\/\/ggim.un.org\/\" title=\"Send an email\"><i class=\"lsow-icon-email\"><\/i><\/a><\/div><div class=\"lsow-social-list-item\"><a class=\"lsow-twitter\" href=\"https:\/\/twitter.com\/eziobussoletti\" target=\"_blank\" title=\"Subscribe to Twitter Feed\"><i class=\"lsow-icon-twitter\"><\/i><\/a><\/div><div class=\"lsow-social-list-item\"><a class=\"lsow-linkedin\" href=\"https:\/\/it.linkedin.com\/in\/bussoletti-ezio-30694a8\" target=\"_blank\" title=\"View LinkedIn Profile\"><i class=\"lsow-icon-linkedin\"><\/i><\/a><\/div><\/div><!-- .lsow-social-list --><\/div><!-- .lsow-social-wrap --><\/div><!-- .lsow-image-wrapper --><div class=\"lsow-team-member-text\"><h3 class=\"lsow-title\">Ezio Bussoletti<\/h3><div class=\"lsow-team-member-position\"><\/div><div class=\"lsow-team-member-details\">Expert G\u00e9ospatial, Chef de D\u00e9l\u00e9gation UN-GGIM<\/div><\/div><!-- .lsow-team-member-text --><\/div><!-- .lsow-team-member --><\/div><!-- .lsow-team-member-wrapper --><div class=\"lsow-grid-item lsow-team-member-wrapper\"><div class=\"lsow-team-member \" ><div class=\"lsow-image-wrapper\"><img width=\"213\" height=\"213\" src=\"https:\/\/www.mountainow.net\/wp-content\/uploads\/2017\/11\/02-elin-haf-davies.jpg\" class=\"lsow-image\" alt=\"\" decoding=\"async\" loading=\"lazy\" srcset=\"https:\/\/www.mountainow.net\/wp-content\/uploads\/2017\/11\/02-elin-haf-davies.jpg 213w, https:\/\/www.mountainow.net\/wp-content\/uploads\/2017\/11\/02-elin-haf-davies-150x150.jpg 150w\" sizes=\"(max-width: 213px) 100vw, 213px\" \/><div class=\"lsow-social-wrap\"><div class=\"lsow-social-list\"><div class=\"lsow-social-list-item\"><a class=\"lsow-email\" href=\"mailto:http:\/\/www.elinhafdavies.co.uk\/\" title=\"Send an email\"><i class=\"lsow-icon-email\"><\/i><\/a><\/div><div class=\"lsow-social-list-item\"><a class=\"lsow-twitter\" href=\"https:\/\/twitter.com\/elinhafdavies\" target=\"_blank\" title=\"Subscribe to Twitter Feed\"><i class=\"lsow-icon-twitter\"><\/i><\/a><\/div><div class=\"lsow-social-list-item\"><a class=\"lsow-linkedin\" href=\"https:\/\/uk.linkedin.com\/in\/elin-haf-davies-414b5211\" target=\"_blank\" title=\"View LinkedIn Profile\"><i class=\"lsow-icon-linkedin\"><\/i><\/a><\/div><\/div><!-- .lsow-social-list --><\/div><!-- .lsow-social-wrap --><\/div><!-- .lsow-image-wrapper --><div class=\"lsow-team-member-text\"><h3 class=\"lsow-title\">Elin-Haf Davies<\/h3><div class=\"lsow-team-member-position\"><\/div><div class=\"lsow-team-member-details\">Aventuri\u00e8re, Entrepreneur, CEO aparito.com<\/div><\/div><!-- .lsow-team-member-text --><\/div><!-- .lsow-team-member --><\/div><!-- .lsow-team-member-wrapper --><div class=\"lsow-grid-item lsow-team-member-wrapper\"><div class=\"lsow-team-member \" ><div class=\"lsow-image-wrapper\"><img width=\"237\" height=\"237\" src=\"https:\/\/www.mountainow.net\/wp-content\/uploads\/2017\/11\/03-jacques-grandjean.jpg\" class=\"lsow-image\" alt=\"\" decoding=\"async\" loading=\"lazy\" srcset=\"https:\/\/www.mountainow.net\/wp-content\/uploads\/2017\/11\/03-jacques-grandjean.jpg 237w, https:\/\/www.mountainow.net\/wp-content\/uploads\/2017\/11\/03-jacques-grandjean-150x150.jpg 150w\" sizes=\"(max-width: 237px) 100vw, 237px\" \/><div class=\"lsow-social-wrap\"><div class=\"lsow-social-list\"><div class=\"lsow-social-list-item\"><a class=\"lsow-dribbble\" href=\"http:\/\/www.croc-montagne.ch\/index.html\" target=\"_blank\" title=\"View Dribbble Portfolio\"><i class=\"lsow-icon-dribbble\"><\/i><\/a><\/div><\/div><!-- .lsow-social-list --><\/div><!-- .lsow-social-wrap --><\/div><!-- .lsow-image-wrapper --><div class=\"lsow-team-member-text\"><h3 class=\"lsow-title\">Jacques Grandjean<\/h3><div class=\"lsow-team-member-position\"><\/div><div class=\"lsow-team-member-details\">Guide de Haute Montagne,\nExpert aupr\u00e8s du Club Alpin Suisse<\/div><\/div><!-- .lsow-team-member-text --><\/div><!-- .lsow-team-member --><\/div><!-- .lsow-team-member-wrapper --><div class=\"lsow-grid-item lsow-team-member-wrapper\"><div class=\"lsow-team-member \" ><div class=\"lsow-image-wrapper\"><img width=\"178\" height=\"177\" src=\"https:\/\/www.mountainow.net\/wp-content\/uploads\/2017\/11\/05-christoph-meister.png\" class=\"lsow-image\" alt=\"\" decoding=\"async\" loading=\"lazy\" srcset=\"https:\/\/www.mountainow.net\/wp-content\/uploads\/2017\/11\/05-christoph-meister.png 178w, https:\/\/www.mountainow.net\/wp-content\/uploads\/2017\/11\/05-christoph-meister-150x150.png 150w\" sizes=\"(max-width: 178px) 100vw, 178px\" \/><div class=\"lsow-social-wrap\"><div class=\"lsow-social-list\"><div class=\"lsow-social-list-item\"><a class=\"lsow-linkedin\" href=\"http:\/\/ch.linkedin.com\/in\/christoph-meister-595a2095\" target=\"_blank\" title=\"View LinkedIn Profile\"><i class=\"lsow-icon-linkedin\"><\/i><\/a><\/div><\/div><!-- .lsow-social-list --><\/div><!-- .lsow-social-wrap --><\/div><!-- .lsow-image-wrapper --><div class=\"lsow-team-member-text\"><h3 class=\"lsow-title\">Christoph Meister<\/h3><div class=\"lsow-team-member-position\"><\/div><div class=\"lsow-team-member-details\">Grimpeur,\nExpert en Innovation<\/div><\/div><!-- .lsow-team-member-text --><\/div><!-- .lsow-team-member --><\/div><!-- .lsow-team-member-wrapper --><div class=\"lsow-grid-item lsow-team-member-wrapper\"><div class=\"lsow-team-member \" ><div class=\"lsow-image-wrapper\"><img width=\"390\" height=\"390\" src=\"https:\/\/www.mountainow.net\/wp-content\/uploads\/2017\/11\/06-jean-micol.jpg\" class=\"lsow-image\" alt=\"\" decoding=\"async\" loading=\"lazy\" srcset=\"https:\/\/www.mountainow.net\/wp-content\/uploads\/2017\/11\/06-jean-micol.jpg 390w, https:\/\/www.mountainow.net\/wp-content\/uploads\/2017\/11\/06-jean-micol-150x150.jpg 150w, https:\/\/www.mountainow.net\/wp-content\/uploads\/2017\/11\/06-jean-micol-300x300.jpg 300w\" sizes=\"(max-width: 390px) 100vw, 390px\" \/><div class=\"lsow-social-wrap\"><div class=\"lsow-social-list\"><div class=\"lsow-social-list-item\"><a class=\"lsow-email\" href=\"mailto:http:\/\/www.cas-diablerets.ch\/\" title=\"Send an email\"><i class=\"lsow-icon-email\"><\/i><\/a><\/div><div class=\"lsow-social-list-item\"><a class=\"lsow-linkedin\" href=\"https:\/\/www.linkedin.com\/in\/jean-micol-b3a6763?\" target=\"_blank\" title=\"View LinkedIn Profile\"><i class=\"lsow-icon-linkedin\"><\/i><\/a><\/div><\/div><!-- .lsow-social-list --><\/div><!-- .lsow-social-wrap --><\/div><!-- .lsow-image-wrapper --><div class=\"lsow-team-member-text\"><h3 class=\"lsow-title\">Jean Micol<\/h3><div class=\"lsow-team-member-position\"><\/div><div class=\"lsow-team-member-details\">Pr\u00e9sident, Club Alpin Suisse, Section Diablerets; Co-Fondateur Executive MBA, EPFL<\/div><\/div><!-- .lsow-team-member-text --><\/div><!-- .lsow-team-member --><\/div><!-- .lsow-team-member-wrapper --><div class=\"lsow-grid-item lsow-team-member-wrapper\"><div class=\"lsow-team-member \" ><div class=\"lsow-image-wrapper\"><img width=\"318\" height=\"319\" src=\"https:\/\/www.mountainow.net\/wp-content\/uploads\/2020\/07\/Reik-colour-3.jpg\" class=\"lsow-image\" alt=\"\" decoding=\"async\" loading=\"lazy\" srcset=\"https:\/\/www.mountainow.net\/wp-content\/uploads\/2020\/07\/Reik-colour-3.jpg 318w, https:\/\/www.mountainow.net\/wp-content\/uploads\/2020\/07\/Reik-colour-3-150x150.jpg 150w, https:\/\/www.mountainow.net\/wp-content\/uploads\/2020\/07\/Reik-colour-3-300x300.jpg 300w\" sizes=\"(max-width: 318px) 100vw, 318px\" \/><div class=\"lsow-social-wrap\"><div class=\"lsow-social-list\"><div class=\"lsow-social-list-item\"><a class=\"lsow-email\" href=\"mailto:https:\/\/www.exolabs.ch\/\" title=\"Send an email\"><i class=\"lsow-icon-email\"><\/i><\/a><\/div><div class=\"lsow-social-list-item\"><a class=\"lsow-linkedin\" href=\"https:\/\/www.linkedin.com\/in\/reik-leiterer-81276056\/\" target=\"_blank\" title=\"View LinkedIn Profile\"><i class=\"lsow-icon-linkedin\"><\/i><\/a><\/div><\/div><!-- .lsow-social-list --><\/div><!-- .lsow-social-wrap --><\/div><!-- .lsow-image-wrapper --><div class=\"lsow-team-member-text\"><h3 class=\"lsow-title\">Reik Leiterer<\/h3><div class=\"lsow-team-member-position\"><\/div><div class=\"lsow-team-member-details\">Expert en T\u00e9l\u00e9detection et Science de la Communication; CEO Exolabs<\/div><\/div><!-- .lsow-team-member-text --><\/div><!-- .lsow-team-member --><\/div><!-- .lsow-team-member-wrapper --><div class=\"lsow-grid-item lsow-team-member-wrapper\"><div class=\"lsow-team-member \" ><div class=\"lsow-image-wrapper\"><img width=\"390\" height=\"390\" src=\"https:\/\/www.mountainow.net\/wp-content\/uploads\/2017\/11\/07-denis-pavillard.jpg\" class=\"lsow-image\" alt=\"\" decoding=\"async\" loading=\"lazy\" srcset=\"https:\/\/www.mountainow.net\/wp-content\/uploads\/2017\/11\/07-denis-pavillard.jpg 390w, https:\/\/www.mountainow.net\/wp-content\/uploads\/2017\/11\/07-denis-pavillard-150x150.jpg 150w, https:\/\/www.mountainow.net\/wp-content\/uploads\/2017\/11\/07-denis-pavillard-300x300.jpg 300w\" sizes=\"(max-width: 390px) 100vw, 390px\" \/><div class=\"lsow-social-wrap\"><div class=\"lsow-social-list\"><div class=\"lsow-social-list-item\"><a class=\"lsow-linkedin\" href=\"https:\/\/www.linkedin.com\/in\/denis-pavillard-8548301\" target=\"_blank\" title=\"View LinkedIn Profile\"><i class=\"lsow-icon-linkedin\"><\/i><\/a><\/div><\/div><!-- .lsow-social-list --><\/div><!-- .lsow-social-wrap --><\/div><!-- .lsow-image-wrapper --><div class=\"lsow-team-member-text\"><h3 class=\"lsow-title\">Denis Pavillard<\/h3><div class=\"lsow-team-member-position\"><\/div><div class=\"lsow-team-member-details\">Photographe Trekker,\nExpert en Technologie<\/div><\/div><!-- .lsow-team-member-text --><\/div><!-- .lsow-team-member --><\/div><!-- .lsow-team-member-wrapper --><div class=\"lsow-grid-item lsow-team-member-wrapper\"><div class=\"lsow-team-member \" ><div class=\"lsow-image-wrapper\"><img width=\"332\" height=\"340\" src=\"https:\/\/www.mountainow.net\/wp-content\/uploads\/2019\/06\/Mario-Rao_sq.jpg\" class=\"lsow-image\" alt=\"\" decoding=\"async\" loading=\"lazy\" srcset=\"https:\/\/www.mountainow.net\/wp-content\/uploads\/2019\/06\/Mario-Rao_sq.jpg 332w, https:\/\/www.mountainow.net\/wp-content\/uploads\/2019\/06\/Mario-Rao_sq-293x300.jpg 293w\" sizes=\"(max-width: 332px) 100vw, 332px\" \/><div class=\"lsow-social-wrap\"><div class=\"lsow-social-list\"><div class=\"lsow-social-list-item\"><a class=\"lsow-linkedin\" href=\"https:\/\/www.linkedin.com\/in\/mario-rao-988b2019\/\" target=\"_blank\" title=\"View LinkedIn Profile\"><i class=\"lsow-icon-linkedin\"><\/i><\/a><\/div><\/div><!-- .lsow-social-list --><\/div><!-- .lsow-social-wrap --><\/div><!-- .lsow-image-wrapper --><div class=\"lsow-team-member-text\"><h3 class=\"lsow-title\">Mario Rao<\/h3><div class=\"lsow-team-member-position\"><\/div><div class=\"lsow-team-member-details\">Consultant en Entreprise, Expert financier<\/div><\/div><!-- .lsow-team-member-text --><\/div><!-- .lsow-team-member --><\/div><!-- .lsow-team-member-wrapper --><\/div><!-- .lsow-team-members --><div class=\"lsow-clear\"><\/div><\/div><\/div><div id=\"panel-947-1-0-2\" class=\"so-panel widget widget_sow-button panel-last-child\" data-index=\"3\" ><div class=\"blue-button rounded panel-widget-style panel-widget-style-for-947-1-0-2\" ><div\n\t\t\t\n\t\t\tclass=\"so-widget-sow-button so-widget-sow-button-atom-eaa51a902caf-947\"\n\t\t\t\n\t\t><div class=\"ow-button-base ow-button-align-center\">\n\t<a\n\thref=\"https:\/\/www.mountainow.net\/fr\/a-propos\/equipe\/\"\n\t\tclass=\"ow-icon-placement-left ow-button-hover\" \t>\n\t\t<span>\n\t\t\t\n\t\t\tRencontrez l'Equipe\t\t<\/span>\n\t<\/a>\n<\/div>\n<\/div><\/div><\/div><\/div><\/div><\/div><\/div>","protected":false},"excerpt":{"rendered":"<p>Comit\u00e9 Consultatif MountaiNow &#8211; Safer Together<\/p>\n","protected":false},"author":1,"featured_media":2493,"parent":941,"menu_order":0,"comment_status":"closed","ping_status":"closed","template":"","meta":[],"_links":{"self":[{"href":"https:\/\/www.mountainow.net\/fr\/wp-json\/wp\/v2\/pages\/947"}],"collection":[{"href":"https:\/\/www.mountainow.net\/fr\/wp-json\/wp\/v2\/pages"}],"about":[{"href":"https:\/\/www.mountainow.net\/fr\/wp-json\/wp\/v2\/types\/page"}],"author":[{"embeddable":true,"href":"https:\/\/www.mountainow.net\/fr\/wp-json\/wp\/v2\/users\/1"}],"replies":[{"embeddable":true,"href":"https:\/\/www.mountainow.net\/fr\/wp-json\/wp\/v2\/comments?post=947"}],"version-history":[{"count":19,"href":"https:\/\/www.mountainow.net\/fr\/wp-json\/wp\/v2\/pages\/947\/revisions"}],"predecessor-version":[{"id":8800,"href":"https:\/\/www.mountainow.net\/fr\/wp-json\/wp\/v2\/pages\/947\/revisions\/8800"}],"up":[{"embeddable":true,"href":"https:\/\/www.mountainow.net\/fr\/wp-json\/wp\/v2\/pages\/941"}],"wp:featuredmedia":[{"embeddable":true,"href":"https:\/\/www.mountainow.net\/fr\/wp-json\/wp\/v2\/media\/2493"}],"wp:attachment":[{"href":"https:\/\/www.mountainow.net\/fr\/wp-json\/wp\/v2\/media?parent=947"}],"curies":[{"name":"wp","href":"https:\/\/api.w.org\/{rel}","templated":true}]}}