{"id":1047,"date":"2017-11-29T17:18:08","date_gmt":"2017-11-29T17:18:08","guid":{"rendered":"http:\/\/website.mountainow.net\/?page_id=1047"},"modified":"2024-11-27T21:29:35","modified_gmt":"2024-11-27T21:29:35","slug":"conseils-du-bpa","status":"publish","type":"page","link":"https:\/\/www.mountainow.net\/fr\/securite\/conseils-du-bpa\/","title":{"rendered":"Conseils du bpa"},"content":{"rendered":"<div id=\"pl-1047\"  class=\"panel-layout\" ><div id=\"pg-1047-0\"  class=\"panel-grid panel-has-style\" ><div class=\"hide-title no-content-margin wider-row page-layout panel-row-style panel-row-style-for-1047-0\" ><div id=\"pgc-1047-0-0\"  class=\"panel-grid-cell\" ><div id=\"panel-1047-0-0-0\" class=\"so-panel widget widget_sow-editor panel-first-child panel-last-child\" data-index=\"0\" ><div class=\"mountain-headline panel-widget-style panel-widget-style-for-1047-0-0-0\" ><div\n\t\t\t\n\t\t\tclass=\"so-widget-sow-editor so-widget-sow-editor-base\"\n\t\t\t\n\t\t>\n<div class=\"siteorigin-widget-tinymce textwidget\">\n\t<h1>Bureau de Pr\u00e9vention des Accidents<\/h1>\n<h3>MountaiNow - Safer Together<\/h3>\n<\/div>\n<\/div><\/div><\/div><\/div><\/div><\/div><div id=\"pg-1047-1\"  class=\"panel-grid panel-has-style\" ><div class=\"page-layout panel-row-style panel-row-style-for-1047-1\" ><div id=\"pgc-1047-1-0\"  class=\"panel-grid-cell\" ><div id=\"panel-1047-1-0-0\" class=\"so-panel widget widget_sow-image panel-first-child\" data-index=\"1\" ><div\n\t\t\t\n\t\t\tclass=\"so-widget-sow-image so-widget-sow-image-default-c67d20f9f743-1047\"\n\t\t\t\n\t\t>\n\n<div class=\"sow-image-container\">\n\t\t<img alt=\"\" loading=\"lazy\" \t\tclass=\"so-widget-image\"\/>\n\t<\/div>\n\n<\/div><\/div><div id=\"panel-1047-1-0-1\" class=\"so-panel widget widget_sow-editor\" data-index=\"2\" ><div class=\"orange panel-widget-style panel-widget-style-for-1047-1-0-1\" ><div\n\t\t\t\n\t\t\tclass=\"so-widget-sow-editor so-widget-sow-editor-base\"\n\t\t\t\n\t\t>\n<div class=\"siteorigin-widget-tinymce textwidget\">\n\t<h3 style=\"text-align: center;\">Retrouvez tous les <a href=\"https:\/\/www.bfu.ch\/fr\/dossiers\/sports-de-montagne-randonnee\" target=\"_blank\" rel=\"noopener\">conseils<\/a> du Bureau de Pr\u00e9vention des Accidents<\/h3>\n<h2 style=\"text-align: center;\">Pr\u00eat pour la montagne?<\/h2>\n<p>Les randonn\u00e9es en montagne sont synonymes de moments pass\u00e9s dans la nature sur plus de 24 000 kilom\u00e8tres de chemins balis\u00e9s en blanc-rouge-blanc, d\u2019une ascension peut-\u00eatre assez raide mais \u00e9galement d\u2019une vue fantastique.<\/p>\n<p>Malheureusement chaque ann\u00e9e, quelque 20 000 personnes en moyenne sont victimes d\u2019accidents (dont 40 ont une issue fatale) lors de randonn\u00e9es et de randonn\u00e9es en montagne. Glisser et tr\u00e9bucher peuvent engendrer une chute lourde de cons\u00e9quences. En effet, une randonn\u00e9e en montagne n\u2019est pas une simple promenade.<\/p>\n<p>C\u2019est la raison pour laquelle nous vous recommandons de suivre le m\u00e9mento de la randonn\u00e9e et de respecter les conseils suivants:<\/p>\n<h3>Pr\u00e9paration: quelle randonn\u00e9e envisager?<\/h3>\n<p>Pr\u00e9parez soigneusement votre randonn\u00e9e en montagne (itin\u00e9raire, dur\u00e9e et m\u00e9t\u00e9o).<\/p>\n<h3>Evaluation: cette randonn\u00e9e est-elle faite pour moi?<\/h3>\n<p>Adaptez la planification \u00e0 vos capacit\u00e9s momentan\u00e9es. Ne d\u00e9passez pas vos limites.<\/p>\n<h3>Equipement: ai-je emport\u00e9 tout ce qu\u2019il faut?<\/h3>\n<p>Portez des chaussures de randonn\u00e9e robustes \u00e0 semelle profil\u00e9e et emportez de quoi vous prot\u00e9ger du soleil, de la pluie et du froid.<\/p>\n<h3>Contr\u00f4le: tout est encore ok en cours de route?<\/h3>\n<p>Hydratez-vous et alimentez-vous r\u00e9guli\u00e8rement. Respectez votre horaire et contr\u00f4lez l\u2019\u00e9volution de la m\u00e9t\u00e9o. Si n\u00e9cessaire, faites demi-tour \u00e0 temps.<\/p>\n<p>Bon nombre d\u2019accidents ont lieu sur un passage glissant ou dans un champ de neige r\u00e9siduelle. Soyez donc particuli\u00e8rement prudent aux endroits mouill\u00e9s et glissants, en restant \u00e0 tout moment concentr\u00e9 sur la marche. Evitez les passages verglac\u00e9s et les champs de neige r\u00e9siduelle.<\/p>\n<p>Pour de plus amples informations, veuillez consulter le site de la campagne actuelle sur la randonn\u00e9e en montagne (<a href=\"http:\/\/www.rando-en-securite.ch\/\" target=\"_blank\" rel=\"noopener\">www.rando-en-securite.ch<\/a>), men\u00e9e conjointement par le bpa, Suisse Rando et Remont\u00e9es M\u00e9caniques Suisses, avec le soutien de l\u2019assureur-maladie SWICA.<\/p>\n<\/div>\n<\/div><\/div><\/div><div id=\"panel-1047-1-0-2\" class=\"so-panel widget widget_sow-image panel-last-child\" data-index=\"3\" ><div\n\t\t\t\n\t\t\tclass=\"so-widget-sow-image so-widget-sow-image-default-a258e6bfa2d8-1047\"\n\t\t\t\n\t\t>\n\n<div class=\"sow-image-container\">\n\t\t<img src=\"https:\/\/www.mountainow.net\/wp-content\/uploads\/2017\/11\/upi-consulenza-last-img.jpg\" width=\"600\" height=\"219\" srcset=\"https:\/\/www.mountainow.net\/wp-content\/uploads\/2017\/11\/upi-consulenza-last-img.jpg 600w, https:\/\/www.mountainow.net\/wp-content\/uploads\/2017\/11\/upi-consulenza-last-img-300x110.jpg 300w\" sizes=\"(max-width: 600px) 100vw, 600px\" alt=\"MountaiNow - Prevenzione degli Infortuni - Scalata\" loading=\"lazy\" \t\tclass=\"so-widget-image\"\/>\n\t<\/div>\n\n<\/div><\/div><\/div><div id=\"pgc-1047-1-1\"  class=\"panel-grid-cell\" >\t\t\t\n\t\t\t<aside class=\"widgetized-sidebar\">\n\t\t\t\t\t\t\t<section id=\"seccarouselwidget-3\" class=\"widget seCcarouselWidget\"><div class='custom-post-carousel'><h2 class='carousel-heading'>Communaut\u00e9<\/h2><div class='no-carousel se-ccarousel'>\t\t\t\t\t\t\r\n\t\t\t\t\t\t<div class=\"carousel-item se-ccarousel-item\">\r\n\t\t\t\t\t\t\t<div class=\"item-header\">\r\n\t\t\t\t\t\t\t\t<a href=\"http:\/\/www.sac-cas.ch\/en.html\" title=\"Swiss Alpine Club\" target='_blank'>\r\n\t\t\t\t\t\t\t\t<img class=\"menu-image-img\" src=\"https:\/\/www.mountainow.net\/wp-content\/uploads\/2017\/11\/schweizen-alpen-club-logo-300x130.png\" alt=\"Swiss Alpine Club\" \/>\r\n\t\t\t\t\t\t\t\t<\/a>\r\n\t\t\t\t\t\t\t<\/div>\r\n\t\t\t\t\t\t\t<a class=\"item-overlay\" href=\"http:\/\/www.sac-cas.ch\/en.html\" title=\"Swiss Alpine Club\" target='_blank'>\r\n\t\t\t\t\t\t\t<span class=\"item-content\">\r\n\t\t\t\t\t\t\t\t<h4 class=\"item-title\">Swiss Alpine Club<\/h4>\r\n\t\t\t\t\t\t\t\t<p class=\"item-desc\"><\/p>\r\n\t\t\t\t\t\t\t<\/span>\r\n\t\t\t\t\t\t\t<\/a>\r\n\t\t\t\t\t\t<\/div>\r\n\t\t\t\t\t\t\t\r\n\t\t\t\t\t\t\t\t\t\t\r\n\t\t\t\t\t\t<div class=\"carousel-item se-ccarousel-item\">\r\n\t\t\t\t\t\t\t<div class=\"item-header\">\r\n\t\t\t\t\t\t\t\t<a href=\"http:\/\/www.cai.it\/\" title=\"\" target='_blank'>\r\n\t\t\t\t\t\t\t\t<img class=\"menu-image-img\" src=\"https:\/\/www.mountainow.net\/wp-content\/uploads\/2017\/11\/club-alpino-italiano-logo-300x246.png\" alt=\"\" \/>\r\n\t\t\t\t\t\t\t\t<\/a>\r\n\t\t\t\t\t\t\t<\/div>\r\n\t\t\t\t\t\t\t<a class=\"item-overlay\" href=\"http:\/\/www.cai.it\/\" title=\"\" target='_blank'>\r\n\t\t\t\t\t\t\t<span class=\"item-content\">\r\n\t\t\t\t\t\t\t\t<h4 class=\"item-title\"><\/h4>\r\n\t\t\t\t\t\t\t\t<p class=\"item-desc\"><\/p>\r\n\t\t\t\t\t\t\t<\/span>\r\n\t\t\t\t\t\t\t<\/a>\r\n\t\t\t\t\t\t<\/div>\r\n\t\t\t\t\t\t\t\r\n\t\t\t\t\t\t\t\t\t\t\r\n\t\t\t\t\t\t<div class=\"carousel-item se-ccarousel-item\">\r\n\t\t\t\t\t\t\t<div class=\"item-header\">\r\n\t\t\t\t\t\t\t\t<a href=\"http:\/\/www.clubalpin-chamonix.com\/\" title=\"\" target='_blank'>\r\n\t\t\t\t\t\t\t\t<img class=\"menu-image-img\" src=\"https:\/\/www.mountainow.net\/wp-content\/uploads\/2017\/11\/caf-chamonix-logo.jpg\" alt=\"\" \/>\r\n\t\t\t\t\t\t\t\t<\/a>\r\n\t\t\t\t\t\t\t<\/div>\r\n\t\t\t\t\t\t\t<a class=\"item-overlay\" href=\"http:\/\/www.clubalpin-chamonix.com\/\" title=\"\" target='_blank'>\r\n\t\t\t\t\t\t\t<span class=\"item-content\">\r\n\t\t\t\t\t\t\t\t<h4 class=\"item-title\"><\/h4>\r\n\t\t\t\t\t\t\t\t<p class=\"item-desc\"><\/p>\r\n\t\t\t\t\t\t\t<\/span>\r\n\t\t\t\t\t\t\t<\/a>\r\n\t\t\t\t\t\t<\/div>\r\n\t\t\t\t\t\t\t\r\n\t\t\t\t\t\t\t\t\t\t\r\n\t\t\t\t\t\t<div class=\"carousel-item se-ccarousel-item\">\r\n\t\t\t\t\t\t\t<div class=\"item-header\">\r\n\t\t\t\t\t\t\t\t<a href=\"https:\/\/www.glamos.ch\/en\" title=\"\" target='_blank'>\r\n\t\t\t\t\t\t\t\t<img class=\"menu-image-img\" src=\"https:\/\/www.mountainow.net\/wp-content\/uploads\/2020\/09\/LogoGLAMOS-300x64.png\" alt=\"\" \/>\r\n\t\t\t\t\t\t\t\t<\/a>\r\n\t\t\t\t\t\t\t<\/div>\r\n\t\t\t\t\t\t\t<a class=\"item-overlay\" href=\"https:\/\/www.glamos.ch\/en\" title=\"\" target='_blank'>\r\n\t\t\t\t\t\t\t<span class=\"item-content\">\r\n\t\t\t\t\t\t\t\t<h4 class=\"item-title\"><\/h4>\r\n\t\t\t\t\t\t\t\t<p class=\"item-desc\"><\/p>\r\n\t\t\t\t\t\t\t<\/span>\r\n\t\t\t\t\t\t\t<\/a>\r\n\t\t\t\t\t\t<\/div>\r\n\t\t\t\t\t\t\t\r\n\t\t\t\t\t\t\t\t\t\t\r\n\t\t\t\t\t\t<div class=\"carousel-item se-ccarousel-item\">\r\n\t\t\t\t\t\t\t<div class=\"item-header\">\r\n\t\t\t\t\t\t\t\t<a href=\"http:\/\/www.permos.ch\/\" title=\"\" target='_blank'>\r\n\t\t\t\t\t\t\t\t<img class=\"menu-image-img\" src=\"https:\/\/www.mountainow.net\/wp-content\/uploads\/2020\/09\/PERMOS_Logo2010_text-300x67.png\" alt=\"\" \/>\r\n\t\t\t\t\t\t\t\t<\/a>\r\n\t\t\t\t\t\t\t<\/div>\r\n\t\t\t\t\t\t\t<a class=\"item-overlay\" href=\"http:\/\/www.permos.ch\/\" title=\"\" target='_blank'>\r\n\t\t\t\t\t\t\t<span class=\"item-content\">\r\n\t\t\t\t\t\t\t\t<h4 class=\"item-title\"><\/h4>\r\n\t\t\t\t\t\t\t\t<p class=\"item-desc\"><\/p>\r\n\t\t\t\t\t\t\t<\/span>\r\n\t\t\t\t\t\t\t<\/a>\r\n\t\t\t\t\t\t<\/div>\r\n\t\t\t\t\t\t\t\r\n\t\t\t\t\t\t\t\t\t\t\r\n\t\t\t\t\t\t<div class=\"carousel-item se-ccarousel-item\">\r\n\t\t\t\t\t\t\t<div class=\"item-header\">\r\n\t\t\t\t\t\t\t\t<a href=\"https:\/\/www.baechli-bergsport.ch\/\" title=\"\" >\r\n\t\t\t\t\t\t\t\t<img class=\"menu-image-img\" src=\"https:\/\/www.mountainow.net\/wp-content\/uploads\/2021\/06\/baechli_square.jpg\" alt=\"\" \/>\r\n\t\t\t\t\t\t\t\t<\/a>\r\n\t\t\t\t\t\t\t<\/div>\r\n\t\t\t\t\t\t\t<a class=\"item-overlay\" href=\"https:\/\/www.baechli-bergsport.ch\/\" title=\"\" >\r\n\t\t\t\t\t\t\t<span class=\"item-content\">\r\n\t\t\t\t\t\t\t\t<h4 class=\"item-title\"><\/h4>\r\n\t\t\t\t\t\t\t\t<p class=\"item-desc\"><\/p>\r\n\t\t\t\t\t\t\t<\/span>\r\n\t\t\t\t\t\t\t<\/a>\r\n\t\t\t\t\t\t<\/div>\r\n\t\t\t\t\t\t\t\r\n\t\t\t\t\t\t\t\t\t\t\r\n\t\t\t\t\t\t<div class=\"carousel-item se-ccarousel-item\">\r\n\t\t\t\t\t\t\t<div class=\"item-header\">\r\n\t\t\t\t\t\t\t\t<a href=\"https:\/\/sportescalade.com\/\" title=\"\" target='_blank'>\r\n\t\t\t\t\t\t\t\t<img class=\"menu-image-img\" src=\"https:\/\/www.mountainow.net\/wp-content\/uploads\/2017\/11\/logo-sport-escalade-1-300x104.png\" alt=\"\" \/>\r\n\t\t\t\t\t\t\t\t<\/a>\r\n\t\t\t\t\t\t\t<\/div>\r\n\t\t\t\t\t\t\t<a class=\"item-overlay\" href=\"https:\/\/sportescalade.com\/\" title=\"\" target='_blank'>\r\n\t\t\t\t\t\t\t<span class=\"item-content\">\r\n\t\t\t\t\t\t\t\t<h4 class=\"item-title\"><\/h4>\r\n\t\t\t\t\t\t\t\t<p class=\"item-desc\"><\/p>\r\n\t\t\t\t\t\t\t<\/span>\r\n\t\t\t\t\t\t\t<\/a>\r\n\t\t\t\t\t\t<\/div>\r\n\t\t\t\t\t\t\t\r\n\t\t\t\t\t\t\t\t\t\t\r\n\t\t\t\t\t\t<div class=\"carousel-item se-ccarousel-item\">\r\n\t\t\t\t\t\t\t<div class=\"item-header\">\r\n\t\t\t\t\t\t\t\t<a href=\"https:\/\/www.kilianjornetfoundation.org\/\" title=\"\" target='_blank'>\r\n\t\t\t\t\t\t\t\t<img class=\"menu-image-img\" src=\"https:\/\/www.mountainow.net\/wp-content\/uploads\/2021\/05\/logo-dark-300x96.png\" alt=\"\" \/>\r\n\t\t\t\t\t\t\t\t<\/a>\r\n\t\t\t\t\t\t\t<\/div>\r\n\t\t\t\t\t\t\t<a class=\"item-overlay\" href=\"https:\/\/www.kilianjornetfoundation.org\/\" title=\"\" target='_blank'>\r\n\t\t\t\t\t\t\t<span class=\"item-content\">\r\n\t\t\t\t\t\t\t\t<h4 class=\"item-title\"><\/h4>\r\n\t\t\t\t\t\t\t\t<p class=\"item-desc\"><\/p>\r\n\t\t\t\t\t\t\t<\/span>\r\n\t\t\t\t\t\t\t<\/a>\r\n\t\t\t\t\t\t<\/div>\r\n\t\t\t\t\t\t\t\r\n\t\t\t\t\t\t\t\t\t\t\r\n\t\t\t\t\t\t<div class=\"carousel-item se-ccarousel-item\">\r\n\t\t\t\t\t\t\t<div class=\"item-header\">\r\n\t\t\t\t\t\t\t\t<a href=\"https:\/\/edytem.cnrs.fr\/\" title=\"\" target='_blank'>\r\n\t\t\t\t\t\t\t\t<img class=\"menu-image-img\" src=\"https:\/\/www.mountainow.net\/wp-content\/uploads\/2021\/05\/logo-EDYTEM-300x124.jpeg\" alt=\"\" \/>\r\n\t\t\t\t\t\t\t\t<\/a>\r\n\t\t\t\t\t\t\t<\/div>\r\n\t\t\t\t\t\t\t<a class=\"item-overlay\" href=\"https:\/\/edytem.cnrs.fr\/\" title=\"\" target='_blank'>\r\n\t\t\t\t\t\t\t<span class=\"item-content\">\r\n\t\t\t\t\t\t\t\t<h4 class=\"item-title\"><\/h4>\r\n\t\t\t\t\t\t\t\t<p class=\"item-desc\"><\/p>\r\n\t\t\t\t\t\t\t<\/span>\r\n\t\t\t\t\t\t\t<\/a>\r\n\t\t\t\t\t\t<\/div>\r\n\t\t\t\t\t\t\t\r\n\t\t\t\t\t\t\t\t\t\t\r\n\t\t\t\t\t\t<div class=\"carousel-item se-ccarousel-item\">\r\n\t\t\t\t\t\t\t<div class=\"item-header\">\r\n\t\t\t\t\t\t\t\t<a href=\"http:\/\/www.glaciologia.it\/en\/i-ghiacciai-italiani\/\" title=\"\" target='_blank'>\r\n\t\t\t\t\t\t\t\t<img class=\"menu-image-img\" src=\"https:\/\/www.mountainow.net\/wp-content\/uploads\/2017\/11\/Italian-Glac-Committtee-300x114.png\" alt=\"\" \/>\r\n\t\t\t\t\t\t\t\t<\/a>\r\n\t\t\t\t\t\t\t<\/div>\r\n\t\t\t\t\t\t\t<a class=\"item-overlay\" href=\"http:\/\/www.glaciologia.it\/en\/i-ghiacciai-italiani\/\" title=\"\" target='_blank'>\r\n\t\t\t\t\t\t\t<span class=\"item-content\">\r\n\t\t\t\t\t\t\t\t<h4 class=\"item-title\"><\/h4>\r\n\t\t\t\t\t\t\t\t<p class=\"item-desc\"><\/p>\r\n\t\t\t\t\t\t\t<\/span>\r\n\t\t\t\t\t\t\t<\/a>\r\n\t\t\t\t\t\t<\/div>\r\n\t\t\t\t\t\t\t\r\n\t\t\t\t\t\t\t\t\t\t\r\n\t\t\t\t\t\t<div class=\"carousel-item se-ccarousel-item\">\r\n\t\t\t\t\t\t\t<div class=\"item-header\">\r\n\t\t\t\t\t\t\t\t<a href=\"http:\/\/www.pngp.it\/en\" title=\"\" target='_blank'>\r\n\t\t\t\t\t\t\t\t<img class=\"menu-image-img\" src=\"https:\/\/www.mountainow.net\/wp-content\/uploads\/2017\/11\/parco-nazionale-gran-paradiso-300x231.png\" alt=\"\" \/>\r\n\t\t\t\t\t\t\t\t<\/a>\r\n\t\t\t\t\t\t\t<\/div>\r\n\t\t\t\t\t\t\t<a class=\"item-overlay\" href=\"http:\/\/www.pngp.it\/en\" title=\"\" target='_blank'>\r\n\t\t\t\t\t\t\t<span class=\"item-content\">\r\n\t\t\t\t\t\t\t\t<h4 class=\"item-title\"><\/h4>\r\n\t\t\t\t\t\t\t\t<p class=\"item-desc\"><\/p>\r\n\t\t\t\t\t\t\t<\/span>\r\n\t\t\t\t\t\t\t<\/a>\r\n\t\t\t\t\t\t<\/div>\r\n\t\t\t\t\t\t\t\r\n\t\t\t\t\t\t\t\t\t\t\r\n\t\t\t\t\t\t<div class=\"carousel-item se-ccarousel-item\">\r\n\t\t\t\t\t\t\t<div class=\"item-header\">\r\n\t\t\t\t\t\t\t\t<a href=\"http:\/\/www.parconazionale5terre.it\/\" title=\"\" >\r\n\t\t\t\t\t\t\t\t<img class=\"menu-image-img\" src=\"https:\/\/www.mountainow.net\/wp-content\/uploads\/2017\/11\/logo5terre-300x63.png\" alt=\"\" \/>\r\n\t\t\t\t\t\t\t\t<\/a>\r\n\t\t\t\t\t\t\t<\/div>\r\n\t\t\t\t\t\t\t<a class=\"item-overlay\" href=\"http:\/\/www.parconazionale5terre.it\/\" title=\"\" >\r\n\t\t\t\t\t\t\t<span class=\"item-content\">\r\n\t\t\t\t\t\t\t\t<h4 class=\"item-title\"><\/h4>\r\n\t\t\t\t\t\t\t\t<p class=\"item-desc\"><\/p>\r\n\t\t\t\t\t\t\t<\/span>\r\n\t\t\t\t\t\t\t<\/a>\r\n\t\t\t\t\t\t<\/div>\r\n\t\t\t\t\t\t\t\r\n\t\t\t\t\t\t\t\t\t\t\r\n\t\t\t\t\t\t<div class=\"carousel-item se-ccarousel-item\">\r\n\t\t\t\t\t\t\t<div class=\"item-header\">\r\n\t\t\t\t\t\t\t\t<a href=\"https:\/\/www.meteoswiss.admin.ch\/home\/research-and-cooperation\/international-cooperation\/gcos.html\" title=\"\" target='_blank'>\r\n\t\t\t\t\t\t\t\t<img class=\"menu-image-img\" src=\"https:\/\/www.mountainow.net\/wp-content\/uploads\/2017\/11\/Kompakt_BK_AMT_DE-FR-IT_36mm-300x263.jpg\" alt=\"\" \/>\r\n\t\t\t\t\t\t\t\t<\/a>\r\n\t\t\t\t\t\t\t<\/div>\r\n\t\t\t\t\t\t\t<a class=\"item-overlay\" href=\"https:\/\/www.meteoswiss.admin.ch\/home\/research-and-cooperation\/international-cooperation\/gcos.html\" title=\"\" target='_blank'>\r\n\t\t\t\t\t\t\t<span class=\"item-content\">\r\n\t\t\t\t\t\t\t\t<h4 class=\"item-title\"><\/h4>\r\n\t\t\t\t\t\t\t\t<p class=\"item-desc\"><\/p>\r\n\t\t\t\t\t\t\t<\/span>\r\n\t\t\t\t\t\t\t<\/a>\r\n\t\t\t\t\t\t<\/div>\r\n\t\t\t\t\t\t\t\r\n\t\t\t\t\t\t\t\t\t\t\r\n\t\t\t\t\t\t<div class=\"carousel-item se-ccarousel-item\">\r\n\t\t\t\t\t\t\t<div class=\"item-header\">\r\n\t\t\t\t\t\t\t\t<a href=\"https:\/\/www.bfu.ch\/\" title=\"\" >\r\n\t\t\t\t\t\t\t\t<img class=\"menu-image-img\" src=\"\" alt=\"\" \/>\r\n\t\t\t\t\t\t\t\t<\/a>\r\n\t\t\t\t\t\t\t<\/div>\r\n\t\t\t\t\t\t\t<a class=\"item-overlay\" href=\"https:\/\/www.bfu.ch\/\" title=\"\" >\r\n\t\t\t\t\t\t\t<span class=\"item-content\">\r\n\t\t\t\t\t\t\t\t<h4 class=\"item-title\"><\/h4>\r\n\t\t\t\t\t\t\t\t<p class=\"item-desc\"><\/p>\r\n\t\t\t\t\t\t\t<\/span>\r\n\t\t\t\t\t\t\t<\/a>\r\n\t\t\t\t\t\t<\/div>\r\n\t\t\t\t\t\t\t\r\n\t\t\t\t\t\t\t\t\t\t\r\n\t\t\t\t\t\t<div class=\"carousel-item se-ccarousel-item\">\r\n\t\t\t\t\t\t\t<div class=\"item-header\">\r\n\t\t\t\t\t\t\t\t<a href=\"https:\/\/www.planetek.it\/\" title=\"\" target='_blank'>\r\n\t\t\t\t\t\t\t\t<img class=\"menu-image-img\" src=\"https:\/\/www.mountainow.net\/wp-content\/uploads\/2017\/11\/Planetek_logo-300x160.jpg\" alt=\"\" \/>\r\n\t\t\t\t\t\t\t\t<\/a>\r\n\t\t\t\t\t\t\t<\/div>\r\n\t\t\t\t\t\t\t<a class=\"item-overlay\" href=\"https:\/\/www.planetek.it\/\" title=\"\" target='_blank'>\r\n\t\t\t\t\t\t\t<span class=\"item-content\">\r\n\t\t\t\t\t\t\t\t<h4 class=\"item-title\"><\/h4>\r\n\t\t\t\t\t\t\t\t<p class=\"item-desc\"><\/p>\r\n\t\t\t\t\t\t\t<\/span>\r\n\t\t\t\t\t\t\t<\/a>\r\n\t\t\t\t\t\t<\/div>\r\n\t\t\t\t\t\t\t\r\n\t\t\t\t\t\t\t\t\t\t\r\n\t\t\t\t\t\t<div class=\"carousel-item se-ccarousel-item\">\r\n\t\t\t\t\t\t\t<div class=\"item-header\">\r\n\t\t\t\t\t\t\t\t<a href=\"https:\/\/www.applica.guru\/\" title=\"\" target='_blank'>\r\n\t\t\t\t\t\t\t\t<img class=\"menu-image-img\" src=\"https:\/\/www.mountainow.net\/wp-content\/uploads\/2017\/11\/Applica_header_logo.png\" alt=\"\" \/>\r\n\t\t\t\t\t\t\t\t<\/a>\r\n\t\t\t\t\t\t\t<\/div>\r\n\t\t\t\t\t\t\t<a class=\"item-overlay\" href=\"https:\/\/www.applica.guru\/\" title=\"\" target='_blank'>\r\n\t\t\t\t\t\t\t<span class=\"item-content\">\r\n\t\t\t\t\t\t\t\t<h4 class=\"item-title\"><\/h4>\r\n\t\t\t\t\t\t\t\t<p class=\"item-desc\"><\/p>\r\n\t\t\t\t\t\t\t<\/span>\r\n\t\t\t\t\t\t\t<\/a>\r\n\t\t\t\t\t\t<\/div>\r\n\t\t\t\t\t\t\t\r\n\t\t\t\t\t\t\t\t\t\t\r\n\t\t\t\t\t\t<div class=\"carousel-item se-ccarousel-item\">\r\n\t\t\t\t\t\t\t<div class=\"item-header\">\r\n\t\t\t\t\t\t\t\t<a href=\"https:\/\/www.exolabs.ch\/\" title=\"\" target='_blank'>\r\n\t\t\t\t\t\t\t\t<img class=\"menu-image-img\" src=\"https:\/\/www.mountainow.net\/wp-content\/uploads\/2017\/11\/Exo_logo-300x39.png\" alt=\"\" \/>\r\n\t\t\t\t\t\t\t\t<\/a>\r\n\t\t\t\t\t\t\t<\/div>\r\n\t\t\t\t\t\t\t<a class=\"item-overlay\" href=\"https:\/\/www.exolabs.ch\/\" title=\"\" target='_blank'>\r\n\t\t\t\t\t\t\t<span class=\"item-content\">\r\n\t\t\t\t\t\t\t\t<h4 class=\"item-title\"><\/h4>\r\n\t\t\t\t\t\t\t\t<p class=\"item-desc\"><\/p>\r\n\t\t\t\t\t\t\t<\/span>\r\n\t\t\t\t\t\t\t<\/a>\r\n\t\t\t\t\t\t<\/div>\r\n\t\t\t\t\t\t\t\r\n\t\t\t\t\t\t\t\t\t\t\r\n\t\t\t\t\t\t<div class=\"carousel-item se-ccarousel-item\">\r\n\t\t\t\t\t\t\t<div class=\"item-header\">\r\n\t\t\t\t\t\t\t\t<a href=\"http:\/\/www.rotaryclubcassia.it\/\" title=\"\" target='_blank'>\r\n\t\t\t\t\t\t\t\t<img class=\"menu-image-img\" src=\"https:\/\/www.mountainow.net\/wp-content\/uploads\/2017\/11\/rotary-club-roma-cassia-logo-300x103.jpg\" alt=\"\" \/>\r\n\t\t\t\t\t\t\t\t<\/a>\r\n\t\t\t\t\t\t\t<\/div>\r\n\t\t\t\t\t\t\t<a class=\"item-overlay\" href=\"http:\/\/www.rotaryclubcassia.it\/\" title=\"\" target='_blank'>\r\n\t\t\t\t\t\t\t<span class=\"item-content\">\r\n\t\t\t\t\t\t\t\t<h4 class=\"item-title\"><\/h4>\r\n\t\t\t\t\t\t\t\t<p class=\"item-desc\"><\/p>\r\n\t\t\t\t\t\t\t<\/span>\r\n\t\t\t\t\t\t\t<\/a>\r\n\t\t\t\t\t\t<\/div>\r\n\t\t\t\t\t\t\t\r\n\t\t\t\t\t\t\t\t\t\t\r\n\t\t\t\t\t\t<div class=\"carousel-item se-ccarousel-item\">\r\n\t\t\t\t\t\t\t<div class=\"item-header\">\r\n\t\t\t\t\t\t\t\t<a href=\"https:\/\/www.swisstopo.admin.ch\/it\/home.html\" title=\"\" target='_blank'>\r\n\t\t\t\t\t\t\t\t<img class=\"menu-image-img\" src=\"https:\/\/www.mountainow.net\/wp-content\/uploads\/2017\/11\/Schweiz-Eidgen-logo-300x142.jpg\" alt=\"\" \/>\r\n\t\t\t\t\t\t\t\t<\/a>\r\n\t\t\t\t\t\t\t<\/div>\r\n\t\t\t\t\t\t\t<a class=\"item-overlay\" href=\"https:\/\/www.swisstopo.admin.ch\/it\/home.html\" title=\"\" target='_blank'>\r\n\t\t\t\t\t\t\t<span class=\"item-content\">\r\n\t\t\t\t\t\t\t\t<h4 class=\"item-title\"><\/h4>\r\n\t\t\t\t\t\t\t\t<p class=\"item-desc\"><\/p>\r\n\t\t\t\t\t\t\t<\/span>\r\n\t\t\t\t\t\t\t<\/a>\r\n\t\t\t\t\t\t<\/div>\r\n\t\t\t\t\t\t\t\r\n\t\t\t\t\t\t\t\t\t\t\r\n\t\t\t\t\t\t<div class=\"carousel-item se-ccarousel-item\">\r\n\t\t\t\t\t\t\t<div class=\"item-header\">\r\n\t\t\t\t\t\t\t\t<a href=\"http:\/\/www.ign.fr\/\" title=\"\" target='_blank'>\r\n\t\t\t\t\t\t\t\t<img class=\"menu-image-img\" src=\"https:\/\/www.mountainow.net\/wp-content\/uploads\/2017\/11\/IGN-logo_smallpng.png\" alt=\"\" \/>\r\n\t\t\t\t\t\t\t\t<\/a>\r\n\t\t\t\t\t\t\t<\/div>\r\n\t\t\t\t\t\t\t<a class=\"item-overlay\" href=\"http:\/\/www.ign.fr\/\" title=\"\" target='_blank'>\r\n\t\t\t\t\t\t\t<span class=\"item-content\">\r\n\t\t\t\t\t\t\t\t<h4 class=\"item-title\"><\/h4>\r\n\t\t\t\t\t\t\t\t<p class=\"item-desc\"><\/p>\r\n\t\t\t\t\t\t\t<\/span>\r\n\t\t\t\t\t\t\t<\/a>\r\n\t\t\t\t\t\t<\/div>\r\n\t\t\t\t\t\t\t\r\n\t\t\t\t\t\t\t\t\t\t\r\n\t\t\t\t\t\t<div class=\"carousel-item se-ccarousel-item\">\r\n\t\t\t\t\t\t\t<div class=\"item-header\">\r\n\t\t\t\t\t\t\t\t<a href=\"https:\/\/opentopomap.org\/about\" title=\"\" target='_blank'>\r\n\t\t\t\t\t\t\t\t<img class=\"menu-image-img\" src=\"https:\/\/www.mountainow.net\/wp-content\/uploads\/2017\/11\/opentopomap-logo-new-300x178.png\" alt=\"\" \/>\r\n\t\t\t\t\t\t\t\t<\/a>\r\n\t\t\t\t\t\t\t<\/div>\r\n\t\t\t\t\t\t\t<a class=\"item-overlay\" href=\"https:\/\/opentopomap.org\/about\" title=\"\" target='_blank'>\r\n\t\t\t\t\t\t\t<span class=\"item-content\">\r\n\t\t\t\t\t\t\t\t<h4 class=\"item-title\"><\/h4>\r\n\t\t\t\t\t\t\t\t<p class=\"item-desc\"><\/p>\r\n\t\t\t\t\t\t\t<\/span>\r\n\t\t\t\t\t\t\t<\/a>\r\n\t\t\t\t\t\t<\/div>\r\n\t\t\t\t\t\t\t\r\n\t\t\t\t\t\t\t\t\t\t\r\n\t\t\t\t\t\t<div class=\"carousel-item se-ccarousel-item\">\r\n\t\t\t\t\t\t\t<div class=\"item-header\">\r\n\t\t\t\t\t\t\t\t<a href=\"https:\/\/e-shape.eu\/\" title=\"\" target='_blank'>\r\n\t\t\t\t\t\t\t\t<img class=\"menu-image-img\" src=\"https:\/\/www.mountainow.net\/wp-content\/uploads\/2017\/11\/eshape_black.png\" alt=\"\" \/>\r\n\t\t\t\t\t\t\t\t<\/a>\r\n\t\t\t\t\t\t\t<\/div>\r\n\t\t\t\t\t\t\t<a class=\"item-overlay\" href=\"https:\/\/e-shape.eu\/\" title=\"\" target='_blank'>\r\n\t\t\t\t\t\t\t<span class=\"item-content\">\r\n\t\t\t\t\t\t\t\t<h4 class=\"item-title\"><\/h4>\r\n\t\t\t\t\t\t\t\t<p class=\"item-desc\"><\/p>\r\n\t\t\t\t\t\t\t<\/span>\r\n\t\t\t\t\t\t\t<\/a>\r\n\t\t\t\t\t\t<\/div>\r\n\t\t\t\t\t\t\t\r\n\t\t\t\t\t\t\t\t\t\t\r\n\t\t\t\t\t\t<div class=\"carousel-item se-ccarousel-item\">\r\n\t\t\t\t\t\t\t<div class=\"item-header\">\r\n\t\t\t\t\t\t\t\t<a href=\"https:\/\/e-shape.eu\/\" title=\"\" target='_blank'>\r\n\t\t\t\t\t\t\t\t<img class=\"menu-image-img\" src=\"https:\/\/www.mountainow.net\/wp-content\/uploads\/2017\/11\/EU_big-300x38.png\" alt=\"\" \/>\r\n\t\t\t\t\t\t\t\t<\/a>\r\n\t\t\t\t\t\t\t<\/div>\r\n\t\t\t\t\t\t\t<a class=\"item-overlay\" href=\"https:\/\/e-shape.eu\/\" title=\"\" target='_blank'>\r\n\t\t\t\t\t\t\t<span class=\"item-content\">\r\n\t\t\t\t\t\t\t\t<h4 class=\"item-title\"><\/h4>\r\n\t\t\t\t\t\t\t\t<p class=\"item-desc\"><\/p>\r\n\t\t\t\t\t\t\t<\/span>\r\n\t\t\t\t\t\t\t<\/a>\r\n\t\t\t\t\t\t<\/div>\r\n\t\t\t\t\t\t\t\r\n\t\t\t\t        \r\n        <\/div><!-- .generic-carousel --><\/div><!-- .latest-post-carousel --><\/section>\t\t\t<\/aside>\n\t\t<\/div><\/div><\/div><\/div>","protected":false},"excerpt":{"rendered":"<p>Bureau de Pr\u00e9vention des Accidents MountaiNow &#8211; Safer Together Retrouvez tous les conseils du Bureau de Pr\u00e9vention des Accidents Pr\u00eat pour la montagne? Les randonn\u00e9es en montagne sont synonymes de moments pass\u00e9s dans la nature sur plus de 24 000 kilom\u00e8tres de chemins balis\u00e9s en blanc-rouge-blanc, d\u2019une ascension peut-\u00eatre assez raide mais \u00e9galement d\u2019une vue [&hellip;]<\/p>\n","protected":false},"author":1,"featured_media":597,"parent":1044,"menu_order":0,"comment_status":"closed","ping_status":"closed","template":"","meta":[],"_links":{"self":[{"href":"https:\/\/www.mountainow.net\/fr\/wp-json\/wp\/v2\/pages\/1047"}],"collection":[{"href":"https:\/\/www.mountainow.net\/fr\/wp-json\/wp\/v2\/pages"}],"about":[{"href":"https:\/\/www.mountainow.net\/fr\/wp-json\/wp\/v2\/types\/page"}],"author":[{"embeddable":true,"href":"https:\/\/www.mountainow.net\/fr\/wp-json\/wp\/v2\/users\/1"}],"replies":[{"embeddable":true,"href":"https:\/\/www.mountainow.net\/fr\/wp-json\/wp\/v2\/comments?post=1047"}],"version-history":[{"count":11,"href":"https:\/\/www.mountainow.net\/fr\/wp-json\/wp\/v2\/pages\/1047\/revisions"}],"predecessor-version":[{"id":2712,"href":"https:\/\/www.mountainow.net\/fr\/wp-json\/wp\/v2\/pages\/1047\/revisions\/2712"}],"up":[{"embeddable":true,"href":"https:\/\/www.mountainow.net\/fr\/wp-json\/wp\/v2\/pages\/1044"}],"wp:featuredmedia":[{"embeddable":true,"href":"https:\/\/www.mountainow.net\/fr\/wp-json\/wp\/v2\/media\/597"}],"wp:attachment":[{"href":"https:\/\/www.mountainow.net\/fr\/wp-json\/wp\/v2\/media?parent=1047"}],"curies":[{"name":"wp","href":"https:\/\/api.w.org\/{rel}","templated":true}]}}