{"id":1044,"date":"2017-11-29T17:16:36","date_gmt":"2017-11-29T17:16:36","guid":{"rendered":"http:\/\/website.mountainow.net\/?page_id=1044"},"modified":"2017-11-30T12:03:18","modified_gmt":"2017-11-30T12:03:18","slug":"securite","status":"publish","type":"page","link":"https:\/\/www.mountainow.net\/fr\/securite\/","title":{"rendered":"S\u00e9curit\u00e9"},"content":{"rendered":"<div id=\"pl-1044\"  class=\"panel-layout\" ><div id=\"pg-1044-0\"  class=\"panel-grid panel-has-style\" ><div class=\"hide-title no-content-margin wider-row page-layout panel-row-style panel-row-style-for-1044-0\" ><div id=\"pgc-1044-0-0\"  class=\"panel-grid-cell\" ><div id=\"panel-1044-0-0-0\" class=\"so-panel widget widget_sow-editor panel-first-child panel-last-child\" data-index=\"0\" ><div class=\"mountain-headline panel-widget-style panel-widget-style-for-1044-0-0-0\" ><div\n\t\t\t\n\t\t\tclass=\"so-widget-sow-editor so-widget-sow-editor-base\"\n\t\t\t\n\t\t>\n<div class=\"siteorigin-widget-tinymce textwidget\">\n\t<h1>S\u00e9curit\u00e9<\/h1>\n<h3>MountaiNow - Safer Together<\/h3>\n<\/div>\n<\/div><\/div><\/div><\/div><\/div><\/div><div id=\"pg-1044-1\"  class=\"panel-grid panel-has-style\" ><div class=\"page-layout panel-row-style panel-row-style-for-1044-1\" ><div id=\"pgc-1044-1-0\"  class=\"panel-grid-cell\" ><div id=\"panel-1044-1-0-0\" class=\"so-panel widget widget_sow-image panel-first-child\" data-index=\"1\" ><div\n\t\t\t\n\t\t\tclass=\"so-widget-sow-image so-widget-sow-image-default-a258e6bfa2d8-1044\"\n\t\t\t\n\t\t>\n\n<div class=\"sow-image-container\">\n\t\t<img src=\"https:\/\/www.mountainow.net\/wp-content\/uploads\/2017\/11\/mountainow-sicurezza-header.jpg\" width=\"960\" height=\"400\" srcset=\"https:\/\/www.mountainow.net\/wp-content\/uploads\/2017\/11\/mountainow-sicurezza-header.jpg 960w, https:\/\/www.mountainow.net\/wp-content\/uploads\/2017\/11\/mountainow-sicurezza-header-300x125.jpg 300w, https:\/\/www.mountainow.net\/wp-content\/uploads\/2017\/11\/mountainow-sicurezza-header-768x320.jpg 768w\" sizes=\"(max-width: 960px) 100vw, 960px\" alt=\"MountaiNow - Safety\" loading=\"lazy\" \t\tclass=\"so-widget-image\"\/>\n\t<\/div>\n\n<\/div><\/div><div id=\"panel-1044-1-0-1\" class=\"so-panel widget widget_sow-editor panel-last-child\" data-index=\"2\" ><div class=\"orange panel-widget-style panel-widget-style-for-1044-1-0-1\" ><div\n\t\t\t\n\t\t\tclass=\"so-widget-sow-editor so-widget-sow-editor-base\"\n\t\t\t\n\t\t>\n<div class=\"siteorigin-widget-tinymce textwidget\">\n\t<p><span lang=\"EN\"><span lang=\"FR\">MountaiNow a pour but de fournir le plus d\u2019informations possibles sur les derni\u00e8res conditions en montagne \u2013 de mani\u00e8re aussi pr\u00e9cise que possible g\u00e9ographiquement. <\/span><\/span><\/p>\n<p><span lang=\"EN\"> <span lang=\"FR\">Si MountaiNow peut techniquement \u00eatre utilis\u00e9 n\u2019importe o\u00f9 dans le monde, son bon fonctionnement et sa pertinence sont pour le moment optimis\u00e9s pour les Alpes europ\u00e9ennes.<\/span> <span lang=\"FR\">MountaiNow est une aide \u00e0 la d\u00e9cision, particuli\u00e8rement adapt\u00e9e aux phases de pr\u00e9paration, et \u00e9ventuellement de conduite, d\u2019une randonn\u00e9e.<\/span> <\/span><\/p>\n<p><span lang=\"FR\">MountaiNow n\u2019a, en aucun cas, vocation \u00e0 remplacer l\u2019analyse approfondie n\u00e9cessaire \u00e0 la bonne pr\u00e9paration et conduite d\u2019une randonn\u00e9e, qui doit inclure entre-autre <\/span><span lang=\"FR\">(voir par exemple la m\u00e9thode 3x3)<\/span><span lang=\"FR\">: <\/span><\/p>\n<ul>\n<li><span lang=\"FR\">la difficult\u00e9 technique de l'itin\u00e9raire<\/span><span lang=\"FR\"><br \/><\/span><\/li>\n<li><span lang=\"FR\">les pr\u00e9visions m\u00e9t\u00e9orologiques<\/span><\/li>\n<li><span lang=\"FR\">les derniers bulletins d\u2019avalanche et de nivologie<\/span><\/li>\n<li><span lang=\"FR\">une \u00e9tude d\u00e9taill\u00e9e du terrain<br \/><\/span><\/li>\n<li>l<span lang=\"FR\">es facteurs humains<\/span><\/li>\n<\/ul>\n<p><span lang=\"FR\">Rien ne peut remplacer l'analyse personnelle faite sur le terrain qui souvent incitera \u00e0 adapter ou abandonner l'objectif initial<\/span><\/p>\n<p><strong><span lang=\"FR\"><em>Attention\u00a0<\/em>: \u00ab\u00a0Vert\u00a0\u00bb ne veut pas dire \u00ab\u00a0Facile\u00a0\u00bb\u00a0! <\/span><\/strong><\/p>\n<p><span lang=\"FR\">Une trace verte peut <\/span><span lang=\"FR\">\u00eatre extr\u00eamement difficile \u00e0 r\u00e9aliser techniquement; voir <a href=\"http:\/\/website.mountainow.net\/fr\/intro\/demarrage-rapide\/\" target=\"_blank\" rel=\"noopener\">D\u00e9marrage Rapide<\/a> <\/span><\/p>\n<\/div>\n<\/div><\/div><\/div><\/div><div id=\"pgc-1044-1-1\"  class=\"panel-grid-cell\" >\t\t\t\n\t\t\t<aside class=\"widgetized-sidebar\">\n\t\t\t\t\t\t\t<section id=\"seccarouselwidget-3\" class=\"widget seCcarouselWidget\"><div class='custom-post-carousel'><h2 class='carousel-heading'>Communaut\u00e9<\/h2><div class='no-carousel se-ccarousel'>\t\t\t\t\t\t\r\n\t\t\t\t\t\t<div class=\"carousel-item se-ccarousel-item\">\r\n\t\t\t\t\t\t\t<div class=\"item-header\">\r\n\t\t\t\t\t\t\t\t<a href=\"http:\/\/www.sac-cas.ch\/en.html\" title=\"Swiss Alpine Club\" target='_blank'>\r\n\t\t\t\t\t\t\t\t<img class=\"menu-image-img\" src=\"https:\/\/www.mountainow.net\/wp-content\/uploads\/2017\/11\/schweizen-alpen-club-logo-300x130.png\" alt=\"Swiss Alpine Club\" \/>\r\n\t\t\t\t\t\t\t\t<\/a>\r\n\t\t\t\t\t\t\t<\/div>\r\n\t\t\t\t\t\t\t<a class=\"item-overlay\" href=\"http:\/\/www.sac-cas.ch\/en.html\" title=\"Swiss Alpine Club\" target='_blank'>\r\n\t\t\t\t\t\t\t<span class=\"item-content\">\r\n\t\t\t\t\t\t\t\t<h4 class=\"item-title\">Swiss Alpine Club<\/h4>\r\n\t\t\t\t\t\t\t\t<p class=\"item-desc\"><\/p>\r\n\t\t\t\t\t\t\t<\/span>\r\n\t\t\t\t\t\t\t<\/a>\r\n\t\t\t\t\t\t<\/div>\r\n\t\t\t\t\t\t\t\r\n\t\t\t\t\t\t\t\t\t\t\r\n\t\t\t\t\t\t<div class=\"carousel-item se-ccarousel-item\">\r\n\t\t\t\t\t\t\t<div class=\"item-header\">\r\n\t\t\t\t\t\t\t\t<a href=\"http:\/\/www.cai.it\/\" title=\"\" target='_blank'>\r\n\t\t\t\t\t\t\t\t<img class=\"menu-image-img\" src=\"https:\/\/www.mountainow.net\/wp-content\/uploads\/2017\/11\/club-alpino-italiano-logo-300x246.png\" alt=\"\" \/>\r\n\t\t\t\t\t\t\t\t<\/a>\r\n\t\t\t\t\t\t\t<\/div>\r\n\t\t\t\t\t\t\t<a class=\"item-overlay\" href=\"http:\/\/www.cai.it\/\" title=\"\" target='_blank'>\r\n\t\t\t\t\t\t\t<span class=\"item-content\">\r\n\t\t\t\t\t\t\t\t<h4 class=\"item-title\"><\/h4>\r\n\t\t\t\t\t\t\t\t<p class=\"item-desc\"><\/p>\r\n\t\t\t\t\t\t\t<\/span>\r\n\t\t\t\t\t\t\t<\/a>\r\n\t\t\t\t\t\t<\/div>\r\n\t\t\t\t\t\t\t\r\n\t\t\t\t\t\t\t\t\t\t\r\n\t\t\t\t\t\t<div class=\"carousel-item se-ccarousel-item\">\r\n\t\t\t\t\t\t\t<div class=\"item-header\">\r\n\t\t\t\t\t\t\t\t<a href=\"http:\/\/www.clubalpin-chamonix.com\/\" title=\"\" target='_blank'>\r\n\t\t\t\t\t\t\t\t<img class=\"menu-image-img\" src=\"https:\/\/www.mountainow.net\/wp-content\/uploads\/2017\/11\/caf-chamonix-logo.jpg\" alt=\"\" \/>\r\n\t\t\t\t\t\t\t\t<\/a>\r\n\t\t\t\t\t\t\t<\/div>\r\n\t\t\t\t\t\t\t<a class=\"item-overlay\" href=\"http:\/\/www.clubalpin-chamonix.com\/\" title=\"\" target='_blank'>\r\n\t\t\t\t\t\t\t<span class=\"item-content\">\r\n\t\t\t\t\t\t\t\t<h4 class=\"item-title\"><\/h4>\r\n\t\t\t\t\t\t\t\t<p class=\"item-desc\"><\/p>\r\n\t\t\t\t\t\t\t<\/span>\r\n\t\t\t\t\t\t\t<\/a>\r\n\t\t\t\t\t\t<\/div>\r\n\t\t\t\t\t\t\t\r\n\t\t\t\t\t\t\t\t\t\t\r\n\t\t\t\t\t\t<div class=\"carousel-item se-ccarousel-item\">\r\n\t\t\t\t\t\t\t<div class=\"item-header\">\r\n\t\t\t\t\t\t\t\t<a href=\"https:\/\/www.glamos.ch\/en\" title=\"\" target='_blank'>\r\n\t\t\t\t\t\t\t\t<img class=\"menu-image-img\" src=\"https:\/\/www.mountainow.net\/wp-content\/uploads\/2020\/09\/LogoGLAMOS-300x64.png\" alt=\"\" \/>\r\n\t\t\t\t\t\t\t\t<\/a>\r\n\t\t\t\t\t\t\t<\/div>\r\n\t\t\t\t\t\t\t<a class=\"item-overlay\" href=\"https:\/\/www.glamos.ch\/en\" title=\"\" target='_blank'>\r\n\t\t\t\t\t\t\t<span class=\"item-content\">\r\n\t\t\t\t\t\t\t\t<h4 class=\"item-title\"><\/h4>\r\n\t\t\t\t\t\t\t\t<p class=\"item-desc\"><\/p>\r\n\t\t\t\t\t\t\t<\/span>\r\n\t\t\t\t\t\t\t<\/a>\r\n\t\t\t\t\t\t<\/div>\r\n\t\t\t\t\t\t\t\r\n\t\t\t\t\t\t\t\t\t\t\r\n\t\t\t\t\t\t<div class=\"carousel-item se-ccarousel-item\">\r\n\t\t\t\t\t\t\t<div class=\"item-header\">\r\n\t\t\t\t\t\t\t\t<a href=\"http:\/\/www.permos.ch\/\" title=\"\" target='_blank'>\r\n\t\t\t\t\t\t\t\t<img class=\"menu-image-img\" src=\"https:\/\/www.mountainow.net\/wp-content\/uploads\/2020\/09\/PERMOS_Logo2010_text-300x67.png\" alt=\"\" \/>\r\n\t\t\t\t\t\t\t\t<\/a>\r\n\t\t\t\t\t\t\t<\/div>\r\n\t\t\t\t\t\t\t<a class=\"item-overlay\" href=\"http:\/\/www.permos.ch\/\" title=\"\" target='_blank'>\r\n\t\t\t\t\t\t\t<span class=\"item-content\">\r\n\t\t\t\t\t\t\t\t<h4 class=\"item-title\"><\/h4>\r\n\t\t\t\t\t\t\t\t<p class=\"item-desc\"><\/p>\r\n\t\t\t\t\t\t\t<\/span>\r\n\t\t\t\t\t\t\t<\/a>\r\n\t\t\t\t\t\t<\/div>\r\n\t\t\t\t\t\t\t\r\n\t\t\t\t\t\t\t\t\t\t\r\n\t\t\t\t\t\t<div class=\"carousel-item se-ccarousel-item\">\r\n\t\t\t\t\t\t\t<div class=\"item-header\">\r\n\t\t\t\t\t\t\t\t<a href=\"https:\/\/www.baechli-bergsport.ch\/\" title=\"\" >\r\n\t\t\t\t\t\t\t\t<img class=\"menu-image-img\" src=\"https:\/\/www.mountainow.net\/wp-content\/uploads\/2021\/06\/baechli_square.jpg\" alt=\"\" \/>\r\n\t\t\t\t\t\t\t\t<\/a>\r\n\t\t\t\t\t\t\t<\/div>\r\n\t\t\t\t\t\t\t<a class=\"item-overlay\" href=\"https:\/\/www.baechli-bergsport.ch\/\" title=\"\" >\r\n\t\t\t\t\t\t\t<span class=\"item-content\">\r\n\t\t\t\t\t\t\t\t<h4 class=\"item-title\"><\/h4>\r\n\t\t\t\t\t\t\t\t<p class=\"item-desc\"><\/p>\r\n\t\t\t\t\t\t\t<\/span>\r\n\t\t\t\t\t\t\t<\/a>\r\n\t\t\t\t\t\t<\/div>\r\n\t\t\t\t\t\t\t\r\n\t\t\t\t\t\t\t\t\t\t\r\n\t\t\t\t\t\t<div class=\"carousel-item se-ccarousel-item\">\r\n\t\t\t\t\t\t\t<div class=\"item-header\">\r\n\t\t\t\t\t\t\t\t<a href=\"https:\/\/sportescalade.com\/\" title=\"\" target='_blank'>\r\n\t\t\t\t\t\t\t\t<img class=\"menu-image-img\" src=\"https:\/\/www.mountainow.net\/wp-content\/uploads\/2017\/11\/logo-sport-escalade-1-300x104.png\" alt=\"\" \/>\r\n\t\t\t\t\t\t\t\t<\/a>\r\n\t\t\t\t\t\t\t<\/div>\r\n\t\t\t\t\t\t\t<a class=\"item-overlay\" href=\"https:\/\/sportescalade.com\/\" title=\"\" target='_blank'>\r\n\t\t\t\t\t\t\t<span class=\"item-content\">\r\n\t\t\t\t\t\t\t\t<h4 class=\"item-title\"><\/h4>\r\n\t\t\t\t\t\t\t\t<p class=\"item-desc\"><\/p>\r\n\t\t\t\t\t\t\t<\/span>\r\n\t\t\t\t\t\t\t<\/a>\r\n\t\t\t\t\t\t<\/div>\r\n\t\t\t\t\t\t\t\r\n\t\t\t\t\t\t\t\t\t\t\r\n\t\t\t\t\t\t<div class=\"carousel-item se-ccarousel-item\">\r\n\t\t\t\t\t\t\t<div class=\"item-header\">\r\n\t\t\t\t\t\t\t\t<a href=\"https:\/\/www.kilianjornetfoundation.org\/\" title=\"\" target='_blank'>\r\n\t\t\t\t\t\t\t\t<img class=\"menu-image-img\" src=\"https:\/\/www.mountainow.net\/wp-content\/uploads\/2021\/05\/logo-dark-300x96.png\" alt=\"\" \/>\r\n\t\t\t\t\t\t\t\t<\/a>\r\n\t\t\t\t\t\t\t<\/div>\r\n\t\t\t\t\t\t\t<a class=\"item-overlay\" href=\"https:\/\/www.kilianjornetfoundation.org\/\" title=\"\" target='_blank'>\r\n\t\t\t\t\t\t\t<span class=\"item-content\">\r\n\t\t\t\t\t\t\t\t<h4 class=\"item-title\"><\/h4>\r\n\t\t\t\t\t\t\t\t<p class=\"item-desc\"><\/p>\r\n\t\t\t\t\t\t\t<\/span>\r\n\t\t\t\t\t\t\t<\/a>\r\n\t\t\t\t\t\t<\/div>\r\n\t\t\t\t\t\t\t\r\n\t\t\t\t\t\t\t\t\t\t\r\n\t\t\t\t\t\t<div class=\"carousel-item se-ccarousel-item\">\r\n\t\t\t\t\t\t\t<div class=\"item-header\">\r\n\t\t\t\t\t\t\t\t<a href=\"https:\/\/edytem.cnrs.fr\/\" title=\"\" target='_blank'>\r\n\t\t\t\t\t\t\t\t<img class=\"menu-image-img\" src=\"https:\/\/www.mountainow.net\/wp-content\/uploads\/2021\/05\/logo-EDYTEM-300x124.jpeg\" alt=\"\" \/>\r\n\t\t\t\t\t\t\t\t<\/a>\r\n\t\t\t\t\t\t\t<\/div>\r\n\t\t\t\t\t\t\t<a class=\"item-overlay\" href=\"https:\/\/edytem.cnrs.fr\/\" title=\"\" target='_blank'>\r\n\t\t\t\t\t\t\t<span class=\"item-content\">\r\n\t\t\t\t\t\t\t\t<h4 class=\"item-title\"><\/h4>\r\n\t\t\t\t\t\t\t\t<p class=\"item-desc\"><\/p>\r\n\t\t\t\t\t\t\t<\/span>\r\n\t\t\t\t\t\t\t<\/a>\r\n\t\t\t\t\t\t<\/div>\r\n\t\t\t\t\t\t\t\r\n\t\t\t\t\t\t\t\t\t\t\r\n\t\t\t\t\t\t<div class=\"carousel-item se-ccarousel-item\">\r\n\t\t\t\t\t\t\t<div class=\"item-header\">\r\n\t\t\t\t\t\t\t\t<a href=\"http:\/\/www.glaciologia.it\/en\/i-ghiacciai-italiani\/\" title=\"\" target='_blank'>\r\n\t\t\t\t\t\t\t\t<img class=\"menu-image-img\" src=\"https:\/\/www.mountainow.net\/wp-content\/uploads\/2017\/11\/Italian-Glac-Committtee-300x114.png\" alt=\"\" \/>\r\n\t\t\t\t\t\t\t\t<\/a>\r\n\t\t\t\t\t\t\t<\/div>\r\n\t\t\t\t\t\t\t<a class=\"item-overlay\" href=\"http:\/\/www.glaciologia.it\/en\/i-ghiacciai-italiani\/\" title=\"\" target='_blank'>\r\n\t\t\t\t\t\t\t<span class=\"item-content\">\r\n\t\t\t\t\t\t\t\t<h4 class=\"item-title\"><\/h4>\r\n\t\t\t\t\t\t\t\t<p class=\"item-desc\"><\/p>\r\n\t\t\t\t\t\t\t<\/span>\r\n\t\t\t\t\t\t\t<\/a>\r\n\t\t\t\t\t\t<\/div>\r\n\t\t\t\t\t\t\t\r\n\t\t\t\t\t\t\t\t\t\t\r\n\t\t\t\t\t\t<div class=\"carousel-item se-ccarousel-item\">\r\n\t\t\t\t\t\t\t<div class=\"item-header\">\r\n\t\t\t\t\t\t\t\t<a href=\"http:\/\/www.pngp.it\/en\" title=\"\" target='_blank'>\r\n\t\t\t\t\t\t\t\t<img class=\"menu-image-img\" src=\"https:\/\/www.mountainow.net\/wp-content\/uploads\/2017\/11\/parco-nazionale-gran-paradiso-300x231.png\" alt=\"\" \/>\r\n\t\t\t\t\t\t\t\t<\/a>\r\n\t\t\t\t\t\t\t<\/div>\r\n\t\t\t\t\t\t\t<a class=\"item-overlay\" href=\"http:\/\/www.pngp.it\/en\" title=\"\" target='_blank'>\r\n\t\t\t\t\t\t\t<span class=\"item-content\">\r\n\t\t\t\t\t\t\t\t<h4 class=\"item-title\"><\/h4>\r\n\t\t\t\t\t\t\t\t<p class=\"item-desc\"><\/p>\r\n\t\t\t\t\t\t\t<\/span>\r\n\t\t\t\t\t\t\t<\/a>\r\n\t\t\t\t\t\t<\/div>\r\n\t\t\t\t\t\t\t\r\n\t\t\t\t\t\t\t\t\t\t\r\n\t\t\t\t\t\t<div class=\"carousel-item se-ccarousel-item\">\r\n\t\t\t\t\t\t\t<div class=\"item-header\">\r\n\t\t\t\t\t\t\t\t<a href=\"http:\/\/www.parconazionale5terre.it\/\" title=\"\" >\r\n\t\t\t\t\t\t\t\t<img class=\"menu-image-img\" src=\"https:\/\/www.mountainow.net\/wp-content\/uploads\/2017\/11\/logo5terre-300x63.png\" alt=\"\" \/>\r\n\t\t\t\t\t\t\t\t<\/a>\r\n\t\t\t\t\t\t\t<\/div>\r\n\t\t\t\t\t\t\t<a class=\"item-overlay\" href=\"http:\/\/www.parconazionale5terre.it\/\" title=\"\" >\r\n\t\t\t\t\t\t\t<span class=\"item-content\">\r\n\t\t\t\t\t\t\t\t<h4 class=\"item-title\"><\/h4>\r\n\t\t\t\t\t\t\t\t<p class=\"item-desc\"><\/p>\r\n\t\t\t\t\t\t\t<\/span>\r\n\t\t\t\t\t\t\t<\/a>\r\n\t\t\t\t\t\t<\/div>\r\n\t\t\t\t\t\t\t\r\n\t\t\t\t\t\t\t\t\t\t\r\n\t\t\t\t\t\t<div class=\"carousel-item se-ccarousel-item\">\r\n\t\t\t\t\t\t\t<div class=\"item-header\">\r\n\t\t\t\t\t\t\t\t<a href=\"https:\/\/www.meteoswiss.admin.ch\/home\/research-and-cooperation\/international-cooperation\/gcos.html\" title=\"\" target='_blank'>\r\n\t\t\t\t\t\t\t\t<img class=\"menu-image-img\" src=\"https:\/\/www.mountainow.net\/wp-content\/uploads\/2017\/11\/Kompakt_BK_AMT_DE-FR-IT_36mm-300x263.jpg\" alt=\"\" \/>\r\n\t\t\t\t\t\t\t\t<\/a>\r\n\t\t\t\t\t\t\t<\/div>\r\n\t\t\t\t\t\t\t<a class=\"item-overlay\" href=\"https:\/\/www.meteoswiss.admin.ch\/home\/research-and-cooperation\/international-cooperation\/gcos.html\" title=\"\" target='_blank'>\r\n\t\t\t\t\t\t\t<span class=\"item-content\">\r\n\t\t\t\t\t\t\t\t<h4 class=\"item-title\"><\/h4>\r\n\t\t\t\t\t\t\t\t<p class=\"item-desc\"><\/p>\r\n\t\t\t\t\t\t\t<\/span>\r\n\t\t\t\t\t\t\t<\/a>\r\n\t\t\t\t\t\t<\/div>\r\n\t\t\t\t\t\t\t\r\n\t\t\t\t\t\t\t\t\t\t\r\n\t\t\t\t\t\t<div class=\"carousel-item se-ccarousel-item\">\r\n\t\t\t\t\t\t\t<div class=\"item-header\">\r\n\t\t\t\t\t\t\t\t<a href=\"https:\/\/www.bfu.ch\/\" title=\"\" >\r\n\t\t\t\t\t\t\t\t<img class=\"menu-image-img\" src=\"\" alt=\"\" \/>\r\n\t\t\t\t\t\t\t\t<\/a>\r\n\t\t\t\t\t\t\t<\/div>\r\n\t\t\t\t\t\t\t<a class=\"item-overlay\" href=\"https:\/\/www.bfu.ch\/\" title=\"\" >\r\n\t\t\t\t\t\t\t<span class=\"item-content\">\r\n\t\t\t\t\t\t\t\t<h4 class=\"item-title\"><\/h4>\r\n\t\t\t\t\t\t\t\t<p class=\"item-desc\"><\/p>\r\n\t\t\t\t\t\t\t<\/span>\r\n\t\t\t\t\t\t\t<\/a>\r\n\t\t\t\t\t\t<\/div>\r\n\t\t\t\t\t\t\t\r\n\t\t\t\t\t\t\t\t\t\t\r\n\t\t\t\t\t\t<div class=\"carousel-item se-ccarousel-item\">\r\n\t\t\t\t\t\t\t<div class=\"item-header\">\r\n\t\t\t\t\t\t\t\t<a href=\"https:\/\/www.planetek.it\/\" title=\"\" target='_blank'>\r\n\t\t\t\t\t\t\t\t<img class=\"menu-image-img\" src=\"https:\/\/www.mountainow.net\/wp-content\/uploads\/2017\/11\/Planetek_logo-300x160.jpg\" alt=\"\" \/>\r\n\t\t\t\t\t\t\t\t<\/a>\r\n\t\t\t\t\t\t\t<\/div>\r\n\t\t\t\t\t\t\t<a class=\"item-overlay\" href=\"https:\/\/www.planetek.it\/\" title=\"\" target='_blank'>\r\n\t\t\t\t\t\t\t<span class=\"item-content\">\r\n\t\t\t\t\t\t\t\t<h4 class=\"item-title\"><\/h4>\r\n\t\t\t\t\t\t\t\t<p class=\"item-desc\"><\/p>\r\n\t\t\t\t\t\t\t<\/span>\r\n\t\t\t\t\t\t\t<\/a>\r\n\t\t\t\t\t\t<\/div>\r\n\t\t\t\t\t\t\t\r\n\t\t\t\t\t\t\t\t\t\t\r\n\t\t\t\t\t\t<div class=\"carousel-item se-ccarousel-item\">\r\n\t\t\t\t\t\t\t<div class=\"item-header\">\r\n\t\t\t\t\t\t\t\t<a href=\"https:\/\/www.applica.guru\/\" title=\"\" target='_blank'>\r\n\t\t\t\t\t\t\t\t<img class=\"menu-image-img\" src=\"https:\/\/www.mountainow.net\/wp-content\/uploads\/2017\/11\/Applica_header_logo.png\" alt=\"\" \/>\r\n\t\t\t\t\t\t\t\t<\/a>\r\n\t\t\t\t\t\t\t<\/div>\r\n\t\t\t\t\t\t\t<a class=\"item-overlay\" href=\"https:\/\/www.applica.guru\/\" title=\"\" target='_blank'>\r\n\t\t\t\t\t\t\t<span class=\"item-content\">\r\n\t\t\t\t\t\t\t\t<h4 class=\"item-title\"><\/h4>\r\n\t\t\t\t\t\t\t\t<p class=\"item-desc\"><\/p>\r\n\t\t\t\t\t\t\t<\/span>\r\n\t\t\t\t\t\t\t<\/a>\r\n\t\t\t\t\t\t<\/div>\r\n\t\t\t\t\t\t\t\r\n\t\t\t\t\t\t\t\t\t\t\r\n\t\t\t\t\t\t<div class=\"carousel-item se-ccarousel-item\">\r\n\t\t\t\t\t\t\t<div class=\"item-header\">\r\n\t\t\t\t\t\t\t\t<a href=\"https:\/\/www.exolabs.ch\/\" title=\"\" target='_blank'>\r\n\t\t\t\t\t\t\t\t<img class=\"menu-image-img\" src=\"https:\/\/www.mountainow.net\/wp-content\/uploads\/2017\/11\/Exo_logo-300x39.png\" alt=\"\" \/>\r\n\t\t\t\t\t\t\t\t<\/a>\r\n\t\t\t\t\t\t\t<\/div>\r\n\t\t\t\t\t\t\t<a class=\"item-overlay\" href=\"https:\/\/www.exolabs.ch\/\" title=\"\" target='_blank'>\r\n\t\t\t\t\t\t\t<span class=\"item-content\">\r\n\t\t\t\t\t\t\t\t<h4 class=\"item-title\"><\/h4>\r\n\t\t\t\t\t\t\t\t<p class=\"item-desc\"><\/p>\r\n\t\t\t\t\t\t\t<\/span>\r\n\t\t\t\t\t\t\t<\/a>\r\n\t\t\t\t\t\t<\/div>\r\n\t\t\t\t\t\t\t\r\n\t\t\t\t\t\t\t\t\t\t\r\n\t\t\t\t\t\t<div class=\"carousel-item se-ccarousel-item\">\r\n\t\t\t\t\t\t\t<div class=\"item-header\">\r\n\t\t\t\t\t\t\t\t<a href=\"http:\/\/www.rotaryclubcassia.it\/\" title=\"\" target='_blank'>\r\n\t\t\t\t\t\t\t\t<img class=\"menu-image-img\" src=\"https:\/\/www.mountainow.net\/wp-content\/uploads\/2017\/11\/rotary-club-roma-cassia-logo-300x103.jpg\" alt=\"\" \/>\r\n\t\t\t\t\t\t\t\t<\/a>\r\n\t\t\t\t\t\t\t<\/div>\r\n\t\t\t\t\t\t\t<a class=\"item-overlay\" href=\"http:\/\/www.rotaryclubcassia.it\/\" title=\"\" target='_blank'>\r\n\t\t\t\t\t\t\t<span class=\"item-content\">\r\n\t\t\t\t\t\t\t\t<h4 class=\"item-title\"><\/h4>\r\n\t\t\t\t\t\t\t\t<p class=\"item-desc\"><\/p>\r\n\t\t\t\t\t\t\t<\/span>\r\n\t\t\t\t\t\t\t<\/a>\r\n\t\t\t\t\t\t<\/div>\r\n\t\t\t\t\t\t\t\r\n\t\t\t\t\t\t\t\t\t\t\r\n\t\t\t\t\t\t<div class=\"carousel-item se-ccarousel-item\">\r\n\t\t\t\t\t\t\t<div class=\"item-header\">\r\n\t\t\t\t\t\t\t\t<a href=\"https:\/\/www.swisstopo.admin.ch\/it\/home.html\" title=\"\" target='_blank'>\r\n\t\t\t\t\t\t\t\t<img class=\"menu-image-img\" src=\"https:\/\/www.mountainow.net\/wp-content\/uploads\/2017\/11\/Schweiz-Eidgen-logo-300x142.jpg\" alt=\"\" \/>\r\n\t\t\t\t\t\t\t\t<\/a>\r\n\t\t\t\t\t\t\t<\/div>\r\n\t\t\t\t\t\t\t<a class=\"item-overlay\" href=\"https:\/\/www.swisstopo.admin.ch\/it\/home.html\" title=\"\" target='_blank'>\r\n\t\t\t\t\t\t\t<span class=\"item-content\">\r\n\t\t\t\t\t\t\t\t<h4 class=\"item-title\"><\/h4>\r\n\t\t\t\t\t\t\t\t<p class=\"item-desc\"><\/p>\r\n\t\t\t\t\t\t\t<\/span>\r\n\t\t\t\t\t\t\t<\/a>\r\n\t\t\t\t\t\t<\/div>\r\n\t\t\t\t\t\t\t\r\n\t\t\t\t\t\t\t\t\t\t\r\n\t\t\t\t\t\t<div class=\"carousel-item se-ccarousel-item\">\r\n\t\t\t\t\t\t\t<div class=\"item-header\">\r\n\t\t\t\t\t\t\t\t<a href=\"http:\/\/www.ign.fr\/\" title=\"\" target='_blank'>\r\n\t\t\t\t\t\t\t\t<img class=\"menu-image-img\" src=\"https:\/\/www.mountainow.net\/wp-content\/uploads\/2017\/11\/IGN-logo_smallpng.png\" alt=\"\" \/>\r\n\t\t\t\t\t\t\t\t<\/a>\r\n\t\t\t\t\t\t\t<\/div>\r\n\t\t\t\t\t\t\t<a class=\"item-overlay\" href=\"http:\/\/www.ign.fr\/\" title=\"\" target='_blank'>\r\n\t\t\t\t\t\t\t<span class=\"item-content\">\r\n\t\t\t\t\t\t\t\t<h4 class=\"item-title\"><\/h4>\r\n\t\t\t\t\t\t\t\t<p class=\"item-desc\"><\/p>\r\n\t\t\t\t\t\t\t<\/span>\r\n\t\t\t\t\t\t\t<\/a>\r\n\t\t\t\t\t\t<\/div>\r\n\t\t\t\t\t\t\t\r\n\t\t\t\t\t\t\t\t\t\t\r\n\t\t\t\t\t\t<div class=\"carousel-item se-ccarousel-item\">\r\n\t\t\t\t\t\t\t<div class=\"item-header\">\r\n\t\t\t\t\t\t\t\t<a href=\"https:\/\/opentopomap.org\/about\" title=\"\" target='_blank'>\r\n\t\t\t\t\t\t\t\t<img class=\"menu-image-img\" src=\"https:\/\/www.mountainow.net\/wp-content\/uploads\/2017\/11\/opentopomap-logo-new-300x178.png\" alt=\"\" \/>\r\n\t\t\t\t\t\t\t\t<\/a>\r\n\t\t\t\t\t\t\t<\/div>\r\n\t\t\t\t\t\t\t<a class=\"item-overlay\" href=\"https:\/\/opentopomap.org\/about\" title=\"\" target='_blank'>\r\n\t\t\t\t\t\t\t<span class=\"item-content\">\r\n\t\t\t\t\t\t\t\t<h4 class=\"item-title\"><\/h4>\r\n\t\t\t\t\t\t\t\t<p class=\"item-desc\"><\/p>\r\n\t\t\t\t\t\t\t<\/span>\r\n\t\t\t\t\t\t\t<\/a>\r\n\t\t\t\t\t\t<\/div>\r\n\t\t\t\t\t\t\t\r\n\t\t\t\t\t\t\t\t\t\t\r\n\t\t\t\t\t\t<div class=\"carousel-item se-ccarousel-item\">\r\n\t\t\t\t\t\t\t<div class=\"item-header\">\r\n\t\t\t\t\t\t\t\t<a href=\"https:\/\/e-shape.eu\/\" title=\"\" target='_blank'>\r\n\t\t\t\t\t\t\t\t<img class=\"menu-image-img\" src=\"https:\/\/www.mountainow.net\/wp-content\/uploads\/2017\/11\/eshape_black.png\" alt=\"\" \/>\r\n\t\t\t\t\t\t\t\t<\/a>\r\n\t\t\t\t\t\t\t<\/div>\r\n\t\t\t\t\t\t\t<a class=\"item-overlay\" href=\"https:\/\/e-shape.eu\/\" title=\"\" target='_blank'>\r\n\t\t\t\t\t\t\t<span class=\"item-content\">\r\n\t\t\t\t\t\t\t\t<h4 class=\"item-title\"><\/h4>\r\n\t\t\t\t\t\t\t\t<p class=\"item-desc\"><\/p>\r\n\t\t\t\t\t\t\t<\/span>\r\n\t\t\t\t\t\t\t<\/a>\r\n\t\t\t\t\t\t<\/div>\r\n\t\t\t\t\t\t\t\r\n\t\t\t\t\t\t\t\t\t\t\r\n\t\t\t\t\t\t<div class=\"carousel-item se-ccarousel-item\">\r\n\t\t\t\t\t\t\t<div class=\"item-header\">\r\n\t\t\t\t\t\t\t\t<a href=\"https:\/\/e-shape.eu\/\" title=\"\" target='_blank'>\r\n\t\t\t\t\t\t\t\t<img class=\"menu-image-img\" src=\"https:\/\/www.mountainow.net\/wp-content\/uploads\/2017\/11\/EU_big-300x38.png\" alt=\"\" \/>\r\n\t\t\t\t\t\t\t\t<\/a>\r\n\t\t\t\t\t\t\t<\/div>\r\n\t\t\t\t\t\t\t<a class=\"item-overlay\" href=\"https:\/\/e-shape.eu\/\" title=\"\" target='_blank'>\r\n\t\t\t\t\t\t\t<span class=\"item-content\">\r\n\t\t\t\t\t\t\t\t<h4 class=\"item-title\"><\/h4>\r\n\t\t\t\t\t\t\t\t<p class=\"item-desc\"><\/p>\r\n\t\t\t\t\t\t\t<\/span>\r\n\t\t\t\t\t\t\t<\/a>\r\n\t\t\t\t\t\t<\/div>\r\n\t\t\t\t\t\t\t\r\n\t\t\t\t        \r\n        <\/div><!-- .generic-carousel --><\/div><!-- .latest-post-carousel --><\/section>\t\t\t<\/aside>\n\t\t<\/div><\/div><\/div><\/div>","protected":false},"excerpt":{"rendered":"<p>S\u00e9curit\u00e9 MountaiNow &#8211; Safer Together MountaiNow a pour but de fournir le plus d\u2019informations possibles sur les derni\u00e8res conditions en montagne \u2013 de mani\u00e8re aussi pr\u00e9cise que possible g\u00e9ographiquement. Si MountaiNow peut techniquement \u00eatre utilis\u00e9 n\u2019importe o\u00f9 dans le monde, son bon fonctionnement et sa pertinence sont pour le moment optimis\u00e9s pour les Alpes europ\u00e9ennes. [&hellip;]<\/p>\n","protected":false},"author":1,"featured_media":571,"parent":0,"menu_order":0,"comment_status":"closed","ping_status":"closed","template":"","meta":[],"_links":{"self":[{"href":"https:\/\/www.mountainow.net\/fr\/wp-json\/wp\/v2\/pages\/1044"}],"collection":[{"href":"https:\/\/www.mountainow.net\/fr\/wp-json\/wp\/v2\/pages"}],"about":[{"href":"https:\/\/www.mountainow.net\/fr\/wp-json\/wp\/v2\/types\/page"}],"author":[{"embeddable":true,"href":"https:\/\/www.mountainow.net\/fr\/wp-json\/wp\/v2\/users\/1"}],"replies":[{"embeddable":true,"href":"https:\/\/www.mountainow.net\/fr\/wp-json\/wp\/v2\/comments?post=1044"}],"version-history":[{"count":5,"href":"https:\/\/www.mountainow.net\/fr\/wp-json\/wp\/v2\/pages\/1044\/revisions"}],"predecessor-version":[{"id":1288,"href":"https:\/\/www.mountainow.net\/fr\/wp-json\/wp\/v2\/pages\/1044\/revisions\/1288"}],"wp:featuredmedia":[{"embeddable":true,"href":"https:\/\/www.mountainow.net\/fr\/wp-json\/wp\/v2\/media\/571"}],"wp:attachment":[{"href":"https:\/\/www.mountainow.net\/fr\/wp-json\/wp\/v2\/media?parent=1044"}],"curies":[{"name":"wp","href":"https:\/\/api.w.org\/{rel}","templated":true}]}}