{"id":1002,"date":"2017-11-29T17:09:02","date_gmt":"2017-11-29T17:09:02","guid":{"rendered":"http:\/\/website.mountainow.net\/?page_id=1002"},"modified":"2024-05-30T18:43:57","modified_gmt":"2024-05-30T18:43:57","slug":"le-tour-en-videos","status":"publish","type":"page","link":"https:\/\/www.mountainow.net\/fr\/intro\/le-tour-en-videos\/","title":{"rendered":"Tutos et Vid\u00e9os"},"content":{"rendered":"<div id=\"pl-1002\"  class=\"panel-layout\" ><div id=\"pg-1002-0\"  class=\"panel-grid panel-has-style\" ><div class=\"hide-title no-content-margin wider-row page-layout panel-row-style panel-row-style-for-1002-0\" ><div id=\"pgc-1002-0-0\"  class=\"panel-grid-cell\" ><div id=\"panel-1002-0-0-0\" class=\"so-panel widget widget_sow-editor panel-first-child panel-last-child\" data-index=\"0\" ><div class=\"mountain-headline panel-widget-style panel-widget-style-for-1002-0-0-0\" ><div\n\t\t\t\n\t\t\tclass=\"so-widget-sow-editor so-widget-sow-editor-base\"\n\t\t\t\n\t\t>\n<div class=\"siteorigin-widget-tinymce textwidget\">\n\t<h1>Tutos et Vid\u00e9os<\/h1>\n<h3>MountaiNow - Safer Together<\/h3>\n<\/div>\n<\/div><\/div><\/div><\/div><\/div><\/div><div id=\"pg-1002-1\"  class=\"panel-grid panel-no-style\" ><div id=\"pgc-1002-1-0\"  class=\"panel-grid-cell\" ><div id=\"panel-1002-1-0-0\" class=\"so-panel widget widget_sow-editor panel-first-child panel-last-child\" data-index=\"1\" ><div class=\"orange panel-widget-style panel-widget-style-for-1002-1-0-0\" ><div\n\t\t\t\n\t\t\tclass=\"so-widget-sow-editor so-widget-sow-editor-base\"\n\t\t\t\n\t\t>\n<div class=\"siteorigin-widget-tinymce textwidget\">\n\t<p><a href=\"https:\/\/www.youtube.com\/watch?v=UtThEgWnapc\" target=\"_blank\" rel=\"noopener\"><strong>1 - Comment enregistrer une trace GPS ?<\/strong><\/a><br \/>\n<a href=\"https:\/\/www.youtube.com\/watch?v=YBSRMDWCxes\" target=\"_blank\" rel=\"noopener\"><strong>2 - Comment ajouter une observation - en prenant une photo ?<\/strong><\/a><br \/>\n<a href=\"https:\/\/www.youtube.com\/watch?v=MY7YTJ2_fd4\" target=\"_blank\" rel=\"noopener\"><strong>3 - Comment ajouter une observation - depuis la galerie ?<\/strong><\/a><br \/>\n<a href=\"https:\/\/www.youtube.com\/watch?v=fiBNK24z5Tw\" target=\"_blank\" rel=\"noopener\"><strong>4 - Comment s'informer des derni\u00e8res conditions ?<\/strong><\/a><br \/>\n<a href=\"https:\/\/www.youtube.com\/watch?v=05YA-IcDm_Q\" target=\"_blank\" rel=\"noopener\"><strong>5 - Comment ajouter un commentaire sur une trace ? <\/strong><strong><span style=\"color: #dd3333;\">NEW<\/span><\/strong><\/a><\/p>\n<h3 style=\"text-align: center;\">1 - Comment enregistrer une trace GPS ?<\/h3>\n<p><iframe loading=\"lazy\" src=\"https:\/\/www.youtube.com\/embed\/UtThEgWnapc\" width=\"560\" height=\"315\" frameborder=\"0\" allowfullscreen=\"allowfullscreen\"><\/iframe><\/p>\n<h3 style=\"text-align: center;\">2 - Comment ajouter une observation - en prenant une photo ?<\/h3>\n<p><iframe loading=\"lazy\" src=\"https:\/\/www.youtube.com\/embed\/YBSRMDWCxes\" width=\"560\" height=\"315\" frameborder=\"0\" allowfullscreen=\"allowfullscreen\"><\/iframe><\/p>\n<h3 style=\"text-align: center;\">3 - Comment ajouter une observation \u2013 depuis la galerie ?<\/h3>\n<p><iframe loading=\"lazy\" src=\"https:\/\/www.youtube.com\/embed\/MY7YTJ2_fd4\" width=\"560\" height=\"315\" frameborder=\"0\" allowfullscreen=\"allowfullscreen\"><\/iframe><\/p>\n<h3 style=\"text-align: center;\">4 - Comment s'informer des derni\u00e8res conditions ?<\/h3>\n<p><iframe loading=\"lazy\" title=\"YouTube video player\" src=\"https:\/\/www.youtube.com\/embed\/fiBNK24z5Tw?si=c_eb3OJUghZXyPd4\" width=\"560\" height=\"315\" frameborder=\"0\" allowfullscreen=\"allowfullscreen\"><\/iframe><\/p>\n<h3 style=\"text-align: center;\">5 - Comment ajouter un commentaire sur une trace ? <strong><span style=\"color: #dd3333;\">NEW<\/span><\/strong><\/h3>\n<p><iframe loading=\"lazy\" title=\"YouTube video player\" src=\"https:\/\/www.youtube.com\/embed\/05YA-IcDm_Q?si=v4Ut4D4kMpcx4OoG\" width=\"560\" height=\"315\" frameborder=\"0\" allowfullscreen=\"allowfullscreen\"><\/iframe><\/p>\n<\/div>\n<\/div><\/div><\/div><\/div><div id=\"pgc-1002-1-1\"  class=\"panel-grid-cell\" ><div id=\"panel-1002-1-1-0\" class=\"so-panel widget widget_sow-editor panel-first-child panel-last-child\" data-index=\"2\" ><div class=\"orange panel-widget-style panel-widget-style-for-1002-1-1-0\" ><div\n\t\t\t\n\t\t\tclass=\"so-widget-sow-editor so-widget-sow-editor-base\"\n\t\t\t\n\t\t>\n<div class=\"siteorigin-widget-tinymce textwidget\">\n\t<p><a href=\"https:\/\/www.youtube.com\/watch?v=9OqmvuKSXkg\" target=\"_blank\" rel=\"noopener\"><strong>6 - Comment recevoir des News sur ses r\u00e9gions pr\u00e9f\u00e9r\u00e9es ?<\/strong><\/a><br \/>\n<a href=\"https:\/\/www.youtube.com\/watch?v=PWTdv04Yhoc\" target=\"_blank\" rel=\"noopener\"><strong>7 - Comment projeter une trace existante sur son propre trac\u00e9 ?<\/strong><\/a><br \/>\n<a href=\"https:\/\/www.youtube.com\/watch?v=BAnP-w_x9ko\" target=\"_blank\" rel=\"noopener\"><strong>8 - Tout sur la neige! <\/strong><strong><span style=\"color: #dd3333;\">NEW<\/span><\/strong><\/a><br \/>\n<a href=\"https:\/\/www.youtube.com\/watch?v=1wR1tZKClBI\" target=\"_blank\" rel=\"noopener\"><strong>9 - Comment filtrer pour aller droit au but ? <\/strong><strong><span style=\"color: #dd3333;\">NEW<\/span><\/strong><\/a><br \/>\n<a href=\"https:\/\/www.youtube.com\/watch?v=Q4nCklyx8ps\" target=\"_blank\" rel=\"noopener\"><strong>10 - Comment acc\u00e9der aux cartes, traces, observations hors-r\u00e9seau ? <\/strong><strong><span style=\"color: #dd3333;\">NEW<\/span><\/strong><\/a><\/p>\n<h3 style=\"text-align: center;\">6 - Comment recevoir des News sur ses r\u00e9gions pr\u00e9f\u00e9r\u00e9es ?<\/h3>\n<p><iframe loading=\"lazy\" title=\"YouTube video player\" src=\"https:\/\/www.youtube.com\/embed\/9OqmvuKSXkg\" width=\"560\" height=\"315\" frameborder=\"0\" allowfullscreen=\"allowfullscreen\"><\/iframe><\/p>\n<h3 style=\"text-align: center;\">7 - Comment projeter une trace existante sur son propre trac\u00e9 ?<\/h3>\n<p><iframe loading=\"lazy\" title=\"YouTube video player\" src=\"https:\/\/www.youtube.com\/embed\/PWTdv04Yhoc\" width=\"560\" height=\"315\" frameborder=\"0\" allowfullscreen=\"allowfullscreen\"><\/iframe><\/p>\n<h3 style=\"text-align: center;\">8 - Tout sur la neige! <strong><span style=\"color: #dd3333;\">NEW<\/span><\/strong><\/h3>\n<p><iframe loading=\"lazy\" title=\"YouTube video player\" src=\"https:\/\/www.youtube.com\/embed\/BAnP-w_x9ko\" width=\"560\" height=\"315\" frameborder=\"0\" allowfullscreen=\"allowfullscreen\"><\/iframe><\/p>\n<h3 style=\"text-align: center;\">9 - Comment filtrer pour aller droit au but ? <strong><span style=\"color: #dd3333;\">NEW<\/span><\/strong><\/h3>\n<p><iframe loading=\"lazy\" title=\"YouTube video player\" src=\"https:\/\/www.youtube.com\/embed\/1wR1tZKClBI?si=zR_eHR3dBfFxkERL\" width=\"560\" height=\"315\" frameborder=\"0\" allowfullscreen=\"allowfullscreen\"><\/iframe><\/p>\n<h3 style=\"text-align: center;\">10 - Acc\u00e9der aux cartes\/traces\/observations hors-r\u00e9seau? <strong><span style=\"color: #dd3333;\">NEW<\/span><\/strong><\/h3>\n<p><iframe loading=\"lazy\" title=\"YouTube video player\" src=\"https:\/\/www.youtube.com\/embed\/Q4nCklyx8ps?si=7ZqOQLLB4F6J2XVs\" width=\"560\" height=\"315\" frameborder=\"0\" allowfullscreen=\"allowfullscreen\"><\/iframe><\/p>\n<\/div>\n<\/div><\/div><\/div><\/div><\/div><\/div>","protected":false},"excerpt":{"rendered":"<p>Tutos et Vid\u00e9os MountaiNow &#8211; Safer Together 1 &#8211; Comment enregistrer une trace GPS ? 2 &#8211; Comment ajouter une observation &#8211; en prenant une photo ? 3 &#8211; Comment ajouter une observation &#8211; depuis la galerie ? 4 &#8211; Comment s&rsquo;informer des derni\u00e8res conditions ? 5 &#8211; Comment ajouter un commentaire sur une trace [&hellip;]<\/p>\n","protected":false},"author":1,"featured_media":373,"parent":992,"menu_order":0,"comment_status":"closed","ping_status":"closed","template":"","meta":[],"_links":{"self":[{"href":"https:\/\/www.mountainow.net\/fr\/wp-json\/wp\/v2\/pages\/1002"}],"collection":[{"href":"https:\/\/www.mountainow.net\/fr\/wp-json\/wp\/v2\/pages"}],"about":[{"href":"https:\/\/www.mountainow.net\/fr\/wp-json\/wp\/v2\/types\/page"}],"author":[{"embeddable":true,"href":"https:\/\/www.mountainow.net\/fr\/wp-json\/wp\/v2\/users\/1"}],"replies":[{"embeddable":true,"href":"https:\/\/www.mountainow.net\/fr\/wp-json\/wp\/v2\/comments?post=1002"}],"version-history":[{"count":64,"href":"https:\/\/www.mountainow.net\/fr\/wp-json\/wp\/v2\/pages\/1002\/revisions"}],"predecessor-version":[{"id":8448,"href":"https:\/\/www.mountainow.net\/fr\/wp-json\/wp\/v2\/pages\/1002\/revisions\/8448"}],"up":[{"embeddable":true,"href":"https:\/\/www.mountainow.net\/fr\/wp-json\/wp\/v2\/pages\/992"}],"wp:featuredmedia":[{"embeddable":true,"href":"https:\/\/www.mountainow.net\/fr\/wp-json\/wp\/v2\/media\/373"}],"wp:attachment":[{"href":"https:\/\/www.mountainow.net\/fr\/wp-json\/wp\/v2\/media?parent=1002"}],"curies":[{"name":"wp","href":"https:\/\/api.w.org\/{rel}","templated":true}]}}