{"id":3933,"date":"2021-05-16T16:22:45","date_gmt":"2021-05-16T16:22:45","guid":{"rendered":"https:\/\/www.mountainow.net\/einfuehrung\/campagne-observations-2\/"},"modified":"2021-06-24T10:37:12","modified_gmt":"2021-06-24T10:37:12","slug":"beobachtungskampagne-2021","status":"publish","type":"page","link":"https:\/\/www.mountainow.net\/de\/einfuehrung\/beobachtungskampagne-2021\/","title":{"rendered":"Beobachtungskampagne 2021"},"content":{"rendered":"<div id=\"pl-3933\"  class=\"panel-layout\" ><div id=\"pg-3933-0\"  class=\"panel-grid panel-has-style\" ><div class=\"hide-title no-content-margin wider-row page-layout panel-row-style panel-row-style-for-3933-0\" ><div id=\"pgc-3933-0-0\"  class=\"panel-grid-cell\" ><div id=\"panel-3933-0-0-0\" class=\"so-panel widget widget_sow-editor panel-first-child panel-last-child\" data-index=\"0\" ><div class=\"mountain-headline panel-widget-style panel-widget-style-for-3933-0-0-0\" ><div\n\t\t\t\n\t\t\tclass=\"so-widget-sow-editor so-widget-sow-editor-base\"\n\t\t\t\n\t\t>\n<div class=\"siteorigin-widget-tinymce textwidget\">\n\t<h1>Beobachtungs-kampagne 2021<\/h1>\n<h3>MountaiNow - Safer Together<\/h3>\n<\/div>\n<\/div><\/div><\/div><\/div><\/div><\/div><div id=\"pg-3933-1\"  class=\"panel-grid panel-has-style\" ><div class=\"page-layout panel-row-style panel-row-style-for-3933-1\" ><div id=\"pgc-3933-1-0\"  class=\"panel-grid-cell\" ><div id=\"panel-3933-1-0-0\" class=\"so-panel widget widget_sow-editor panel-first-child panel-last-child\" data-index=\"1\" ><div class=\"orange panel-widget-style panel-widget-style-for-3933-1-0-0\" ><div\n\t\t\t\n\t\t\tclass=\"so-widget-sow-editor so-widget-sow-editor-base\"\n\t\t\t\n\t\t>\n<div class=\"siteorigin-widget-tinymce textwidget\">\n\t<h1><img decoding=\"async\" loading=\"lazy\" class=\"wp-image-3806 aligncenter\" src=\"https:\/\/www.mountainow.net\/wp-content\/uploads\/2021\/05\/Poster1_-POC21-ObsCampaign_210521-300x300.png\" alt=\"\" width=\"500\" height=\"500\" srcset=\"https:\/\/www.mountainow.net\/wp-content\/uploads\/2021\/05\/Poster1_-POC21-ObsCampaign_210521-300x300.png 300w, https:\/\/www.mountainow.net\/wp-content\/uploads\/2021\/05\/Poster1_-POC21-ObsCampaign_210521-150x150.png 150w, https:\/\/www.mountainow.net\/wp-content\/uploads\/2021\/05\/Poster1_-POC21-ObsCampaign_210521-768x768.png 768w, https:\/\/www.mountainow.net\/wp-content\/uploads\/2021\/05\/Poster1_-POC21-ObsCampaign_210521-1024x1024.png 1024w, https:\/\/www.mountainow.net\/wp-content\/uploads\/2021\/05\/Poster1_-POC21-ObsCampaign_210521-480x480.png 480w, https:\/\/www.mountainow.net\/wp-content\/uploads\/2021\/05\/Poster1_-POC21-ObsCampaign_210521.png 1080w\" sizes=\"(max-width: 500px) 100vw, 500px\" \/><\/h1>\n<p><strong>Nimm diesen Sommer an einer Beobachtungskampagne teil und hilf mit, die Auswirkungen des Klimawandels zu erforschen. <\/strong><strong>Mit ein paar Klicks \u2013 von zu Hause oder bei der n\u00e4chsten Bergtour \u2013 kannst du Deinen Beitrag leisten. Warte nicht, werde Teil davon!<\/strong><\/p>\n<h2><b><strong>Wie kann ich teilnehmen?<\/strong><br \/>\n<\/b><\/h2>\n<ol>\n<li><strong>Lade die App<\/strong> <strong>MountaiNow herunter<\/strong> via den <a href=\"https:\/\/apps.apple.com\/de\/app\/mountainow\/id1140143171?l=de&amp;ls=1\" target=\"_blank\" rel=\"noopener\">App Store<\/a> oder <a href=\"https:\/\/play.google.com\/store\/apps\/details?id=it.zerounorabbit.mountainnow&amp;hl=de\" target=\"_blank\" rel=\"noopener\">Google Play<\/a><\/li>\n<li><strong>F\u00fcge<\/strong> bei deinen Aktivit\u00e4ten in den Bergen <strong>Beobachtungen hinzu<\/strong>. Es dauert nur ein paar Sekunden, siehe <a href=\"https:\/\/www.mountainow.net\/de\/einfuehrung\/tutorial-videos\/\" target=\"_blank\" rel=\"noopener\">Tutorials<\/a><\/li>\n<li>Konzentriere dich nach M\u00f6glichkeit auf folgende Arten von Beobachtungen: <strong>Landschaft; Felsst\u00fcrze; Gletscher-schmelze; Schneeh\u00f6he; Eist\u00fcrme\/ Eislawinen; Gletschersee<\/strong>; siehe Details unten<\/li>\n<li>Nimm nach M\u00f6glichkeit Beobachtungen in den Fokus-Regionen der Kampagne auf: <strong>Aletsch, Morteratsch\/ Diavolezza, Orny\/Trient oder Zinal<\/strong>. \"Visit me\u201c Symbole werden auch auf der MountaiNow-Karte platziert, um die besten Aussichtspunkte anzuzeigen<\/li>\n<li><strong>Los geht's<\/strong>! Die Beobachtungen sind in jeder Region sehr n\u00fctzlich\u00a0 \ud83d\ude09<\/li>\n<\/ol>\n<p><img decoding=\"async\" loading=\"lazy\" class=\"alignnone wp-image-4307 \" src=\"https:\/\/www.mountainow.net\/wp-content\/uploads\/2021\/06\/MountaiNow_Paysage_DE_3-300x253.png\" alt=\"\" width=\"285\" height=\"240\" srcset=\"https:\/\/www.mountainow.net\/wp-content\/uploads\/2021\/06\/MountaiNow_Paysage_DE_3-300x253.png 300w, https:\/\/www.mountainow.net\/wp-content\/uploads\/2021\/06\/MountaiNow_Paysage_DE_3.png 563w\" sizes=\"(max-width: 285px) 100vw, 285px\" \/> <img decoding=\"async\" loading=\"lazy\" class=\"alignnone wp-image-4155 \" src=\"https:\/\/www.mountainow.net\/wp-content\/uploads\/2021\/05\/MountaiNow_Rockfall_DE_4-300x269.png\" alt=\"\" width=\"284\" height=\"255\" srcset=\"https:\/\/www.mountainow.net\/wp-content\/uploads\/2021\/05\/MountaiNow_Rockfall_DE_4-300x269.png 300w, https:\/\/www.mountainow.net\/wp-content\/uploads\/2021\/05\/MountaiNow_Rockfall_DE_4.png 600w\" sizes=\"(max-width: 284px) 100vw, 284px\" \/><img decoding=\"async\" loading=\"lazy\" class=\"alignnone wp-image-4303 \" src=\"https:\/\/www.mountainow.net\/wp-content\/uploads\/2021\/06\/MountaiNow_BaliseGlacier_lesAlpes_DE_v5-300x256.png\" alt=\"\" width=\"290\" height=\"247\" srcset=\"https:\/\/www.mountainow.net\/wp-content\/uploads\/2021\/06\/MountaiNow_BaliseGlacier_lesAlpes_DE_v5-300x256.png 300w, https:\/\/www.mountainow.net\/wp-content\/uploads\/2021\/06\/MountaiNow_BaliseGlacier_lesAlpes_DE_v5.png 600w\" sizes=\"(max-width: 290px) 100vw, 290px\" \/><\/p>\n<h2><b><strong>Aber... warum eine Beobachtungskampagne<\/strong> ?<\/b><\/h2>\n<p>Die Bew\u00e4ltigung von Herausforderungen im Hochgebirge erfordert die Bereitstellung verwertbarer Informationen \u00fcber <strong>alpine Ver\u00e4nderungen<\/strong>. Die nationalen Messnetze f\u00fcr die Beobachtung von Gletschern und Permafrost, <a href=\"https:\/\/www.glamos.ch\/de\" target=\"_blank\" rel=\"noopener\">GLAMOS<\/a> und <a href=\"http:\/\/www.permos.ch\/index.html\" target=\"_blank\" rel=\"noopener\">PERMOS<\/a>, spielen eine fundamentale Rolle bei der Bereitstellung dieser Informationen. Oft <strong>fehlt es jedoch an ausreichenden in-situ Daten in Echtzeit oder in abgelegenen Gebieten<\/strong>, um zeitnahe Beobachtungsprodukte zu entwickeln.<\/p>\n<p>Bei der Beobachtungskampagne 2021 geht es darum, dass <strong>Potenzial moderner Beobachtungsmethoden zu erforschen<\/strong>, um diese Informationsl\u00fccke zu schliessen. Insbesondere werden die M\u00f6glichkeiten von <strong>Crowdsourcing<\/strong> f\u00fcr ein langfristiges Beobachtungssystem in den Bergen evaluiert.<\/p>\n<p>Die Idee ist, mit MountaiNow Echtzeitbeobachtungen zur Entwicklung von Gletschern und Permafrost zu sammeln. Mit der Kampagne in diesem Sommer wird angestrebt, <strong>eine kritische Masse von Beobachtungen zu erheben, die im Anschluss direkt von Schweizer Forschungsprogrammen verwendet werden<\/strong>.<\/p>\n<p>Die Kampagne wird kofinanziert durch das Bundesamt f\u00fcr Meteorologie und Klimatologie MeteoSchweiz im Rahmen von GCOS (Global Climate Observing System) Schweiz.<\/p>\n<h2><b><strong>Zeitraum und Fokus-Regionen<\/strong><\/b><\/h2>\n<p>Die Beobachtungskampagne l\u00e4uft <strong>vom 1. Juni bis 30. September 2021<\/strong>.<\/p>\n<p class=\"p1\">Beobachtungen aus jeder Region sind willkommen, aber Beobachtungen aus Fokus-Regionen sind besonders erw\u00fcnscht:<\/p>\n<ul>\n<li class=\"p1\"><strong>Aletschgletscher<\/strong><\/li>\n<li class=\"p1\"><strong>Zinalgletscher<\/strong><\/li>\n<li class=\"p1\"><strong>Trient\/Orny-Gletscher<\/strong><\/li>\n<li class=\"p1\"><strong>Vadret da Morteratsch \/ Diavolezza<\/strong><\/li>\n<\/ul>\n<p>Bestimmte Orte sind auf der MountaiNow-Karte auch durch das Symbol <strong>\"Visit me\"<\/strong> eindeutig gekennzeichnet. Die Idee ist, besonders viele Beobachtungen von diesen Orten zu erhalten - z.B. eine \u201eGletscher-schmelze\" Beobachtung, bei der einfach ein Foto der auf dem Gletscher platzierten Stange hochgeladen werden kann (um zu messen, wie schnell es schmilzt).<\/p>\n<p style=\"text-align: center;\"><strong>So einfach ist es - ein Foto machen und die Erforschung des Klimawandels unterst\u00fctzen!<\/strong><\/p>\n<h2><strong>Arten von Beobachtungen gesucht <\/strong><\/h2>\n<ul>\n<li class=\"p1\"><b>Landschaft <\/b><\/li>\n<\/ul>\n<p class=\"p1\">Mache ein Foto der Landschaft, die teilweise durch Schnee und Eis bedeckt ist, z.B. mit einem Teilst\u00fcck oder von einem vollst\u00e4ndigen Gletscher, oder von einem Blockgletscher (Beispiel unten)<\/p>\n<p><img decoding=\"async\" loading=\"lazy\" class=\"wp-image-3567 aligncenter\" src=\"https:\/\/www.mountainow.net\/wp-content\/uploads\/2021\/05\/photo13-300x169.jpg\" alt=\"\" width=\"501\" height=\"282\" srcset=\"https:\/\/www.mountainow.net\/wp-content\/uploads\/2021\/05\/photo13-300x169.jpg 300w, https:\/\/www.mountainow.net\/wp-content\/uploads\/2021\/05\/photo13-768x432.jpg 768w, https:\/\/www.mountainow.net\/wp-content\/uploads\/2021\/05\/photo13-1024x576.jpg 1024w, https:\/\/www.mountainow.net\/wp-content\/uploads\/2021\/05\/photo13-640x360.jpg 640w, https:\/\/www.mountainow.net\/wp-content\/uploads\/2021\/05\/photo13.jpg 1280w\" sizes=\"(max-width: 501px) 100vw, 501px\" \/><\/p>\n<ul>\n<li class=\"p1\"><b>Felsst\u00fcrze<\/b><\/li>\n<\/ul>\n<p class=\"p1\">Mache ein Foto, das den Anriss (gelb), die Auslaufzone oder die Ablagerung (rot) eines Felssturzes zeigt<\/p>\n<p><img decoding=\"async\" loading=\"lazy\" class=\"wp-image-3563 aligncenter\" src=\"https:\/\/www.mountainow.net\/wp-content\/uploads\/2021\/05\/photo3-300x262.jpg\" alt=\"\" width=\"502\" height=\"438\" srcset=\"https:\/\/www.mountainow.net\/wp-content\/uploads\/2021\/05\/photo3-300x262.jpg 300w, https:\/\/www.mountainow.net\/wp-content\/uploads\/2021\/05\/photo3-768x672.jpg 768w, https:\/\/www.mountainow.net\/wp-content\/uploads\/2021\/05\/photo3-1024x895.jpg 1024w, https:\/\/www.mountainow.net\/wp-content\/uploads\/2021\/05\/photo3.jpg 1280w\" sizes=\"(max-width: 502px) 100vw, 502px\" \/><\/p>\n<ul>\n<li class=\"p1\"><b>Gletscher-schmelze<\/b><\/li>\n<\/ul>\n<p class=\"p1\">Mache ein Foto der ganzen Mess-Stange - so nah wie m\u00f6glich<\/p>\n<p class=\"p1\"><img decoding=\"async\" loading=\"lazy\" class=\"wp-image-3583 aligncenter\" src=\"https:\/\/www.mountainow.net\/wp-content\/uploads\/2021\/05\/photo1-300x224.jpg\" alt=\"\" width=\"500\" height=\"373\" srcset=\"https:\/\/www.mountainow.net\/wp-content\/uploads\/2021\/05\/photo1-300x224.jpg 300w, https:\/\/www.mountainow.net\/wp-content\/uploads\/2021\/05\/photo1-768x574.jpg 768w, https:\/\/www.mountainow.net\/wp-content\/uploads\/2021\/05\/photo1-1024x766.jpg 1024w, https:\/\/www.mountainow.net\/wp-content\/uploads\/2021\/05\/photo1.jpg 1280w\" sizes=\"(max-width: 500px) 100vw, 500px\" \/><\/p>\n<ul>\n<li><strong>Schneeh\u00f6he<\/strong><\/li>\n<\/ul>\n<p>Messe die Schneeh\u00f6he mit einer Schneesonde (Lawinensonde). Notiere den Wert in cm unter \u00abKommentare\u00bb. Gro\u00dfartig, wenn du auch die Schneeh\u00f6he auf Gletschern messen kannst - sehr n\u00fctzlich f\u00fcr Forschungszwecke!<\/p>\n<p><img decoding=\"async\" loading=\"lazy\" class=\"wp-image-3545 aligncenter\" src=\"https:\/\/www.mountainow.net\/wp-content\/uploads\/2021\/05\/photo11-300x229.png\" alt=\"\" width=\"500\" height=\"382\" srcset=\"https:\/\/www.mountainow.net\/wp-content\/uploads\/2021\/05\/photo11-300x229.png 300w, https:\/\/www.mountainow.net\/wp-content\/uploads\/2021\/05\/photo11-768x586.png 768w, https:\/\/www.mountainow.net\/wp-content\/uploads\/2021\/05\/photo11-1024x781.png 1024w\" sizes=\"(max-width: 500px) 100vw, 500px\" \/><\/p>\n<ul>\n<li class=\"p1\"><strong>Eist\u00fcrme \u2013 Eislawinen<\/strong><\/li>\n<\/ul>\n<p class=\"p1\">Mache ein Foto der ab- oder einsturzgef\u00e4hrdeten Eismasse, oder der niedergegangenen Eislawine, einschliesslich der n\u00e4heren Umgebung<\/p>\n<p><img decoding=\"async\" loading=\"lazy\" class=\"alignnone wp-image-3549 \" src=\"https:\/\/www.mountainow.net\/wp-content\/uploads\/2021\/05\/photo6-300x225.png\" alt=\"\" width=\"403\" height=\"302\" srcset=\"https:\/\/www.mountainow.net\/wp-content\/uploads\/2021\/05\/photo6-300x225.png 300w, https:\/\/www.mountainow.net\/wp-content\/uploads\/2021\/05\/photo6-768x575.png 768w, https:\/\/www.mountainow.net\/wp-content\/uploads\/2021\/05\/photo6-1024x767.png 1024w\" sizes=\"(max-width: 403px) 100vw, 403px\" \/> \u00a0 \u00a0 \u00a0 \u00a0 \u00a0\u00a0\u00a0\u00a0 \u00a0\u00a0 <img decoding=\"async\" loading=\"lazy\" class=\"alignnone wp-image-3553\" src=\"https:\/\/www.mountainow.net\/wp-content\/uploads\/2021\/05\/photo8-300x225.jpg\" alt=\"\" width=\"401\" height=\"301\" srcset=\"https:\/\/www.mountainow.net\/wp-content\/uploads\/2021\/05\/photo8-300x225.jpg 300w, https:\/\/www.mountainow.net\/wp-content\/uploads\/2021\/05\/photo8-768x575.jpg 768w, https:\/\/www.mountainow.net\/wp-content\/uploads\/2021\/05\/photo8-1024x767.jpg 1024w, https:\/\/www.mountainow.net\/wp-content\/uploads\/2021\/05\/photo8.jpg 1280w\" sizes=\"(max-width: 401px) 100vw, 401px\" \/><\/p>\n<ul>\n<li class=\"p1\"><b>Gletschersee <\/b><\/li>\n<\/ul>\n<p class=\"p1\">Mache ein Foto eines Gletschersees und seiner unmittelbaren Umgebung<\/p>\n<p><img decoding=\"async\" loading=\"lazy\" class=\"wp-image-3559 aligncenter\" src=\"https:\/\/www.mountainow.net\/wp-content\/uploads\/2021\/05\/photo12-300x225.jpg\" alt=\"\" width=\"500\" height=\"375\" srcset=\"https:\/\/www.mountainow.net\/wp-content\/uploads\/2021\/05\/photo12-300x225.jpg 300w, https:\/\/www.mountainow.net\/wp-content\/uploads\/2021\/05\/photo12-768x576.jpg 768w, https:\/\/www.mountainow.net\/wp-content\/uploads\/2021\/05\/photo12-1024x768.jpg 1024w, https:\/\/www.mountainow.net\/wp-content\/uploads\/2021\/05\/photo12.jpg 1280w\" sizes=\"(max-width: 500px) 100vw, 500px\" \/><\/p>\n<h3 class=\"p1\" style=\"text-align: center;\"><strong><br \/>\nFinde die entsprechenden Symbole auf MountaiNow - indem eine Beobachtung hinzuf\u00fcgen:<\/strong><\/h3>\n<p><img decoding=\"async\" loading=\"lazy\" class=\"wp-image-4161 aligncenter\" src=\"https:\/\/www.mountainow.net\/wp-content\/uploads\/2021\/05\/Obs_icons_DE_2_logo-150x300.jpg\" alt=\"\" width=\"350\" height=\"700\" srcset=\"https:\/\/www.mountainow.net\/wp-content\/uploads\/2021\/05\/Obs_icons_DE_2_logo-150x300.jpg 150w, https:\/\/www.mountainow.net\/wp-content\/uploads\/2021\/05\/Obs_icons_DE_2_logo-768x1536.jpg 768w, https:\/\/www.mountainow.net\/wp-content\/uploads\/2021\/05\/Obs_icons_DE_2_logo-512x1024.jpg 512w, https:\/\/www.mountainow.net\/wp-content\/uploads\/2021\/05\/Obs_icons_DE_2_logo.jpg 640w\" sizes=\"(max-width: 350px) 100vw, 350px\" \/><\/p>\n<p style=\"text-align: center;\"><strong>Wie eine Beobachtung hinzuf\u00fcgen? siehe <a href=\"https:\/\/www.mountainow.net\/de\/einfuehrung\/tutorial-videos\/\" target=\"_blank\" rel=\"noopener\">Tutorial<\/a><\/strong><\/p>\n<h2><strong>Fragen? <\/strong><\/h2>\n<p><a href=\"https:\/\/www.mountainow.net\/de\/kontakt\/\" target=\"_blank\" rel=\"noopener\">Kontaktiere uns !<\/a><\/p>\n<p><img decoding=\"async\" loading=\"lazy\" class=\"wp-image-3824 aligncenter\" src=\"https:\/\/www.mountainow.net\/wp-content\/uploads\/2021\/05\/Poster2_-POC21-ObsCampaign_210521-300x300.png\" alt=\"\" width=\"500\" height=\"500\" srcset=\"https:\/\/www.mountainow.net\/wp-content\/uploads\/2021\/05\/Poster2_-POC21-ObsCampaign_210521-300x300.png 300w, https:\/\/www.mountainow.net\/wp-content\/uploads\/2021\/05\/Poster2_-POC21-ObsCampaign_210521-150x150.png 150w, https:\/\/www.mountainow.net\/wp-content\/uploads\/2021\/05\/Poster2_-POC21-ObsCampaign_210521-768x768.png 768w, https:\/\/www.mountainow.net\/wp-content\/uploads\/2021\/05\/Poster2_-POC21-ObsCampaign_210521-1024x1024.png 1024w, https:\/\/www.mountainow.net\/wp-content\/uploads\/2021\/05\/Poster2_-POC21-ObsCampaign_210521-480x480.png 480w, https:\/\/www.mountainow.net\/wp-content\/uploads\/2021\/05\/Poster2_-POC21-ObsCampaign_210521.png 1080w\" sizes=\"(max-width: 500px) 100vw, 500px\" \/><\/p>\n<\/div>\n<\/div><\/div><\/div><\/div><div id=\"pgc-3933-1-1\"  class=\"panel-grid-cell\" ><div id=\"panel-3933-1-1-0\" class=\"so-panel widget widget_sow-editor panel-first-child panel-last-child\" data-index=\"2\" ><div\n\t\t\t\n\t\t\tclass=\"so-widget-sow-editor so-widget-sow-editor-base\"\n\t\t\t\n\t\t>\n<div class=\"siteorigin-widget-tinymce textwidget\">\n\t<h3><strong>Partner f\u00fcr die Kampagne<br \/>\n<\/strong><\/h3>\n<p>&nbsp;<\/p>\n<p><a href=\"https:\/\/www.glamos.ch\/\" target=\"_blank\" rel=\"noopener\"><img decoding=\"async\" loading=\"lazy\" class=\"alignnone wp-image-2855 size-medium\" src=\"https:\/\/www.mountainow.net\/wp-content\/uploads\/2020\/09\/LogoGLAMOS-300x64.png\" alt=\"\" width=\"300\" height=\"64\" srcset=\"https:\/\/www.mountainow.net\/wp-content\/uploads\/2020\/09\/LogoGLAMOS-300x64.png 300w, https:\/\/www.mountainow.net\/wp-content\/uploads\/2020\/09\/LogoGLAMOS-768x164.png 768w, https:\/\/www.mountainow.net\/wp-content\/uploads\/2020\/09\/LogoGLAMOS.png 1021w\" sizes=\"(max-width: 300px) 100vw, 300px\" \/><\/a><\/p>\n<p>&nbsp;<\/p>\n<p><a href=\"http:\/\/www.permos.ch\/\" target=\"_blank\" rel=\"noopener\"><img decoding=\"async\" loading=\"lazy\" class=\"alignnone wp-image-3485 size-medium\" src=\"https:\/\/www.mountainow.net\/wp-content\/uploads\/2021\/05\/PERMOS_Logo2010_text-300x67-300x67.png\" alt=\"\" width=\"300\" height=\"67\" \/><\/a><\/p>\n<p>&nbsp;<\/p>\n<p><a href=\"https:\/\/www.exolabs.ch\/\" target=\"_blank\" rel=\"noopener\"><img decoding=\"async\" loading=\"lazy\" class=\"alignnone wp-image-2680 size-medium\" src=\"https:\/\/www.mountainow.net\/wp-content\/uploads\/2017\/11\/Exo_logo-300x39.png\" alt=\"\" width=\"300\" height=\"39\" srcset=\"https:\/\/www.mountainow.net\/wp-content\/uploads\/2017\/11\/Exo_logo-300x39.png 300w, https:\/\/www.mountainow.net\/wp-content\/uploads\/2017\/11\/Exo_logo.png 600w\" sizes=\"(max-width: 300px) 100vw, 300px\" \/><\/a><\/p>\n<p>&nbsp;<\/p>\n<p><a href=\"https:\/\/www.meteoschweiz.admin.ch\/home\/forschung-und-zusammenarbeit\/internationale-zusammenarbeit\/gcos.html\" target=\"_blank\" rel=\"noopener\"><img decoding=\"async\" loading=\"lazy\" class=\"alignnone wp-image-3597 size-medium\" src=\"https:\/\/www.mountainow.net\/wp-content\/uploads\/2021\/05\/Kompakt_BK_AMT_DE-FR-IT_36mm-300x263-300x263.jpeg\" alt=\"\" width=\"300\" height=\"263\" \/><\/a><\/p>\n<p>&nbsp;<\/p>\n<p><a href=\"https:\/\/www.planetek.it\/eng\" target=\"_blank\" rel=\"noopener\"><img decoding=\"async\" loading=\"lazy\" class=\"alignnone wp-image-3461\" src=\"https:\/\/www.mountainow.net\/wp-content\/uploads\/2021\/05\/layout_set_logo.png\" alt=\"\" width=\"286\" height=\"141\" \/><\/a><\/p>\n<p>&nbsp;<\/p>\n<p><a href=\"https:\/\/www.applica.guru\/\" target=\"_blank\" rel=\"noopener\"><img decoding=\"async\" loading=\"lazy\" class=\"alignnone wp-image-2922\" src=\"https:\/\/www.mountainow.net\/wp-content\/uploads\/2017\/11\/Applica_header_logo.png\" alt=\"\" width=\"273\" height=\"65\" \/><\/a><\/p>\n<p>&nbsp;<\/p>\n<p><a href=\"https:\/\/www.baechli-bergsport.ch\/\" target=\"_blank\" rel=\"noopener\"><img decoding=\"async\" loading=\"lazy\" class=\"alignnone  wp-image-4357\" src=\"https:\/\/www.mountainow.net\/wp-content\/uploads\/2017\/11\/Baechli_ba_logo_vert.png\" alt=\"\" width=\"204\" height=\"186\" \/><\/a><\/p>\n<p>&nbsp;<\/p>\n<p><a href=\"https:\/\/edytem.cnrs.fr\/\" target=\"_blank\" rel=\"noopener\"><img decoding=\"async\" loading=\"lazy\" class=\"alignnone wp-image-3465 size-medium\" src=\"https:\/\/www.mountainow.net\/wp-content\/uploads\/2021\/05\/logo-EDYTEM-300x124.jpeg\" alt=\"\" width=\"300\" height=\"124\" srcset=\"https:\/\/www.mountainow.net\/wp-content\/uploads\/2021\/05\/logo-EDYTEM-300x124.jpeg 300w, https:\/\/www.mountainow.net\/wp-content\/uploads\/2021\/05\/logo-EDYTEM-768x318.jpeg 768w, https:\/\/www.mountainow.net\/wp-content\/uploads\/2021\/05\/logo-EDYTEM-1024x424.jpeg 1024w, https:\/\/www.mountainow.net\/wp-content\/uploads\/2021\/05\/logo-EDYTEM.jpeg 1273w\" sizes=\"(max-width: 300px) 100vw, 300px\" \/><\/a><\/p>\n<p>&nbsp;<\/p>\n<p><a href=\"http:\/\/www.glaciologia.it\/en\/i-ghiacciai-italiani\/\" target=\"_blank\" rel=\"noopener\"><img decoding=\"async\" loading=\"lazy\" class=\"alignnone size-medium wp-image-4280\" src=\"https:\/\/www.mountainow.net\/wp-content\/uploads\/2017\/11\/Italian-Glac-Committtee-300x114.png\" alt=\"\" width=\"300\" height=\"114\" srcset=\"https:\/\/www.mountainow.net\/wp-content\/uploads\/2017\/11\/Italian-Glac-Committtee-300x114.png 300w, https:\/\/www.mountainow.net\/wp-content\/uploads\/2017\/11\/Italian-Glac-Committtee-768x291.png 768w, https:\/\/www.mountainow.net\/wp-content\/uploads\/2017\/11\/Italian-Glac-Committtee-640x240.png 640w, https:\/\/www.mountainow.net\/wp-content\/uploads\/2017\/11\/Italian-Glac-Committtee.png 853w\" sizes=\"(max-width: 300px) 100vw, 300px\" \/><\/a><\/p>\n<p>&nbsp;<\/p>\n<p><a href=\"https:\/\/www.kilianjornetfoundation.org\/\" target=\"_blank\" rel=\"noopener\"><img decoding=\"async\" loading=\"lazy\" class=\"alignnone wp-image-3469 size-medium\" src=\"https:\/\/www.mountainow.net\/wp-content\/uploads\/2021\/05\/logo-dark-300x96.png\" alt=\"\" width=\"300\" height=\"96\" srcset=\"https:\/\/www.mountainow.net\/wp-content\/uploads\/2021\/05\/logo-dark-300x96.png 300w, https:\/\/www.mountainow.net\/wp-content\/uploads\/2021\/05\/logo-dark.png 512w\" sizes=\"(max-width: 300px) 100vw, 300px\" \/><\/a><\/p>\n<p>&nbsp;<\/p>\n<p><a href=\"https:\/\/www.sac-cas.ch\/de\" target=\"_blank\" rel=\"noopener\"><img decoding=\"async\" loading=\"lazy\" class=\"alignnone wp-image-3477 size-medium\" src=\"https:\/\/www.mountainow.net\/wp-content\/uploads\/2021\/05\/schweizen-alpen-club-logo-300x130-300x130.png\" alt=\"\" width=\"300\" height=\"130\" \/><\/a><\/p>\n<p>&nbsp;<\/p>\n<p><a href=\"https:\/\/www.swisstopo.admin.ch\/de\/home.html\" target=\"_blank\" rel=\"noopener\"><img decoding=\"async\" loading=\"lazy\" class=\"alignnone wp-image-202 size-medium\" src=\"https:\/\/www.mountainow.net\/wp-content\/uploads\/2017\/11\/Schweiz-Eidgen-logo-300x142.jpg\" alt=\"\" width=\"300\" height=\"142\" srcset=\"https:\/\/www.mountainow.net\/wp-content\/uploads\/2017\/11\/Schweiz-Eidgen-logo-300x142.jpg 300w, https:\/\/www.mountainow.net\/wp-content\/uploads\/2017\/11\/Schweiz-Eidgen-logo.jpg 742w\" sizes=\"(max-width: 300px) 100vw, 300px\" \/><\/a><\/p>\n<p>&nbsp;<\/p>\n<\/div>\n<\/div><\/div><\/div><\/div><\/div><\/div>","protected":false},"excerpt":{"rendered":"<p>Beobachtungs-kampagne 2021 MountaiNow &#8211; Safer Together Nimm diesen Sommer an einer Beobachtungskampagne teil und hilf mit, die Auswirkungen des Klimawandels zu erforschen. Mit ein paar Klicks \u2013 von zu Hause oder bei der n\u00e4chsten Bergtour \u2013 kannst du Deinen Beitrag leisten. Warte nicht, werde Teil davon! Wie kann ich teilnehmen? Lade die App MountaiNow herunter [&hellip;]<\/p>\n","protected":false},"author":3,"featured_media":3767,"parent":1111,"menu_order":0,"comment_status":"closed","ping_status":"closed","template":"","meta":[],"_links":{"self":[{"href":"https:\/\/www.mountainow.net\/de\/wp-json\/wp\/v2\/pages\/3933"}],"collection":[{"href":"https:\/\/www.mountainow.net\/de\/wp-json\/wp\/v2\/pages"}],"about":[{"href":"https:\/\/www.mountainow.net\/de\/wp-json\/wp\/v2\/types\/page"}],"author":[{"embeddable":true,"href":"https:\/\/www.mountainow.net\/de\/wp-json\/wp\/v2\/users\/3"}],"replies":[{"embeddable":true,"href":"https:\/\/www.mountainow.net\/de\/wp-json\/wp\/v2\/comments?post=3933"}],"version-history":[{"count":66,"href":"https:\/\/www.mountainow.net\/de\/wp-json\/wp\/v2\/pages\/3933\/revisions"}],"predecessor-version":[{"id":4374,"href":"https:\/\/www.mountainow.net\/de\/wp-json\/wp\/v2\/pages\/3933\/revisions\/4374"}],"up":[{"embeddable":true,"href":"https:\/\/www.mountainow.net\/de\/wp-json\/wp\/v2\/pages\/1111"}],"wp:featuredmedia":[{"embeddable":true,"href":"https:\/\/www.mountainow.net\/de\/wp-json\/wp\/v2\/media\/3767"}],"wp:attachment":[{"href":"https:\/\/www.mountainow.net\/de\/wp-json\/wp\/v2\/media?parent=3933"}],"curies":[{"name":"wp","href":"https:\/\/api.w.org\/{rel}","templated":true}]}}