{"id":1170,"date":"2017-11-29T17:37:37","date_gmt":"2017-11-29T17:37:37","guid":{"rendered":"http:\/\/website.mountainow.net\/?page_id=1170"},"modified":"2020-02-17T09:52:42","modified_gmt":"2020-02-17T09:52:42","slug":"ratgeber-bfu","status":"publish","type":"page","link":"https:\/\/www.mountainow.net\/de\/sicherheit\/ratgeber-bfu\/","title":{"rendered":"Ratgeber BFU"},"content":{"rendered":"<div id=\"pl-1170\"  class=\"panel-layout\" ><div id=\"pg-1170-0\"  class=\"panel-grid panel-has-style\" ><div class=\"hide-title no-content-margin wider-row page-layout panel-row-style panel-row-style-for-1170-0\" ><div id=\"pgc-1170-0-0\"  class=\"panel-grid-cell\" ><div id=\"panel-1170-0-0-0\" class=\"so-panel widget widget_sow-editor panel-first-child panel-last-child\" data-index=\"0\" ><div class=\"mountain-headline panel-widget-style panel-widget-style-for-1170-0-0-0\" ><div\n\t\t\t\n\t\t\tclass=\"so-widget-sow-editor so-widget-sow-editor-base\"\n\t\t\t\n\t\t>\n<div class=\"siteorigin-widget-tinymce textwidget\">\n\t<h1>Ratgeber - Beratungsstelle f\u00fcr Unfallverh\u00fctung<\/h1>\n<h3>MountaiNow - Safer Together<\/h3>\n<\/div>\n<\/div><\/div><\/div><\/div><\/div><\/div><div id=\"pg-1170-1\"  class=\"panel-grid panel-has-style\" ><div class=\"page-layout panel-row-style panel-row-style-for-1170-1\" ><div id=\"pgc-1170-1-0\"  class=\"panel-grid-cell\" ><div id=\"panel-1170-1-0-0\" class=\"so-panel widget widget_sow-image panel-first-child\" data-index=\"1\" ><div\n\t\t\t\n\t\t\tclass=\"so-widget-sow-image so-widget-sow-image-default-c67d20f9f743-1170\"\n\t\t\t\n\t\t>\n\n<div class=\"sow-image-container\">\n\t\t<img alt=\"\" loading=\"lazy\" \t\tclass=\"so-widget-image\"\/>\n\t<\/div>\n\n<\/div><\/div><div id=\"panel-1170-1-0-1\" class=\"so-panel widget widget_sow-editor\" data-index=\"2\" ><div class=\"orange panel-widget-style panel-widget-style-for-1170-1-0-1\" ><div\n\t\t\t\n\t\t\tclass=\"so-widget-sow-editor so-widget-sow-editor-base\"\n\t\t\t\n\t\t>\n<div class=\"siteorigin-widget-tinymce textwidget\">\n\t<div><\/div>\n<h3 class=\"is-detail-information-title\" style=\"text-align: center;\"><span class=\"additional-background ms-navedit-flyoutArrow\"><span class=\"menu-item-text\"><a href=\"https:\/\/www.bfu.ch\/de\/dossiers\/wandern-und-bergsport\" target=\"_blank\" rel=\"noopener\">Ratgeber<\/a> Unfallverh\u00fctung<\/span><\/span><span class=\"additional-background ms-navedit-flyoutArrow\"><span class=\"menu-item-text\"> - <\/span><\/span><span id=\"DeltaPlaceHolderMain\">Beratungsstelle f\u00fcr Unfallverh\u00fctung (bfu)<br \/>\n<\/span><\/h3>\n<div class=\"is-detail-information-title\">\n<h2 class=\"is-detail-information-title\" style=\"text-align: center;\">Bereit f\u00fcr den Berg?<\/h2>\n<\/div>\n<p class=\"bfu-rteElement-PIS-BFU\">Draussen in der Natur. \u00dcber 24 000 Kilometer weiss-rot-weiss signalisierte Bergwanderwege. Ein vielleicht anstrengender Aufstieg. Aber oft fantastische Aussichten. Das zeichnen Bergwanderungen aus.<\/p>\n<p class=\"bfu-rteElement-PIS-BFU\">Leider auch dies: J\u00e4hrlich verunfallen im Schnitt rund 20 000 Personen beim Bergwandern und Wandern, gegen 40 davon t\u00f6dlich. Ausrutschen und Stolpern kann zu einem Absturz mit schweren Folgen f\u00fchren.<\/p>\n<p class=\"bfu-rteElement-PIS-BFU\">Weil Bergwandern kein Spaziergang ist, sollten Sie den Bergwandercheck PEAK durchf\u00fchren und diese Tipps beachten:<\/p>\n<h3 class=\"bfu-rteElement-H3IS-BFU\">Planung: Was habe ich vor?<\/h3>\n<p class=\"bfu-rteElement-PIS-BFU\">Planen Sie Ihre Bergwanderung sorgf\u00e4ltig (Route, Zeitbedarf, Wetterbericht).<\/p>\n<h3 class=\"bfu-rteElement-H3IS-BFU\">Einsch\u00e4tzung: Ist diese Wanderung f\u00fcr mich geeignet?<\/h3>\n<p class=\"bfu-rteElement-PIS-BFU\">Stimmen Sie Ihre Planung auf Ihre aktuellen F\u00e4higkeiten ab, \u00fcberfordern Sie sich nicht.<\/p>\n<h3 class=\"bfu-rteElement-H3IS-BFU\">Ausr\u00fcstung: Habe ich das Richtige dabei?<\/h3>\n<p class=\"bfu-rteElement-PIS-BFU\">Tragen Sie feste Wanderschuhe mit Profilsohle und nehmen Sie einen Wetterschutz mit.<\/p>\n<h3 class=\"bfu-rteElement-H3IS-BFU\">Kontrolle: Bin ich noch gut unterwegs?<\/h3>\n<p class=\"bfu-rteElement-PIS-BFU\">Trinken und rasten Sie regelm\u00e4ssig, beachten Sie Zeitplanung und Wetter. Kehren Sie wenn n\u00f6tig rechtzeitig um.<\/p>\n<p class=\"bfu-rteElement-PIS-BFU\">Viele Unf\u00e4lle passieren bei rutschigen Stellen oder auf Altschneefeldern. Deshalb: Passen Sie bei nassen rutschigen Stellen besonders auf, gehen Sie konzentriert und bewusst. Vermeiden Sie vereiste Passagen und Altschneefelder.<\/p>\n<p class=\"bfu-rteElement-PIS-BFU\">Mehr dazu in der aktuellen Kampagne zum Bergwandern von der bfu, der Schweizer Wanderwege und Seilbahnen Schweiz mit Unterst\u00fctzung der SWICA Gesundheitsorganisation auf <a href=\"http:\/\/www.sicher-bergwandern.ch\/\" target=\"_blank\" rel=\"noopener\">www.sicher-bergwandern.ch<\/a><\/p>\n<\/div>\n<\/div><\/div><\/div><div id=\"panel-1170-1-0-2\" class=\"so-panel widget widget_sow-image panel-last-child\" data-index=\"3\" ><div\n\t\t\t\n\t\t\tclass=\"so-widget-sow-image so-widget-sow-image-default-a258e6bfa2d8-1170\"\n\t\t\t\n\t\t>\n\n<div class=\"sow-image-container\">\n\t\t<img src=\"https:\/\/www.mountainow.net\/wp-content\/uploads\/2017\/11\/upi-consulenza-last-img.jpg\" width=\"600\" height=\"219\" srcset=\"https:\/\/www.mountainow.net\/wp-content\/uploads\/2017\/11\/upi-consulenza-last-img.jpg 600w, https:\/\/www.mountainow.net\/wp-content\/uploads\/2017\/11\/upi-consulenza-last-img-300x110.jpg 300w\" sizes=\"(max-width: 600px) 100vw, 600px\" alt=\"MountaiNow - Prevenzione degli Infortuni - Scalata\" loading=\"lazy\" \t\tclass=\"so-widget-image\"\/>\n\t<\/div>\n\n<\/div><\/div><\/div><div id=\"pgc-1170-1-1\"  class=\"panel-grid-cell\" >\t\t\t\n\t\t\t<aside class=\"widgetized-sidebar\">\n\t\t\t\t\t\t\t<section id=\"seccarouselwidget-5\" class=\"widget seCcarouselWidget\"><div class='custom-post-carousel'><h2 class='carousel-heading'>Gemeinschaft<\/h2><div class='no-carousel se-ccarousel'>\t\t\t\t\t\t\r\n\t\t\t\t\t\t<div class=\"carousel-item se-ccarousel-item\">\r\n\t\t\t\t\t\t\t<div class=\"item-header\">\r\n\t\t\t\t\t\t\t\t<a href=\"http:\/\/www.sac-cas.ch\/en.html\" title=\"Swiss Alpine Club\" target='_blank'>\r\n\t\t\t\t\t\t\t\t<img class=\"menu-image-img\" src=\"https:\/\/www.mountainow.net\/wp-content\/uploads\/2017\/11\/schweizen-alpen-club-logo-300x130.png\" alt=\"Swiss Alpine Club\" \/>\r\n\t\t\t\t\t\t\t\t<\/a>\r\n\t\t\t\t\t\t\t<\/div>\r\n\t\t\t\t\t\t\t<a class=\"item-overlay\" href=\"http:\/\/www.sac-cas.ch\/en.html\" title=\"Swiss Alpine Club\" target='_blank'>\r\n\t\t\t\t\t\t\t<span class=\"item-content\">\r\n\t\t\t\t\t\t\t\t<h4 class=\"item-title\">Swiss Alpine Club<\/h4>\r\n\t\t\t\t\t\t\t\t<p class=\"item-desc\"><\/p>\r\n\t\t\t\t\t\t\t<\/span>\r\n\t\t\t\t\t\t\t<\/a>\r\n\t\t\t\t\t\t<\/div>\r\n\t\t\t\t\t\t\t\r\n\t\t\t\t\t\t\t\t\t\t\r\n\t\t\t\t\t\t<div class=\"carousel-item se-ccarousel-item\">\r\n\t\t\t\t\t\t\t<div class=\"item-header\">\r\n\t\t\t\t\t\t\t\t<a href=\"http:\/\/www.cai.it\/\" title=\"\" target='_blank'>\r\n\t\t\t\t\t\t\t\t<img class=\"menu-image-img\" src=\"https:\/\/www.mountainow.net\/wp-content\/uploads\/2017\/11\/club-alpino-italiano-logo-300x246.png\" alt=\"\" \/>\r\n\t\t\t\t\t\t\t\t<\/a>\r\n\t\t\t\t\t\t\t<\/div>\r\n\t\t\t\t\t\t\t<a class=\"item-overlay\" href=\"http:\/\/www.cai.it\/\" title=\"\" target='_blank'>\r\n\t\t\t\t\t\t\t<span class=\"item-content\">\r\n\t\t\t\t\t\t\t\t<h4 class=\"item-title\"><\/h4>\r\n\t\t\t\t\t\t\t\t<p class=\"item-desc\"><\/p>\r\n\t\t\t\t\t\t\t<\/span>\r\n\t\t\t\t\t\t\t<\/a>\r\n\t\t\t\t\t\t<\/div>\r\n\t\t\t\t\t\t\t\r\n\t\t\t\t\t\t\t\t\t\t\r\n\t\t\t\t\t\t<div class=\"carousel-item se-ccarousel-item\">\r\n\t\t\t\t\t\t\t<div class=\"item-header\">\r\n\t\t\t\t\t\t\t\t<a href=\"http:\/\/www.clubalpin-chamonix.com\/\" title=\"\" target='_blank'>\r\n\t\t\t\t\t\t\t\t<img class=\"menu-image-img\" src=\"https:\/\/www.mountainow.net\/wp-content\/uploads\/2017\/11\/caf-chamonix-logo.jpg\" alt=\"\" \/>\r\n\t\t\t\t\t\t\t\t<\/a>\r\n\t\t\t\t\t\t\t<\/div>\r\n\t\t\t\t\t\t\t<a class=\"item-overlay\" href=\"http:\/\/www.clubalpin-chamonix.com\/\" title=\"\" target='_blank'>\r\n\t\t\t\t\t\t\t<span class=\"item-content\">\r\n\t\t\t\t\t\t\t\t<h4 class=\"item-title\"><\/h4>\r\n\t\t\t\t\t\t\t\t<p class=\"item-desc\"><\/p>\r\n\t\t\t\t\t\t\t<\/span>\r\n\t\t\t\t\t\t\t<\/a>\r\n\t\t\t\t\t\t<\/div>\r\n\t\t\t\t\t\t\t\r\n\t\t\t\t\t\t\t\t\t\t\r\n\t\t\t\t\t\t<div class=\"carousel-item se-ccarousel-item\">\r\n\t\t\t\t\t\t\t<div class=\"item-header\">\r\n\t\t\t\t\t\t\t\t<a href=\"https:\/\/www.glamos.ch\/en\" title=\"\" target='_blank'>\r\n\t\t\t\t\t\t\t\t<img class=\"menu-image-img\" src=\"https:\/\/www.mountainow.net\/wp-content\/uploads\/2020\/09\/LogoGLAMOS-300x64.png\" alt=\"\" \/>\r\n\t\t\t\t\t\t\t\t<\/a>\r\n\t\t\t\t\t\t\t<\/div>\r\n\t\t\t\t\t\t\t<a class=\"item-overlay\" href=\"https:\/\/www.glamos.ch\/en\" title=\"\" target='_blank'>\r\n\t\t\t\t\t\t\t<span class=\"item-content\">\r\n\t\t\t\t\t\t\t\t<h4 class=\"item-title\"><\/h4>\r\n\t\t\t\t\t\t\t\t<p class=\"item-desc\"><\/p>\r\n\t\t\t\t\t\t\t<\/span>\r\n\t\t\t\t\t\t\t<\/a>\r\n\t\t\t\t\t\t<\/div>\r\n\t\t\t\t\t\t\t\r\n\t\t\t\t\t\t\t\t\t\t\r\n\t\t\t\t\t\t<div class=\"carousel-item se-ccarousel-item\">\r\n\t\t\t\t\t\t\t<div class=\"item-header\">\r\n\t\t\t\t\t\t\t\t<a href=\"http:\/\/www.permos.ch\/\" title=\"\" target='_blank'>\r\n\t\t\t\t\t\t\t\t<img class=\"menu-image-img\" src=\"https:\/\/www.mountainow.net\/wp-content\/uploads\/2020\/09\/PERMOS_Logo2010_text-300x67.png\" alt=\"\" \/>\r\n\t\t\t\t\t\t\t\t<\/a>\r\n\t\t\t\t\t\t\t<\/div>\r\n\t\t\t\t\t\t\t<a class=\"item-overlay\" href=\"http:\/\/www.permos.ch\/\" title=\"\" target='_blank'>\r\n\t\t\t\t\t\t\t<span class=\"item-content\">\r\n\t\t\t\t\t\t\t\t<h4 class=\"item-title\"><\/h4>\r\n\t\t\t\t\t\t\t\t<p class=\"item-desc\"><\/p>\r\n\t\t\t\t\t\t\t<\/span>\r\n\t\t\t\t\t\t\t<\/a>\r\n\t\t\t\t\t\t<\/div>\r\n\t\t\t\t\t\t\t\r\n\t\t\t\t\t\t\t\t\t\t\r\n\t\t\t\t\t\t<div class=\"carousel-item se-ccarousel-item\">\r\n\t\t\t\t\t\t\t<div class=\"item-header\">\r\n\t\t\t\t\t\t\t\t<a href=\"https:\/\/www.baechli-bergsport.ch\/\" title=\"\" >\r\n\t\t\t\t\t\t\t\t<img class=\"menu-image-img\" src=\"https:\/\/www.mountainow.net\/wp-content\/uploads\/2021\/06\/baechli_square.jpg\" alt=\"\" \/>\r\n\t\t\t\t\t\t\t\t<\/a>\r\n\t\t\t\t\t\t\t<\/div>\r\n\t\t\t\t\t\t\t<a class=\"item-overlay\" href=\"https:\/\/www.baechli-bergsport.ch\/\" title=\"\" >\r\n\t\t\t\t\t\t\t<span class=\"item-content\">\r\n\t\t\t\t\t\t\t\t<h4 class=\"item-title\"><\/h4>\r\n\t\t\t\t\t\t\t\t<p class=\"item-desc\"><\/p>\r\n\t\t\t\t\t\t\t<\/span>\r\n\t\t\t\t\t\t\t<\/a>\r\n\t\t\t\t\t\t<\/div>\r\n\t\t\t\t\t\t\t\r\n\t\t\t\t\t\t\t\t\t\t\r\n\t\t\t\t\t\t<div class=\"carousel-item se-ccarousel-item\">\r\n\t\t\t\t\t\t\t<div class=\"item-header\">\r\n\t\t\t\t\t\t\t\t<a href=\"https:\/\/sportescalade.com\/\" title=\"\" target='_blank'>\r\n\t\t\t\t\t\t\t\t<img class=\"menu-image-img\" src=\"https:\/\/www.mountainow.net\/wp-content\/uploads\/2017\/11\/logo-sport-escalade-1-300x104.png\" alt=\"\" \/>\r\n\t\t\t\t\t\t\t\t<\/a>\r\n\t\t\t\t\t\t\t<\/div>\r\n\t\t\t\t\t\t\t<a class=\"item-overlay\" href=\"https:\/\/sportescalade.com\/\" title=\"\" target='_blank'>\r\n\t\t\t\t\t\t\t<span class=\"item-content\">\r\n\t\t\t\t\t\t\t\t<h4 class=\"item-title\"><\/h4>\r\n\t\t\t\t\t\t\t\t<p class=\"item-desc\"><\/p>\r\n\t\t\t\t\t\t\t<\/span>\r\n\t\t\t\t\t\t\t<\/a>\r\n\t\t\t\t\t\t<\/div>\r\n\t\t\t\t\t\t\t\r\n\t\t\t\t\t\t\t\t\t\t\r\n\t\t\t\t\t\t<div class=\"carousel-item se-ccarousel-item\">\r\n\t\t\t\t\t\t\t<div class=\"item-header\">\r\n\t\t\t\t\t\t\t\t<a href=\"https:\/\/www.kilianjornetfoundation.org\/\" title=\"\" target='_blank'>\r\n\t\t\t\t\t\t\t\t<img class=\"menu-image-img\" src=\"https:\/\/www.mountainow.net\/wp-content\/uploads\/2021\/05\/logo-dark-300x96.png\" alt=\"\" \/>\r\n\t\t\t\t\t\t\t\t<\/a>\r\n\t\t\t\t\t\t\t<\/div>\r\n\t\t\t\t\t\t\t<a class=\"item-overlay\" href=\"https:\/\/www.kilianjornetfoundation.org\/\" title=\"\" target='_blank'>\r\n\t\t\t\t\t\t\t<span class=\"item-content\">\r\n\t\t\t\t\t\t\t\t<h4 class=\"item-title\"><\/h4>\r\n\t\t\t\t\t\t\t\t<p class=\"item-desc\"><\/p>\r\n\t\t\t\t\t\t\t<\/span>\r\n\t\t\t\t\t\t\t<\/a>\r\n\t\t\t\t\t\t<\/div>\r\n\t\t\t\t\t\t\t\r\n\t\t\t\t\t\t\t\t\t\t\r\n\t\t\t\t\t\t<div class=\"carousel-item se-ccarousel-item\">\r\n\t\t\t\t\t\t\t<div class=\"item-header\">\r\n\t\t\t\t\t\t\t\t<a href=\"https:\/\/edytem.cnrs.fr\/\" title=\"\" target='_blank'>\r\n\t\t\t\t\t\t\t\t<img class=\"menu-image-img\" src=\"https:\/\/www.mountainow.net\/wp-content\/uploads\/2021\/05\/logo-EDYTEM-300x124.jpeg\" alt=\"\" \/>\r\n\t\t\t\t\t\t\t\t<\/a>\r\n\t\t\t\t\t\t\t<\/div>\r\n\t\t\t\t\t\t\t<a class=\"item-overlay\" href=\"https:\/\/edytem.cnrs.fr\/\" title=\"\" target='_blank'>\r\n\t\t\t\t\t\t\t<span class=\"item-content\">\r\n\t\t\t\t\t\t\t\t<h4 class=\"item-title\"><\/h4>\r\n\t\t\t\t\t\t\t\t<p class=\"item-desc\"><\/p>\r\n\t\t\t\t\t\t\t<\/span>\r\n\t\t\t\t\t\t\t<\/a>\r\n\t\t\t\t\t\t<\/div>\r\n\t\t\t\t\t\t\t\r\n\t\t\t\t\t\t\t\t\t\t\r\n\t\t\t\t\t\t<div class=\"carousel-item se-ccarousel-item\">\r\n\t\t\t\t\t\t\t<div class=\"item-header\">\r\n\t\t\t\t\t\t\t\t<a href=\"http:\/\/www.glaciologia.it\/en\/i-ghiacciai-italiani\/\" title=\"\" target='_blank'>\r\n\t\t\t\t\t\t\t\t<img class=\"menu-image-img\" src=\"https:\/\/www.mountainow.net\/wp-content\/uploads\/2017\/11\/Italian-Glac-Committtee-300x114.png\" alt=\"\" \/>\r\n\t\t\t\t\t\t\t\t<\/a>\r\n\t\t\t\t\t\t\t<\/div>\r\n\t\t\t\t\t\t\t<a class=\"item-overlay\" href=\"http:\/\/www.glaciologia.it\/en\/i-ghiacciai-italiani\/\" title=\"\" target='_blank'>\r\n\t\t\t\t\t\t\t<span class=\"item-content\">\r\n\t\t\t\t\t\t\t\t<h4 class=\"item-title\"><\/h4>\r\n\t\t\t\t\t\t\t\t<p class=\"item-desc\"><\/p>\r\n\t\t\t\t\t\t\t<\/span>\r\n\t\t\t\t\t\t\t<\/a>\r\n\t\t\t\t\t\t<\/div>\r\n\t\t\t\t\t\t\t\r\n\t\t\t\t\t\t\t\t\t\t\r\n\t\t\t\t\t\t<div class=\"carousel-item se-ccarousel-item\">\r\n\t\t\t\t\t\t\t<div class=\"item-header\">\r\n\t\t\t\t\t\t\t\t<a href=\"http:\/\/www.pngp.it\/en\" title=\"\" target='_blank'>\r\n\t\t\t\t\t\t\t\t<img class=\"menu-image-img\" src=\"https:\/\/www.mountainow.net\/wp-content\/uploads\/2017\/11\/parco-nazionale-gran-paradiso-300x231.png\" alt=\"\" \/>\r\n\t\t\t\t\t\t\t\t<\/a>\r\n\t\t\t\t\t\t\t<\/div>\r\n\t\t\t\t\t\t\t<a class=\"item-overlay\" href=\"http:\/\/www.pngp.it\/en\" title=\"\" target='_blank'>\r\n\t\t\t\t\t\t\t<span class=\"item-content\">\r\n\t\t\t\t\t\t\t\t<h4 class=\"item-title\"><\/h4>\r\n\t\t\t\t\t\t\t\t<p class=\"item-desc\"><\/p>\r\n\t\t\t\t\t\t\t<\/span>\r\n\t\t\t\t\t\t\t<\/a>\r\n\t\t\t\t\t\t<\/div>\r\n\t\t\t\t\t\t\t\r\n\t\t\t\t\t\t\t\t\t\t\r\n\t\t\t\t\t\t<div class=\"carousel-item se-ccarousel-item\">\r\n\t\t\t\t\t\t\t<div class=\"item-header\">\r\n\t\t\t\t\t\t\t\t<a href=\"http:\/\/www.parconazionale5terre.it\/\" title=\"\" >\r\n\t\t\t\t\t\t\t\t<img class=\"menu-image-img\" src=\"https:\/\/www.mountainow.net\/wp-content\/uploads\/2017\/11\/logo5terre-300x63.png\" alt=\"\" \/>\r\n\t\t\t\t\t\t\t\t<\/a>\r\n\t\t\t\t\t\t\t<\/div>\r\n\t\t\t\t\t\t\t<a class=\"item-overlay\" href=\"http:\/\/www.parconazionale5terre.it\/\" title=\"\" >\r\n\t\t\t\t\t\t\t<span class=\"item-content\">\r\n\t\t\t\t\t\t\t\t<h4 class=\"item-title\"><\/h4>\r\n\t\t\t\t\t\t\t\t<p class=\"item-desc\"><\/p>\r\n\t\t\t\t\t\t\t<\/span>\r\n\t\t\t\t\t\t\t<\/a>\r\n\t\t\t\t\t\t<\/div>\r\n\t\t\t\t\t\t\t\r\n\t\t\t\t\t\t\t\t\t\t\r\n\t\t\t\t\t\t<div class=\"carousel-item se-ccarousel-item\">\r\n\t\t\t\t\t\t\t<div class=\"item-header\">\r\n\t\t\t\t\t\t\t\t<a href=\"https:\/\/www.meteoswiss.admin.ch\/home\/research-and-cooperation\/international-cooperation\/gcos.html\" title=\"\" target='_blank'>\r\n\t\t\t\t\t\t\t\t<img class=\"menu-image-img\" src=\"https:\/\/www.mountainow.net\/wp-content\/uploads\/2017\/11\/Kompakt_BK_AMT_DE-FR-IT_36mm-300x263.jpg\" alt=\"\" \/>\r\n\t\t\t\t\t\t\t\t<\/a>\r\n\t\t\t\t\t\t\t<\/div>\r\n\t\t\t\t\t\t\t<a class=\"item-overlay\" href=\"https:\/\/www.meteoswiss.admin.ch\/home\/research-and-cooperation\/international-cooperation\/gcos.html\" title=\"\" target='_blank'>\r\n\t\t\t\t\t\t\t<span class=\"item-content\">\r\n\t\t\t\t\t\t\t\t<h4 class=\"item-title\"><\/h4>\r\n\t\t\t\t\t\t\t\t<p class=\"item-desc\"><\/p>\r\n\t\t\t\t\t\t\t<\/span>\r\n\t\t\t\t\t\t\t<\/a>\r\n\t\t\t\t\t\t<\/div>\r\n\t\t\t\t\t\t\t\r\n\t\t\t\t\t\t\t\t\t\t\r\n\t\t\t\t\t\t<div class=\"carousel-item se-ccarousel-item\">\r\n\t\t\t\t\t\t\t<div class=\"item-header\">\r\n\t\t\t\t\t\t\t\t<a href=\"https:\/\/www.bfu.ch\/\" title=\"\" >\r\n\t\t\t\t\t\t\t\t<img class=\"menu-image-img\" src=\"\" alt=\"\" \/>\r\n\t\t\t\t\t\t\t\t<\/a>\r\n\t\t\t\t\t\t\t<\/div>\r\n\t\t\t\t\t\t\t<a class=\"item-overlay\" href=\"https:\/\/www.bfu.ch\/\" title=\"\" >\r\n\t\t\t\t\t\t\t<span class=\"item-content\">\r\n\t\t\t\t\t\t\t\t<h4 class=\"item-title\"><\/h4>\r\n\t\t\t\t\t\t\t\t<p class=\"item-desc\"><\/p>\r\n\t\t\t\t\t\t\t<\/span>\r\n\t\t\t\t\t\t\t<\/a>\r\n\t\t\t\t\t\t<\/div>\r\n\t\t\t\t\t\t\t\r\n\t\t\t\t\t\t\t\t\t\t\r\n\t\t\t\t\t\t<div class=\"carousel-item se-ccarousel-item\">\r\n\t\t\t\t\t\t\t<div class=\"item-header\">\r\n\t\t\t\t\t\t\t\t<a href=\"https:\/\/www.planetek.it\/\" title=\"\" target='_blank'>\r\n\t\t\t\t\t\t\t\t<img class=\"menu-image-img\" src=\"https:\/\/www.mountainow.net\/wp-content\/uploads\/2017\/11\/Planetek_logo-300x160.jpg\" alt=\"\" \/>\r\n\t\t\t\t\t\t\t\t<\/a>\r\n\t\t\t\t\t\t\t<\/div>\r\n\t\t\t\t\t\t\t<a class=\"item-overlay\" href=\"https:\/\/www.planetek.it\/\" title=\"\" target='_blank'>\r\n\t\t\t\t\t\t\t<span class=\"item-content\">\r\n\t\t\t\t\t\t\t\t<h4 class=\"item-title\"><\/h4>\r\n\t\t\t\t\t\t\t\t<p class=\"item-desc\"><\/p>\r\n\t\t\t\t\t\t\t<\/span>\r\n\t\t\t\t\t\t\t<\/a>\r\n\t\t\t\t\t\t<\/div>\r\n\t\t\t\t\t\t\t\r\n\t\t\t\t\t\t\t\t\t\t\r\n\t\t\t\t\t\t<div class=\"carousel-item se-ccarousel-item\">\r\n\t\t\t\t\t\t\t<div class=\"item-header\">\r\n\t\t\t\t\t\t\t\t<a href=\"https:\/\/www.applica.guru\/\" title=\"\" target='_blank'>\r\n\t\t\t\t\t\t\t\t<img class=\"menu-image-img\" src=\"https:\/\/www.mountainow.net\/wp-content\/uploads\/2017\/11\/Applica_header_logo.png\" alt=\"\" \/>\r\n\t\t\t\t\t\t\t\t<\/a>\r\n\t\t\t\t\t\t\t<\/div>\r\n\t\t\t\t\t\t\t<a class=\"item-overlay\" href=\"https:\/\/www.applica.guru\/\" title=\"\" target='_blank'>\r\n\t\t\t\t\t\t\t<span class=\"item-content\">\r\n\t\t\t\t\t\t\t\t<h4 class=\"item-title\"><\/h4>\r\n\t\t\t\t\t\t\t\t<p class=\"item-desc\"><\/p>\r\n\t\t\t\t\t\t\t<\/span>\r\n\t\t\t\t\t\t\t<\/a>\r\n\t\t\t\t\t\t<\/div>\r\n\t\t\t\t\t\t\t\r\n\t\t\t\t\t\t\t\t\t\t\r\n\t\t\t\t\t\t<div class=\"carousel-item se-ccarousel-item\">\r\n\t\t\t\t\t\t\t<div class=\"item-header\">\r\n\t\t\t\t\t\t\t\t<a href=\"https:\/\/www.exolabs.ch\/\" title=\"\" target='_blank'>\r\n\t\t\t\t\t\t\t\t<img class=\"menu-image-img\" src=\"https:\/\/www.mountainow.net\/wp-content\/uploads\/2017\/11\/Exo_logo-300x39.png\" alt=\"\" \/>\r\n\t\t\t\t\t\t\t\t<\/a>\r\n\t\t\t\t\t\t\t<\/div>\r\n\t\t\t\t\t\t\t<a class=\"item-overlay\" href=\"https:\/\/www.exolabs.ch\/\" title=\"\" target='_blank'>\r\n\t\t\t\t\t\t\t<span class=\"item-content\">\r\n\t\t\t\t\t\t\t\t<h4 class=\"item-title\"><\/h4>\r\n\t\t\t\t\t\t\t\t<p class=\"item-desc\"><\/p>\r\n\t\t\t\t\t\t\t<\/span>\r\n\t\t\t\t\t\t\t<\/a>\r\n\t\t\t\t\t\t<\/div>\r\n\t\t\t\t\t\t\t\r\n\t\t\t\t\t\t\t\t\t\t\r\n\t\t\t\t\t\t<div class=\"carousel-item se-ccarousel-item\">\r\n\t\t\t\t\t\t\t<div class=\"item-header\">\r\n\t\t\t\t\t\t\t\t<a href=\"http:\/\/www.rotaryclubcassia.it\/\" title=\"\" target='_blank'>\r\n\t\t\t\t\t\t\t\t<img class=\"menu-image-img\" src=\"https:\/\/www.mountainow.net\/wp-content\/uploads\/2017\/11\/rotary-club-roma-cassia-logo-300x103.jpg\" alt=\"\" \/>\r\n\t\t\t\t\t\t\t\t<\/a>\r\n\t\t\t\t\t\t\t<\/div>\r\n\t\t\t\t\t\t\t<a class=\"item-overlay\" href=\"http:\/\/www.rotaryclubcassia.it\/\" title=\"\" target='_blank'>\r\n\t\t\t\t\t\t\t<span class=\"item-content\">\r\n\t\t\t\t\t\t\t\t<h4 class=\"item-title\"><\/h4>\r\n\t\t\t\t\t\t\t\t<p class=\"item-desc\"><\/p>\r\n\t\t\t\t\t\t\t<\/span>\r\n\t\t\t\t\t\t\t<\/a>\r\n\t\t\t\t\t\t<\/div>\r\n\t\t\t\t\t\t\t\r\n\t\t\t\t\t\t\t\t\t\t\r\n\t\t\t\t\t\t<div class=\"carousel-item se-ccarousel-item\">\r\n\t\t\t\t\t\t\t<div class=\"item-header\">\r\n\t\t\t\t\t\t\t\t<a href=\"https:\/\/www.swisstopo.admin.ch\/it\/home.html\" title=\"\" target='_blank'>\r\n\t\t\t\t\t\t\t\t<img class=\"menu-image-img\" src=\"https:\/\/www.mountainow.net\/wp-content\/uploads\/2017\/11\/Schweiz-Eidgen-logo-300x142.jpg\" alt=\"\" \/>\r\n\t\t\t\t\t\t\t\t<\/a>\r\n\t\t\t\t\t\t\t<\/div>\r\n\t\t\t\t\t\t\t<a class=\"item-overlay\" href=\"https:\/\/www.swisstopo.admin.ch\/it\/home.html\" title=\"\" target='_blank'>\r\n\t\t\t\t\t\t\t<span class=\"item-content\">\r\n\t\t\t\t\t\t\t\t<h4 class=\"item-title\"><\/h4>\r\n\t\t\t\t\t\t\t\t<p class=\"item-desc\"><\/p>\r\n\t\t\t\t\t\t\t<\/span>\r\n\t\t\t\t\t\t\t<\/a>\r\n\t\t\t\t\t\t<\/div>\r\n\t\t\t\t\t\t\t\r\n\t\t\t\t\t\t\t\t\t\t\r\n\t\t\t\t\t\t<div class=\"carousel-item se-ccarousel-item\">\r\n\t\t\t\t\t\t\t<div class=\"item-header\">\r\n\t\t\t\t\t\t\t\t<a href=\"http:\/\/www.ign.fr\/\" title=\"\" target='_blank'>\r\n\t\t\t\t\t\t\t\t<img class=\"menu-image-img\" src=\"https:\/\/www.mountainow.net\/wp-content\/uploads\/2017\/11\/IGN-logo_smallpng.png\" alt=\"\" \/>\r\n\t\t\t\t\t\t\t\t<\/a>\r\n\t\t\t\t\t\t\t<\/div>\r\n\t\t\t\t\t\t\t<a class=\"item-overlay\" href=\"http:\/\/www.ign.fr\/\" title=\"\" target='_blank'>\r\n\t\t\t\t\t\t\t<span class=\"item-content\">\r\n\t\t\t\t\t\t\t\t<h4 class=\"item-title\"><\/h4>\r\n\t\t\t\t\t\t\t\t<p class=\"item-desc\"><\/p>\r\n\t\t\t\t\t\t\t<\/span>\r\n\t\t\t\t\t\t\t<\/a>\r\n\t\t\t\t\t\t<\/div>\r\n\t\t\t\t\t\t\t\r\n\t\t\t\t\t\t\t\t\t\t\r\n\t\t\t\t\t\t<div class=\"carousel-item se-ccarousel-item\">\r\n\t\t\t\t\t\t\t<div class=\"item-header\">\r\n\t\t\t\t\t\t\t\t<a href=\"https:\/\/opentopomap.org\/about\" title=\"\" target='_blank'>\r\n\t\t\t\t\t\t\t\t<img class=\"menu-image-img\" src=\"https:\/\/www.mountainow.net\/wp-content\/uploads\/2017\/11\/opentopomap-logo-new-300x178.png\" alt=\"\" \/>\r\n\t\t\t\t\t\t\t\t<\/a>\r\n\t\t\t\t\t\t\t<\/div>\r\n\t\t\t\t\t\t\t<a class=\"item-overlay\" href=\"https:\/\/opentopomap.org\/about\" title=\"\" target='_blank'>\r\n\t\t\t\t\t\t\t<span class=\"item-content\">\r\n\t\t\t\t\t\t\t\t<h4 class=\"item-title\"><\/h4>\r\n\t\t\t\t\t\t\t\t<p class=\"item-desc\"><\/p>\r\n\t\t\t\t\t\t\t<\/span>\r\n\t\t\t\t\t\t\t<\/a>\r\n\t\t\t\t\t\t<\/div>\r\n\t\t\t\t\t\t\t\r\n\t\t\t\t\t\t\t\t\t\t\r\n\t\t\t\t\t\t<div class=\"carousel-item se-ccarousel-item\">\r\n\t\t\t\t\t\t\t<div class=\"item-header\">\r\n\t\t\t\t\t\t\t\t<a href=\"https:\/\/e-shape.eu\/\" title=\"\" target='_blank'>\r\n\t\t\t\t\t\t\t\t<img class=\"menu-image-img\" src=\"https:\/\/www.mountainow.net\/wp-content\/uploads\/2017\/11\/eshape_black.png\" alt=\"\" \/>\r\n\t\t\t\t\t\t\t\t<\/a>\r\n\t\t\t\t\t\t\t<\/div>\r\n\t\t\t\t\t\t\t<a class=\"item-overlay\" href=\"https:\/\/e-shape.eu\/\" title=\"\" target='_blank'>\r\n\t\t\t\t\t\t\t<span class=\"item-content\">\r\n\t\t\t\t\t\t\t\t<h4 class=\"item-title\"><\/h4>\r\n\t\t\t\t\t\t\t\t<p class=\"item-desc\"><\/p>\r\n\t\t\t\t\t\t\t<\/span>\r\n\t\t\t\t\t\t\t<\/a>\r\n\t\t\t\t\t\t<\/div>\r\n\t\t\t\t\t\t\t\r\n\t\t\t\t\t\t\t\t\t\t\r\n\t\t\t\t\t\t<div class=\"carousel-item se-ccarousel-item\">\r\n\t\t\t\t\t\t\t<div class=\"item-header\">\r\n\t\t\t\t\t\t\t\t<a href=\"https:\/\/e-shape.eu\/\" title=\"\" target='_blank'>\r\n\t\t\t\t\t\t\t\t<img class=\"menu-image-img\" src=\"https:\/\/www.mountainow.net\/wp-content\/uploads\/2017\/11\/EU_big-300x38.png\" alt=\"\" \/>\r\n\t\t\t\t\t\t\t\t<\/a>\r\n\t\t\t\t\t\t\t<\/div>\r\n\t\t\t\t\t\t\t<a class=\"item-overlay\" href=\"https:\/\/e-shape.eu\/\" title=\"\" target='_blank'>\r\n\t\t\t\t\t\t\t<span class=\"item-content\">\r\n\t\t\t\t\t\t\t\t<h4 class=\"item-title\"><\/h4>\r\n\t\t\t\t\t\t\t\t<p class=\"item-desc\"><\/p>\r\n\t\t\t\t\t\t\t<\/span>\r\n\t\t\t\t\t\t\t<\/a>\r\n\t\t\t\t\t\t<\/div>\r\n\t\t\t\t\t\t\t\r\n\t\t\t\t        \r\n        <\/div><!-- .generic-carousel --><\/div><!-- .latest-post-carousel --><\/section>\t\t\t<\/aside>\n\t\t<\/div><\/div><\/div><\/div>","protected":false},"excerpt":{"rendered":"<p>Ratgeber &#8211; Beratungsstelle f\u00fcr Unfallverh\u00fctung MountaiNow &#8211; Safer Together Ratgeber Unfallverh\u00fctung &#8211; Beratungsstelle f\u00fcr Unfallverh\u00fctung (bfu) Bereit f\u00fcr den Berg? Draussen in der Natur. \u00dcber 24 000 Kilometer weiss-rot-weiss signalisierte Bergwanderwege. Ein vielleicht anstrengender Aufstieg. Aber oft fantastische Aussichten. Das zeichnen Bergwanderungen aus. Leider auch dies: J\u00e4hrlich verunfallen im Schnitt rund 20 000 Personen beim [&hellip;]<\/p>\n","protected":false},"author":1,"featured_media":598,"parent":1167,"menu_order":0,"comment_status":"closed","ping_status":"closed","template":"","meta":[],"_links":{"self":[{"href":"https:\/\/www.mountainow.net\/de\/wp-json\/wp\/v2\/pages\/1170"}],"collection":[{"href":"https:\/\/www.mountainow.net\/de\/wp-json\/wp\/v2\/pages"}],"about":[{"href":"https:\/\/www.mountainow.net\/de\/wp-json\/wp\/v2\/types\/page"}],"author":[{"embeddable":true,"href":"https:\/\/www.mountainow.net\/de\/wp-json\/wp\/v2\/users\/1"}],"replies":[{"embeddable":true,"href":"https:\/\/www.mountainow.net\/de\/wp-json\/wp\/v2\/comments?post=1170"}],"version-history":[{"count":11,"href":"https:\/\/www.mountainow.net\/de\/wp-json\/wp\/v2\/pages\/1170\/revisions"}],"predecessor-version":[{"id":2716,"href":"https:\/\/www.mountainow.net\/de\/wp-json\/wp\/v2\/pages\/1170\/revisions\/2716"}],"up":[{"embeddable":true,"href":"https:\/\/www.mountainow.net\/de\/wp-json\/wp\/v2\/pages\/1167"}],"wp:featuredmedia":[{"embeddable":true,"href":"https:\/\/www.mountainow.net\/de\/wp-json\/wp\/v2\/media\/598"}],"wp:attachment":[{"href":"https:\/\/www.mountainow.net\/de\/wp-json\/wp\/v2\/media?parent=1170"}],"curies":[{"name":"wp","href":"https:\/\/api.w.org\/{rel}","templated":true}]}}