{"id":1121,"date":"2017-11-29T17:31:53","date_gmt":"2017-11-29T17:31:53","guid":{"rendered":"http:\/\/website.mountainow.net\/?page_id=1121"},"modified":"2024-05-29T09:44:00","modified_gmt":"2024-05-29T09:44:00","slug":"tutorial-videos","status":"publish","type":"page","link":"https:\/\/www.mountainow.net\/de\/einfuehrung\/tutorial-videos\/","title":{"rendered":"Tutos und Videos"},"content":{"rendered":"<div id=\"pl-1121\"  class=\"panel-layout\" ><div id=\"pg-1121-0\"  class=\"panel-grid panel-has-style\" ><div class=\"hide-title no-content-margin wider-row page-layout panel-row-style panel-row-style-for-1121-0\" ><div id=\"pgc-1121-0-0\"  class=\"panel-grid-cell\" ><div id=\"panel-1121-0-0-0\" class=\"so-panel widget widget_sow-editor panel-first-child panel-last-child\" data-index=\"0\" ><div class=\"mountain-headline panel-widget-style panel-widget-style-for-1121-0-0-0\" ><div\n\t\t\t\n\t\t\tclass=\"so-widget-sow-editor so-widget-sow-editor-base\"\n\t\t\t\n\t\t>\n<div class=\"siteorigin-widget-tinymce textwidget\">\n\t<h1>Tutos und Videos<\/h1>\n<h3>MountaiNow - Safer Together<\/h3>\n<\/div>\n<\/div><\/div><\/div><\/div><\/div><\/div><div id=\"pg-1121-1\"  class=\"panel-grid panel-no-style\" ><div id=\"pgc-1121-1-0\"  class=\"panel-grid-cell\" ><div id=\"panel-1121-1-0-0\" class=\"so-panel widget widget_sow-editor panel-first-child panel-last-child\" data-index=\"1\" ><div class=\"orange panel-widget-style panel-widget-style-for-1121-1-0-0\" ><div\n\t\t\t\n\t\t\tclass=\"so-widget-sow-editor so-widget-sow-editor-base\"\n\t\t\t\n\t\t>\n<div class=\"siteorigin-widget-tinymce textwidget\">\n\t<p><a href=\"https:\/\/www.youtube.com\/watch?v=pAGLxxdMGhA\" target=\"_blank\" rel=\"noopener\"><strong>1 - Wie nehme ich einen GPS-Track auf ?<\/strong><\/a><br \/>\n<a href=\"https:\/\/www.youtube.com\/watch?v=CgXxtVPXwhg\" target=\"_blank\" rel=\"noopener\"><strong>2 - Wie f\u00fcge ich eine Beobachtung hinzu - mit der Kamera ?<\/strong><\/a><br \/>\n<a href=\"https:\/\/www.youtube.com\/watch?v=UQSNV8X6sh0\" target=\"_blank\" rel=\"noopener\"><strong>3 - Wie f\u00fcge ich eine Beobachtung hinzu - aus der Galerie ?<\/strong><\/a><br \/>\n<a href=\"https:\/\/www.youtube.com\/watch?v=oR3M4JdgkHw\" target=\"_blank\" rel=\"noopener\"><strong>4 - Wie Bergverh\u00e4ltnisse einholen ?<\/strong><\/a><br \/>\n<a href=\"https:\/\/www.youtube.com\/watch?v=wnIBz0rPOp8\" target=\"_blank\" rel=\"noopener\"><strong>6 - Wie einen Trackkomentar hinzuf\u00fcgen ? <\/strong><strong><span style=\"color: #dd3333;\">NEW<\/span><\/strong><\/a><\/p>\n<h3 style=\"text-align: center;\">1 - Wie nehme ich einen GPS-Track auf ?<\/h3>\n<p><iframe loading=\"lazy\" src=\"https:\/\/www.youtube.com\/embed\/pAGLxxdMGhA\" width=\"560\" height=\"315\" frameborder=\"0\" allowfullscreen=\"allowfullscreen\"><\/iframe><\/p>\n<h3 style=\"text-align: center;\">2 - Wie f\u00fcge ich eine Beobachtung hinzu - mit der Kamera ?<\/h3>\n<p><iframe loading=\"lazy\" src=\"https:\/\/www.youtube.com\/embed\/CgXxtVPXwhg\" width=\"560\" height=\"315\" frameborder=\"0\" allowfullscreen=\"allowfullscreen\"><\/iframe><\/p>\n<h3 style=\"text-align: center;\">3 - Wie f\u00fcge ich eine Beobachtung hinzu - aus der Galerie ?<\/h3>\n<p><iframe loading=\"lazy\" src=\"https:\/\/www.youtube.com\/embed\/UQSNV8X6sh0\" width=\"560\" height=\"315\" frameborder=\"0\" allowfullscreen=\"allowfullscreen\"><\/iframe><\/p>\n<h3 style=\"text-align: center;\">4 - Wie Bergverh\u00e4ltnisse einholen ?<\/h3>\n<p><iframe loading=\"lazy\" title=\"YouTube video player\" src=\"https:\/\/www.youtube.com\/embed\/oR3M4JdgkHw\" width=\"560\" height=\"315\" frameborder=\"0\" allowfullscreen=\"allowfullscreen\"><\/iframe><\/p>\n<h3 style=\"text-align: center;\">5 - Wie einen Trackkomentar hinzuf\u00fcgen ? <strong><span style=\"color: #dd3333;\">NEW<\/span><\/strong><\/h3>\n<p><iframe loading=\"lazy\" title=\"YouTube video player\" src=\"https:\/\/www.youtube.com\/embed\/wnIBz0rPOp8?si=onxvkdwcnrPsHvar\" width=\"560\" height=\"315\" frameborder=\"0\" allowfullscreen=\"allowfullscreen\"><\/iframe><\/p>\n<\/div>\n<\/div><\/div><\/div><\/div><div id=\"pgc-1121-1-1\"  class=\"panel-grid-cell\" ><div id=\"panel-1121-1-1-0\" class=\"so-panel widget widget_sow-editor panel-first-child panel-last-child\" data-index=\"2\" ><div class=\"orange panel-widget-style panel-widget-style-for-1121-1-1-0\" ><div\n\t\t\t\n\t\t\tclass=\"so-widget-sow-editor so-widget-sow-editor-base\"\n\t\t\t\n\t\t>\n<div class=\"siteorigin-widget-tinymce textwidget\">\n\t<p><a href=\"https:\/\/www.youtube.com\/watch?v=i8JXyzpYQfE\" target=\"_blank\" rel=\"noopener\"><strong>6 - Wie News \u00fcber deine Lieblingsregionen erhalten ?<\/strong><\/a><br \/>\n<a href=\"https:\/\/www.youtube.com\/watch?v=-3m39Na2yrc\" target=\"_blank\" rel=\"noopener\"><strong>7 - Wie einen bestehenden Track projizieren ?<\/strong><\/a><br \/>\n<a href=\"https:\/\/www.youtube.com\/watch?v=G_NNqqChRRo\" target=\"_blank\" rel=\"noopener\"><strong>8 - Alles \u00fcber Schnee! <\/strong><strong><span style=\"color: #dd3333;\">NEW<\/span><\/strong><\/a><br \/>\n<a href=\"https:\/\/www.youtube.com\/watch?v=8VGIkPGmTsE\" target=\"_blank\" rel=\"noopener\"><strong>9 - Wie filtern, um direkt auf den Punkt zu kommen ? <\/strong><strong><span style=\"color: #dd3333;\">NEW<\/span><\/strong><\/a><br \/>\n<a href=\"https:\/\/www.youtube.com\/watch?v=8-GlmhjP5wU\" target=\"_blank\" rel=\"noopener\"><strong>10 - Wie off-line auf Karten, Tracks und Beobachtungen zugreifen ? <\/strong><strong><span style=\"color: #dd3333;\">NEW<\/span><\/strong><\/a><\/p>\n<h3 style=\"text-align: center;\">6 - Wie News \u00fcber deine Lieblingsregionen erhalten ?<\/h3>\n<p><iframe loading=\"lazy\" title=\"YouTube video player\" src=\"https:\/\/www.youtube.com\/embed\/i8JXyzpYQfE\" width=\"560\" height=\"315\" frameborder=\"0\" allowfullscreen=\"allowfullscreen\"><\/iframe><\/p>\n<h3 style=\"text-align: center;\">7 - Wie einen bestehenden Track projizieren ?<\/h3>\n<p><iframe loading=\"lazy\" title=\"YouTube video player\" src=\"https:\/\/www.youtube.com\/embed\/-3m39Na2yrc\" width=\"560\" height=\"315\" frameborder=\"0\" allowfullscreen=\"allowfullscreen\"><\/iframe><\/p>\n<h3 style=\"text-align: center;\">8 - Alles \u00fcber Schnee! <strong><span style=\"color: #dd3333;\">NEW<\/span><\/strong><\/h3>\n<p><iframe loading=\"lazy\" title=\"YouTube video player\" src=\"https:\/\/www.youtube.com\/embed\/G_NNqqChRRo\" width=\"560\" height=\"315\" frameborder=\"0\" allowfullscreen=\"allowfullscreen\"><\/iframe><\/p>\n<h3 style=\"text-align: center;\">9 - Wie filtern, um direkt auf den Punkt zu kommen ? <strong><span style=\"color: #dd3333;\">NEW<\/span><\/strong><\/h3>\n<p><iframe loading=\"lazy\" title=\"YouTube video player\" src=\"https:\/\/www.youtube.com\/embed\/8VGIkPGmTsE?si=RApcoQf1WrsIoQrX\" width=\"560\" height=\"315\" frameborder=\"0\" allowfullscreen=\"allowfullscreen\"><\/iframe><\/p>\n<h3 style=\"text-align: center;\">10 - Karten, Tracks und Beobachtungen zugreifen ? <strong><span style=\"color: #dd3333;\">NEW<\/span><\/strong><\/h3>\n<p><iframe loading=\"lazy\" title=\"YouTube video player\" src=\"https:\/\/www.youtube.com\/embed\/8-GlmhjP5wU?si=-LmvWawcQIiUcmZZ\" width=\"560\" height=\"315\" frameborder=\"0\" allowfullscreen=\"allowfullscreen\"><\/iframe><\/p>\n<\/div>\n<\/div><\/div><\/div><\/div><\/div><\/div>","protected":false},"excerpt":{"rendered":"<p>Tutos und Videos MountaiNow &#8211; Safer Together 1 &#8211; Wie nehme ich einen GPS-Track auf ? 2 &#8211; Wie f\u00fcge ich eine Beobachtung hinzu &#8211; mit der Kamera ? 3 &#8211; Wie f\u00fcge ich eine Beobachtung hinzu &#8211; aus der Galerie ? 4 &#8211; Wie Bergverh\u00e4ltnisse einholen ? 6 &#8211; Wie einen Trackkomentar hinzuf\u00fcgen ? [&hellip;]<\/p>\n","protected":false},"author":1,"featured_media":374,"parent":1111,"menu_order":0,"comment_status":"closed","ping_status":"closed","template":"","meta":[],"_links":{"self":[{"href":"https:\/\/www.mountainow.net\/de\/wp-json\/wp\/v2\/pages\/1121"}],"collection":[{"href":"https:\/\/www.mountainow.net\/de\/wp-json\/wp\/v2\/pages"}],"about":[{"href":"https:\/\/www.mountainow.net\/de\/wp-json\/wp\/v2\/types\/page"}],"author":[{"embeddable":true,"href":"https:\/\/www.mountainow.net\/de\/wp-json\/wp\/v2\/users\/1"}],"replies":[{"embeddable":true,"href":"https:\/\/www.mountainow.net\/de\/wp-json\/wp\/v2\/comments?post=1121"}],"version-history":[{"count":56,"href":"https:\/\/www.mountainow.net\/de\/wp-json\/wp\/v2\/pages\/1121\/revisions"}],"predecessor-version":[{"id":8418,"href":"https:\/\/www.mountainow.net\/de\/wp-json\/wp\/v2\/pages\/1121\/revisions\/8418"}],"up":[{"embeddable":true,"href":"https:\/\/www.mountainow.net\/de\/wp-json\/wp\/v2\/pages\/1111"}],"wp:featuredmedia":[{"embeddable":true,"href":"https:\/\/www.mountainow.net\/de\/wp-json\/wp\/v2\/media\/374"}],"wp:attachment":[{"href":"https:\/\/www.mountainow.net\/de\/wp-json\/wp\/v2\/media?parent=1121"}],"curies":[{"name":"wp","href":"https:\/\/api.w.org\/{rel}","templated":true}]}}